{"id":16622,"date":"2016-04-08T15:58:19","date_gmt":"2016-04-08T13:58:19","guid":{"rendered":"http:\/\/www.affittolugano.ch\/wp\/?page_id=16622"},"modified":"2017-03-15T22:57:27","modified_gmt":"2017-03-15T21:57:27","slug":"arbeiten-in-lugano","status":"publish","type":"page","link":"https:\/\/www.affittolugano.ch\/de\/arbeiten-in-lugano\/","title":{"rendered":"arbeiten in Lugano"},"content":{"rendered":"<p>[vc_row css_animation=&#8220;&#8220; row_type=&#8220;row&#8220; use_row_as_full_screen_section=&#8220;no&#8220; type=&#8220;grid&#8220; angled_section=&#8220;no&#8220; text_align=&#8220;center&#8220; background_image_as_pattern=&#8220;without_pattern&#8220; background_color=&#8220;#ffffff&#8220;][vc_column][vc_empty_space height=&#8220;45px&#8220;][vc_column_text]<\/p>\n<h1 style=\"text-align: center;\">Job Tessin<\/h1>\n<p>[\/vc_column_text][vc_separator type=&#8220;transparent&#8220; up=&#8220;30&#8243; down=&#8220;0&#8243;][vc_column_text]<\/p>\n<h2 style=\"text-align: center;\"><strong>In der Schweiz arbeiten und wohnen<\/strong><\/h2>\n<p>[\/vc_column_text][vc_separator type=&#8220;transparent&#8220; up=&#8220;20&#8243; down=&#8220;0&#8243;][vc_column_text]<\/p>\n<h4 style=\"text-align: center;\">Arbeiten in Lugano<\/h4>\n<p>[\/vc_column_text][vc_separator type=&#8220;transparent&#8220; up=&#8220;20&#8243; down=&#8220;0&#8243;][vc_row_inner row_type=&#8220;row&#8220; type=&#8220;full_width&#8220; text_align=&#8220;left&#8220; css_animation=&#8220;&#8220;][vc_column_inner width=&#8220;1\/2&#8243;][vc_column_text]Sie haben einen Job in Lugano oder Tessin gefunden und brauchen eine Unterkunft?\u00a0Das Aparthotel La Residenza ist die ideale L\u00f6sung.[\/vc_column_text][vc_separator type=&#8220;transparent&#8220; up=&#8220;20&#8243; down=&#8220;0&#8243;][vc_single_image image=&#8220;16878&#8243; img_size=&#8220;full&#8220; alignment=&#8220;center&#8220; qode_css_animation=&#8220;&#8220;][\/vc_column_inner][vc_column_inner width=&#8220;1\/2&#8243;][vc_column_text]Sie suchen einen Job in Tessin und wollen keine Gelegenheit verpassen?\u00a0Das Aparthotel La Residenza ist die ideale L\u00f6sung.[\/vc_column_text][vc_separator type=&#8220;transparent&#8220; up=&#8220;20&#8243; down=&#8220;0&#8243;][vc_single_image image=&#8220;16880&#8243; img_size=&#8220;full&#8220; alignment=&#8220;center&#8220; qode_css_animation=&#8220;&#8220;][\/vc_column_inner][\/vc_row_inner][vc_separator type=&#8220;transparent&#8220; up=&#8220;45&#8243; down=&#8220;0&#8243;][vc_column_text]<\/p>\n<p style=\"text-align: left;\">Ihr Unternehmen besch\u00e4ftigt Manager im Rahmen von befristeten Job Tessin oder Job Lugano?<\/p>\n<p style=\"text-align: left;\">Das Residence La Residenza ist die ideale L\u00f6sung.<\/p>\n<p style=\"text-align: left;\">Sie m\u00f6chten im Kanton Tessin eine neue T\u00e4tigkeit anfangen und ben\u00f6tigen f\u00fcr eine gewisse Zeit eine Unterkunft, damit Sie Ihr Job Tessin organisieren k\u00f6nnen?<\/p>\n<p style=\"text-align: left;\">Das Residence La Residenza ist die ideale L\u00f6sung.<\/p>\n<p style=\"text-align: left;\"><strong>Aparthotel La Residenza &#8211; 37 Einzimmerwohnungen, nur wenige Schritte vom See entfernt. Die ideale L\u00f6sung f\u00fcr alle, die aus beruflichen Gr\u00fcnden eine Unterkunft in Lugano suchen.<\/strong><\/p>\n<p>[\/vc_column_text][vc_empty_space height=&#8220;45px&#8220;][vc_empty_space height=&#8220;45px&#8220;][\/vc_column][\/vc_row][vc_row row_type=&#8220;parallax&#8220; parallax_content_width=&#8220;in_grid&#8220; text_align=&#8220;center&#8220; background_image=&#8220;22233&#8243; full_screen_section_height=&#8220;no&#8220; section_height=&#8220;400&#8243;][vc_column][\/vc_column][\/vc_row][vc_row css_animation=&#8220;&#8220; row_type=&#8220;row&#8220; use_row_as_full_screen_section=&#8220;no&#8220; type=&#8220;full_width&#8220; angled_section=&#8220;no&#8220; text_align=&#8220;left&#8220; background_image_as_pattern=&#8220;without_pattern&#8220;][vc_column][vc_separator type=&#8220;normal&#8220; up=&#8220;0&#8243; down=&#8220;0&#8243;][\/vc_column][\/vc_row][vc_row css_animation=&#8220;&#8220; row_type=&#8220;row&#8220; use_row_as_full_screen_section=&#8220;no&#8220; type=&#8220;grid&#8220; angled_section=&#8220;no&#8220; text_align=&#8220;left&#8220; background_image_as_pattern=&#8220;without_pattern&#8220; background_color=&#8220;#ffffff&#8220; padding_top=&#8220;80&#8243; el_class=&#8220;team_hover_color&#8220;][vc_column][vc_row_inner row_type=&#8220;row&#8220; type=&#8220;full_width&#8220; text_align=&#8220;left&#8220; padding_bottom=&#8220;50&#8243; css_animation=&#8220;&#8220;][vc_column_inner][vc_column_text]<\/p>\n<h4 style=\"text-align: center;\">Job Tessin<\/h4>\n<p>[\/vc_column_text][vc_separator type=&#8220;transparent&#8220; up=&#8220;20&#8243; down=&#8220;0&#8243;][vc_column_text]Job Tessin und Tessin Job sind Begriffe, die in allen Jobinseraten des Kantons Tessin enthalten sind. Es handelt sich aber um mehr als ein simples Kennzeichen: eine Anlaufstelle f\u00fcr viele Arbeitnehmer in der Schweiz und im Ausland. Job Tessin bedeutet nicht nur Arbeit, sondern es bietet vielmehr die M\u00f6glichkeit optimaler Lebensqualit\u00e4t.<\/p>\n<p>&nbsp;<\/p>\n<p>Ein Job in der Gegend von Lugano ist immer ein Meilenstein, denn diese Region wartet mit bezaubernden Orten auf. Ein Tessin Job entspricht somit auch der Chance, in der unvergleichlich sch\u00f6nen Stadt Lugano zu leben.<\/p>\n<p>&nbsp;<\/p>\n<p>Es ist wie auch immer schwer, eine neue Arbeit aufzunehmen und die perfekte L\u00f6sung f\u00fcr sich und die Familie zu finden. Ein guter Job ist zweifellos eine grosse Gelegenheit. Im Rahmen der Unterkunft wird die Angelegenheit immer etwas problematisch und geht manchmal mit einem Umzug, Kosten und unvorhergesehenen Sachverhalten einher.<\/p>\n<p>&nbsp;<\/p>\n<p>Ein Aufenthalt in einem Aparthotel kann zweifelsohne die ideale L\u00f6sung darstellen. Hierdurch k\u00f6nnen Sie feststellen, ob Sie sich in Lugano definitiv niederlassen m\u00f6chten und sich die Zeit nehmen, die f\u00fcr die richtige Unterkunftsentscheidung erforderlich ist. \u00a0 Des Weiteren ist ein befristeter Aufenthalt im Residence La Residenza auch die ideale L\u00f6sung, wenn Sie einen Job in Tessin suchen, denn dadurch k\u00f6nnen Sie alle Vorstellungsgespr\u00e4che im Kanton Ticino optimal einteilen.<\/p>\n<p>&nbsp;<\/p>\n<p>Viele Inserate betreffend einen Tessin Job k\u00f6nnen besser genutzt werden, wenn Sie \u00fcber eine Anschrift in der Gegend verf\u00fcgen, was Ihnen aber auch die Gelegenheit gibt, jederzeit an den verschiedenen Vorstellungsgespr\u00e4chen teilzunehmen, wobei Sie unter anderem bequem die \u00f6ffentlichen Verkehrsmittel von Lugano nutzen k\u00f6nnen.<\/p>\n<p>&nbsp;<\/p>\n<p>La Residenza ist die ideale L\u00f6sung, um sich mit der Gegend und dem Stadtviertel Castagnola, einem der begehrtesten Wohnviertel Luganos, vertraut zu machen &#8211; mitten im Gr\u00fcnen, mit einem breit gef\u00e4cherten Angebot an kulturellen und sportlichen Einrichtungen, nur wenige Schritte vom Stadtzentrum entfernt.<\/p>\n<p>&nbsp;<\/p>\n<p>Das Aparthotel mit sch\u00f6nen Zimmern, einige davon erst k\u00fcrzlich ausgebaut und mit Kochnische versehen, befindet sich im unmittelbaren Umfeld des Luganersee bzw. nur eine H\u00e4userreihe davon entfernt. Verschiedene Zimmer\/Appartements bieten \u00fcberdies eine herrliche Panoramaaussicht.<\/p>\n<p>&nbsp;<\/p>\n<p>Das Aparthotel hat f\u00fcr das Fr\u00fchst\u00fcck mit der angrenzenden Konditorei eine Vereinbarung getroffen und verf\u00fcgt am Tag \u00fcber einen Pf\u00f6rtnerservice und einen Kundendienst, der in Notf\u00e4llen rund um die Uhr f\u00fcr Sie da ist. Die Bett- und Frotteew\u00e4sche wird einmal pro Woche gewechselt. Die perfekte L\u00f6sung f\u00fcr alle, die \u00fcber einen Tessin Job verf\u00fcgen und wenig Zeit haben, sich um diese Angelegenheiten zu k\u00fcmmern. Die Gemeinschaftsbereiche des Aparthotels werden jeden Tag gereinigt.<\/p>\n<p>&nbsp;<\/p>\n<p>Alle 37 Zimmer\/Appartements sind mit einem DSL-Anschluss und Kabelfernsehen mit 30 Kan\u00e4len ausgestattet, damit Sie sich nach einem langen Arbeitstag oder Vorstellungsgespr\u00e4chen bequem ausruhen k\u00f6nnen. Das Aparthotel bietet sehr vorteilhafte Mietpreise. Die Zimmer\/Appartements k\u00f6nnen auch nur f\u00fcr die Dauer von drei Monaten gemietet werden.<\/p>\n<p>&nbsp;<\/p>\n<p>Aus diesen Gr\u00fcnden ist La Residenza in Lugano die perfekte Wahl f\u00fcr alle, die im Tessin oder in Lugano im Rahmen von Job Tessin oder Job Lugano Arbeit suchen, aber auch f\u00fcr Unternehmen, die Funktion\u00e4re oder Manager befristet besch\u00e4ftigen.<\/p>\n<p>&nbsp;<\/p>\n<p>In letzter Zeit wurden Unternehmen sehr gef\u00f6rdert und unterst\u00fctzt, die neben Arbeitsstellen auch Schulungen oder Weiterbildungskurse f\u00fcr Manager oder Hochschulabg\u00e4nger durchf\u00fchren, Personen also, die einen Job in Tessin oder einen Job Lugano m\u00f6chten. Aus diesem Grund kann sich die kurzfristige Miete als perfekte L\u00f6sung erweisen, um die besagten Kurse zu besuchen, die darauf zielen, einen Job in Tessin zu bekommen.<\/p>\n<p>&nbsp;<\/p>\n<p>Des Weiteren hat der Kanton Massnahmen ergriffen, die die Niederlassung von neuen Unternehmen im Rahmen der Schaffung neuer Arbeitspl\u00e4tze im Tessin erleichtern. Somit kann sich der kurzfristige Aufenthalt in der Stadt Lugano zu g\u00fcnstigen Preisen f\u00fcr eine Unternehmensgr\u00fcndung als wesentlich erweisen.<\/p>\n<p>&nbsp;<\/p>\n<p>Es gibt viele Arbeitsvermittlungsstellen, die im Rahmen von Tessin Job und Job Tessin t\u00e4tig sind. Heute besteht auch die M\u00f6glichkeit, sich per Internet \u00fcber die Sektoren zu informieren, die in Lugano und im Tessin am ehesten Personalmangel haben. Der Bank- und Dienstleistungssektor im Allgemeinen, die Bereiche Tourismus und Aufnahmestrukturen sind jedenfalls Branchen, die im Tessin Job am ehesten pr\u00e4sent sind, Branchen, die Mobilit\u00e4t erfordern<\/p>\n<p>&nbsp;<\/p>\n<p>La Residenza erm\u00f6glicht einen komfortablen und einladenden Aufenthalt in einem famili\u00e4ren, professionellen Ambiente mit maximaler Diskretion f\u00fcr alle, die sich aus beruflichen Gr\u00fcnden in Lugano aufhalten und sowohl auf der Suche nach einem neuen Job sind als auch einer Unterkunft bed\u00fcrfen, nachdem sie einen Job in Lugano oder einen Job in Tessin gefunden haben.<\/p>\n<p>&nbsp;<\/p>\n<p>Der Aufenthalt in Lugano aus Job-Gr\u00fcnden will aber nicht heissen, die gesamte Zeit mit Arbeit ausgelastet zu sein. Lugano ist ein Urlaubsort und Ziel des internationalen Tourismus. Die Stadt bietet viele qualitativ hochwertige Standarddienstleistungen im Rahmen der \u00f6ffentlichen Verkehrs- und Transportmittel sowie Verbindungen (Bahnhof, Flughafen, Drahtseilbahnen und Busse), aber auch des Kulturangebots (Museen, Ausstellungen und kulturelle Anl\u00e4sse), der Entspannung und Freizeitaktivit\u00e4ten (zwei Tennisclubs, ein Golfclub, Strandbad und Casino), der landschaftlichen Sch\u00f6nheit (herrliche Spazierg\u00e4nge in den Parks und Gr\u00fcnanlagen, Exkursionen auf die H\u00fcgel und Berge).<\/p>\n<p>&nbsp;<\/p>\n<p>Das Aparthotel La Residenza liegt in der N\u00e4he all dieser Dienstleistungen und Freizeitm\u00f6glichkeiten und hat \u00fcberdies mit dem Strandbad eine Vereinbarung getroffen.<\/p>\n<p>&nbsp;<\/p>\n<p>Alle, die La Residenza als Ort gew\u00e4hlt haben, von dem aus sie ihren Job in Tessin antreten m\u00f6chten, haben somit drei Vorteile auf einen Schlag: Job, Unterhaltung und ein entspannendes, komfortables Heim in famili\u00e4rem Ambiente. Hier stehen Gastfreundschaft, Professionalit\u00e4t, Hygiene, Sauberkeit und Sicherheit an erster Stelle, damit Ihr Arbeitsaufenthalt zu einer angenehmen Erinnerung wird.[\/vc_column_text][vc_separator type=&#8220;transparent&#8220; up=&#8220;20&#8243; down=&#8220;0&#8243;][\/vc_column_inner][\/vc_row_inner][vc_empty_space height=&#8220;65px&#8220;][vc_empty_space height=&#8220;45px&#8220;][\/vc_column][\/vc_row]<\/p>\n","protected":false},"excerpt":{"rendered":"<p>[vc_row css_animation=&#8220;&#8220; row_type=&#8220;row&#8220; use_row_as_full_screen_section=&#8220;no&#8220; type=&#8220;grid&#8220; angled_section=&#8220;no&#8220; text_align=&#8220;center&#8220; background_image_as_pattern=&#8220;without_pattern&#8220; background_color=&#8220;#ffffff&#8220;][vc_column][vc_empty_space height=&#8220;45px&#8220;][vc_column_text] Job Tessin [\/vc_column_text][vc_separator type=&#8220;transparent&#8220; up=&#8220;30&#8243; down=&#8220;0&#8243;][vc_column_text] In der Schweiz arbeiten und wohnen [\/vc_column_text][vc_separator type=&#8220;transparent&#8220; up=&#8220;20&#8243; down=&#8220;0&#8243;][vc_column_text] Arbeiten in Lugano [\/vc_column_text][vc_separator type=&#8220;transparent&#8220; up=&#8220;20&#8243; down=&#8220;0&#8243;][vc_row_inner row_type=&#8220;row&#8220; type=&#8220;full_width&#8220; text_align=&#8220;left&#8220; css_animation=&#8220;&#8220;][vc_column_inner width=&#8220;1\/2&#8243;][vc_column_text]Sie haben einen Job in Lugano oder Tessin&#8230;<\/p>\n","protected":false},"author":1,"featured_media":0,"parent":0,"menu_order":0,"comment_status":"closed","ping_status":"closed","template":"full_width.php","meta":[],"_links":{"self":[{"href":"https:\/\/www.affittolugano.ch\/de\/wp-json\/wp\/v2\/pages\/16622"}],"collection":[{"href":"https:\/\/www.affittolugano.ch\/de\/wp-json\/wp\/v2\/pages"}],"about":[{"href":"https:\/\/www.affittolugano.ch\/de\/wp-json\/wp\/v2\/types\/page"}],"author":[{"embeddable":true,"href":"https:\/\/www.affittolugano.ch\/de\/wp-json\/wp\/v2\/users\/1"}],"replies":[{"embeddable":true,"href":"https:\/\/www.affittolugano.ch\/de\/wp-json\/wp\/v2\/comments?post=16622"}],"version-history":[{"count":0,"href":"https:\/\/www.affittolugano.ch\/de\/wp-json\/wp\/v2\/pages\/16622\/revisions"}],"wp:attachment":[{"href":"https:\/\/www.affittolugano.ch\/de\/wp-json\/wp\/v2\/media?parent=16622"}],"curies":[{"name":"wp","href":"https:\/\/api.w.org\/{rel}","templated":true}]}}