{"id":16630,"date":"2016-04-08T15:59:33","date_gmt":"2016-04-08T13:59:33","guid":{"rendered":"http:\/\/www.affittolugano.ch\/wp\/?page_id=16630"},"modified":"2020-08-07T16:14:35","modified_gmt":"2020-08-07T14:14:35","slug":"wohnungen-in-lugano","status":"publish","type":"page","link":"https:\/\/www.affittolugano.ch\/de\/wohnungen-in-lugano\/","title":{"rendered":"wohnungen-in-lugano"},"content":{"rendered":"<p>[vc_row css_animation=&#8220;&#8220; row_type=&#8220;row&#8220; use_row_as_full_screen_section=&#8220;no&#8220; type=&#8220;full_width&#8220; angled_section=&#8220;no&#8220; text_align=&#8220;center&#8220; background_image_as_pattern=&#8220;without_pattern&#8220; background_color=&#8220;#ffffff&#8220;][vc_column][vc_row_inner row_type=&#8220;row&#8220; type=&#8220;grid&#8220; text_align=&#8220;left&#8220; padding_top=&#8220;85&#8243; padding_bottom=&#8220;0&#8243; css_animation=&#8220;&#8220;][vc_column_inner][vc_column_text]<\/p>\n<h1 style=\"text-align: center;\">In Lugano: Aparthotel und Vermietung von Zimmern<\/h1>\n<p>[\/vc_column_text][vc_separator type=&#8220;transparent&#8220; up=&#8220;20&#8243; down=&#8220;0&#8243;][vc_column_text]<\/p>\n<h2 style=\"text-align: center;\">Aparthotel La Residenza, Lugano, Tessin (Schweiz)<\/h2>\n<p>[\/vc_column_text][vc_separator type=&#8220;transparent&#8220; up=&#8220;30&#8243; down=&#8220;0&#8243;][vc_column_text]<\/p>\n<h5 style=\"text-align: center;\">Aparthotel La Residenza: mehr als eine Mietwohnung im Tessin.<\/h5>\n<p>[\/vc_column_text][vc_separator type=&#8220;transparent&#8220; up=&#8220;87&#8243; down=&#8220;0&#8243;][\/vc_column_inner][\/vc_row_inner][vc_row_inner row_type=&#8220;row&#8220; type=&#8220;grid&#8220; text_align=&#8220;left&#8220; css_animation=&#8220;&#8220;][vc_column_inner width=&#8220;1\/2&#8243;][vc_separator type=&#8220;transparent&#8220; up=&#8220;65&#8243; down=&#8220;0&#8243;][vc_column_text]Das Leben im Kanton Tessin ist, so bekr\u00e4ftigen die Tessiner, wunderbar: &#8222;Eine kleine Region mit grossem Stil&#8220;, heisst das Motto.[\/vc_column_text][vc_separator type=&#8220;transparent&#8220; up=&#8220;20&#8243; down=&#8220;0&#8243;][vc_separator type=&#8220;transparent&#8220; up=&#8220;20&#8243; down=&#8220;0&#8243;][vc_column_text]Es gibt zwar Mietwohnungen im Tessin &#8211; ein beliebtes Ziel, wodurch die Kosten den Traum einer Mietwohnung oft austr\u00e4umen lassen.\u00a0<strong>Eine einfache, bequeme und g\u00fcnstige L\u00f6sung<\/strong>\u00a0ist hingegen die Miete eines Zimmers\/Appartements im Aparthotel La Residenza.[\/vc_column_text][vc_separator type=&#8220;transparent&#8220; up=&#8220;87&#8243; down=&#8220;0&#8243;][vc_separator type=&#8220;transparent&#8220; up=&#8220;125&#8243; down=&#8220;0&#8243;][vc_column_text]Eine Methode, um zu erfahren, ob Sie die richtige Entscheidung getroffen haben, im Tessin zu wohnen. Eine Tuchf\u00fchlung mit der Region, sozusagen, ohne langfristige Verpflichtungen mit regelm\u00e4ssigen Zahlungen f\u00fcr eine\u00a0<strong>Wohnungsmiete<\/strong>. La Residenza in Lugano ist die perfekte L\u00f6sung f\u00fcr die Entdeckung des Tessins, denn die Struktur befindet sich mitten im Wohnviertel Castagnola, einem der exklusivsten Stadtviertel von Lugano, nur wenige Schritte vom See entfernt. Mit jedem Komfort ausgestattet, bietet die Residence Diskretion und Sicherheit, die ein angenehmes Leben und Ruhe gew\u00e4hrleisten, beispielsweise durch den Pf\u00f6rtnerservice am Tag und den Kundendienst, der Sie in Notf\u00e4llen rund um die Uhr betreut.[\/vc_column_text][vc_separator type=&#8220;transparent&#8220; up=&#8220;87&#8243; down=&#8220;0&#8243;][\/vc_column_inner][vc_column_inner width=&#8220;1\/2&#8243;][vc_single_image image=&#8220;16864&#8243; img_size=&#8220;full&#8220; alignment=&#8220;center&#8220; qode_css_animation=&#8220;&#8220;][vc_separator type=&#8220;transparent&#8220; up=&#8220;87&#8243; down=&#8220;0&#8243;][vc_single_image image=&#8220;16863&#8243; img_size=&#8220;full&#8220; alignment=&#8220;center&#8220; qode_css_animation=&#8220;&#8220;][\/vc_column_inner][\/vc_row_inner][vc_empty_space height=&#8220;65px&#8220;][vc_empty_space height=&#8220;45px&#8220;][\/vc_column][\/vc_row][vc_row row_type=&#8220;parallax&#8220; parallax_content_width=&#8220;in_grid&#8220; text_align=&#8220;center&#8220; background_image=&#8220;22210&#8243; full_screen_section_height=&#8220;no&#8220; section_height=&#8220;400&#8243;][vc_column][\/vc_column][\/vc_row][vc_row css_animation=&#8220;&#8220; row_type=&#8220;row&#8220; use_row_as_full_screen_section=&#8220;no&#8220; type=&#8220;full_width&#8220; angled_section=&#8220;no&#8220; text_align=&#8220;left&#8220; background_image_as_pattern=&#8220;without_pattern&#8220;][vc_column][vc_separator type=&#8220;normal&#8220; up=&#8220;0&#8243; down=&#8220;0&#8243;][\/vc_column][\/vc_row][vc_row css_animation=&#8220;&#8220; row_type=&#8220;row&#8220; use_row_as_full_screen_section=&#8220;no&#8220; type=&#8220;grid&#8220; angled_section=&#8220;no&#8220; text_align=&#8220;left&#8220; background_image_as_pattern=&#8220;without_pattern&#8220; background_color=&#8220;#ffffff&#8220; padding_top=&#8220;80&#8243; el_class=&#8220;team_hover_color&#8220;][vc_column][vc_row_inner row_type=&#8220;row&#8220; type=&#8220;full_width&#8220; text_align=&#8220;left&#8220; padding_bottom=&#8220;50&#8243; css_animation=&#8220;&#8220;][vc_column_inner][vc_separator type=&#8220;transparent&#8220; up=&#8220;20&#8243; down=&#8220;0&#8243;][vc_single_image image=&#8220;16865&#8243; img_size=&#8220;full&#8220; alignment=&#8220;center&#8220; qode_css_animation=&#8220;&#8220;][vc_separator type=&#8220;transparent&#8220; up=&#8220;32&#8243; down=&#8220;0&#8243;][vc_column_text]Die sch\u00f6nen Zimmer,\u00a0<strong>einige davon mit Kochnische ausgestattet<\/strong>, andere hingegen mit\u00a0<strong>Blick auf den See<\/strong>, werden jeweils\u00a0<strong>f\u00fcr mindestens drei Monate vermietet. Es ist wie auch immer m\u00f6glich, geringere Mietdauern zu vereinbaren.<\/strong><\/p>\n<p>&nbsp;<\/p>\n<p>Bewohnen Sie f\u00fcr ein paar Monate ein\u00a0<strong>Zimmer oder Appartement in unserem Aparthotel<\/strong>\u00a0und entdecken Sie, ob Ihnen das\u00a0<strong>Tessin<\/strong>\u00a0zusagt, denn niemand wird Ihnen kurzfristig bzw. nur f\u00fcr drei Monate eine Wohnung oder ein Haus vermieten.\u00a0<strong><em>La Residenza<\/em><\/strong>\u00a0bietet hingegen Zimmer\/Appartements f\u00fcr kurze Zeitdauern, damit Sie sich optimal f\u00fcr ein Leben in Lugano oder im Tessin organisieren k\u00f6nnen.<\/p>\n<p>&nbsp;<\/p>\n<p>Die folgende Volksweisheit sagt uns treffend, weshalb eine Mietwohnung im Tessin so vielversprechend ist: &#8222;Die Sterne h\u00e4ufen sich des Nachts am Himmelsgew\u00f6lbe und lassen ein Pl\u00e4tzchen finden, von wo aus das Tessin bewundert werden kann.&#8220; Das Tessin ist der s\u00fcdlichste Kanton der Schweiz. Die sch\u00f6ne Jahreszeit ist hier immer zu Hause. Die Sommerzeit beginnt fr\u00fch und endet sp\u00e4t. Ein Klima also, das f\u00fcr die Miete eines Zimmers\/Appartements im Aparthotel<strong>\u00a0La Residenza<\/strong>\u00a0von Lugano spricht.<\/p>\n<p>&nbsp;<\/p>\n<p>Das Tessin wird von der gemischten Bev\u00f6lkerung einer Grenzregion bewohnt. Die 300.000 Bewohner haben das Beste der verschiedenen Kulturen verinnerlicht, die in dieser wundersch\u00f6nen Gegend pr\u00e4sent sind und das Tessin zu einem faszinierenden, modernen Ort mit internationalem Flair machen, der auch heute noch mit den althergebrachten Traditionen und einer ausgezeichneten \u00f6nogastronomischen Kultur verwurzelt ist.<\/p>\n<p>&nbsp;<\/p>\n<p>Eine Mietwohnung im Tessin ist somit Synonym f\u00fcr ein optimales Klima, viele Dienstleistungen, grosse Sicherheit und ausgezeichnete Gastfreundschaft. Im Aparthotel\u00a0<em>La Residenza<\/em>\u00a0von Lugano steht das Wohl der G\u00e4ste an erster Stelle. Alle Mieter der mit jedem Komfort ausgestatteten Appartements mit\u00a0<strong>DSL-Anschluss<\/strong>\u00a0in jedem Zimmer und\u00a0<strong>Kabelfernsehen mit 30 Kan\u00e4len <\/strong>f\u00fchlen sich hier wie zu Hause. Fr\u00fchst\u00fcck wird morgens in Arbeitstage bedient und das sorgt f\u00fcr eine famili\u00e4re Gastfreundschaft und ein gem\u00fctliches Ambiente, damit Sie sich wie zu Hause f\u00fchlen k\u00f6nnen.<\/p>\n<p>&nbsp;<\/p>\n<p>Wir bieten \u00e4usserst g\u00fcnstige Mietkosten und Mindestmietdauern, die jeder Gast seinen Bed\u00fcrfnissen anpassen kann. Das Tessin und insbesondere Lugano bieten ein breit gef\u00e4chertes Unterhaltungsangebot, kulturelle Anl\u00e4sse und vor allem bezaubernde Ausflugsm\u00f6glichkeiten. Berge und T\u00e4ler, P\u00e4rke und Gr\u00fcnanlagen und eine aussergew\u00f6hnliche Vielfalt an Pflanzenarten erfreuen das Auge und bekr\u00e4ftigen die Entscheidung, im Tessin und im Aparthotel La Residenza ein Zimmer\/Appartement zu besitzen.<\/p>\n<p>&nbsp;<\/p>\n<p>Es lohnt sich zweifelsohne, ein Appartement im Aparthotel La Residenza zu mieten, bevor Sie die Entscheidung treffen, sich im\u00a0<strong>Tessin niederzulassen und eine Wohnung zu mieten<\/strong>.[\/vc_column_text][vc_separator type=&#8220;transparent&#8220; up=&#8220;32&#8243; down=&#8220;0&#8243;][vc_single_image image=&#8220;16866&#8243; img_size=&#8220;full&#8220; alignment=&#8220;center&#8220; qode_css_animation=&#8220;&#8220;][vc_separator type=&#8220;transparent&#8220; up=&#8220;32&#8243; down=&#8220;0&#8243;][vc_column_text]Diese L\u00f6sung l\u00e4sst Sie entdecken, wie viele interessante M\u00f6glichkeiten das Tessin jenen bietet, die ins Auge fassen, hier zu leben. Eine kurzfristige Miete f\u00fcr ein paar Monate stellt die g\u00fcnstigste und unverbindlichste L\u00f6sung dar.<\/p>\n<p>&nbsp;<\/p>\n<p>Eine Unterkunft im Tessin bedeutet auch, in einer Gegend der Schweiz zu wohnen, die aus \u00f6nogastronomischer Sicht f\u00fchrend ist. Die Tradition des Kantons Tessins findet seine Wurzeln in den Urspr\u00fcngen der italienischen Kochkunst \u2013 insbesondere aus der Lombardei, was f\u00fcr Feinschmecker bedeutet, einige der\u00a0<strong>ber\u00fchmtesten Restaurants<\/strong>der Schweiz im nahen Umfeld anzufinden, die auch f\u00fcr viele ausl\u00e4ndischen G\u00e4ste ein begehrtes Ziel sind.<\/p>\n<p>&nbsp;<\/p>\n<p>Im Tessin wurden \u00fcbrigens einige der\u00a0<strong>ber\u00fchmtesten Meister der Kochkunst<\/strong>\u00a0am weltweiten Horizont geboren: einer davon war\u00a0<strong>Martino de Rubeis<\/strong>\u00a0aus dem Bleniotal. Er arbeitete an den wichtigsten H\u00f6fen des 15. Jahrhunderts und war bekannt unter dem Namen\u00a0<strong>Maestro Martino. Bartolomeo Sacchi<\/strong>\u00a0nannte ihn auch &#8222;Prinz der K\u00f6che&#8220;.<\/p>\n<p>&nbsp;<\/p>\n<p>Die Tradition der Haute Cuisine kommt in vielen wundersch\u00f6nen,\u00a0<strong>charakteristischen Restaurants<\/strong>\u00a0zum Ausdruck und bekr\u00e4ftigt die Wahl, in dieser bezaubernden Gegend zu wohnen. Aber das Tessin bietet noch viel mehr. Vom Aparthotel La Residenza aus k\u00f6nnen Sie mit schnellen Verkehrsmitteln problemlos Sehensw\u00fcrdigkeiten und unvergleichlich sch\u00f6ne Landschaften erreichen.<\/p>\n<p>&nbsp;<\/p>\n<p>Unter den vielen Ausflugs- und Exkursionsm\u00f6glichkeiten haben sich mindestens f\u00fcnf unter den Wanderfreunden einen Namen gemacht, die spezifisch nach Heilpflanzen suchen. Das \u00e4usserst g\u00fcnstige Klima der Region l\u00e4sst viele spontan wachsende Gew\u00fcrz- und Heilpflanzen pr\u00e4chtig gedeihen.<\/p>\n<p>&nbsp;<\/p>\n<p>Unz\u00e4hlig sind die Gr\u00fcnde, die f\u00fcr ein\u00a0<strong>Appartement in Lugano<\/strong>\u00a0im Aparthotel<em>\u00a0La Residenza<\/em>\u00a0sprechen. Die Ausfl\u00fcge k\u00f6nnen auch abwechselnd mit\u00a0<strong>Wanderungen<\/strong>unternommen werden, darunter der Besuch der Alpe Piora, wo sich das ber\u00fchmte, internationale Institut f\u00fcr \u00d6kosystemforschung\u00a0<strong>Centro di Biologia Alpina<\/strong>\u00a0befindet, das von einer wundersch\u00f6nen Bergkulisse umgeben ist.<\/p>\n<p>&nbsp;<\/p>\n<p>In der Gegend von Piora befindet sich auch die Alp, die den Piora-K\u00e4se herstellt &#8211; einer der besten des Kantons Tessin. All jene, die es gem\u00e4chlicher angehen wollen und das Heim als Ort erachten, an dem man sich so lange wie m\u00f6glich aufhalten sollte, m\u00f6chten wir darauf hinweisen, dass Lugano eine internationale Stadt mit vielen Sportzentren ist, unter anderem f\u00fcr Tennis oder Golf, dass sie aber auch \u00fcber Badeorte, erlesene Einkaufszentren und Gesch\u00e4fte verf\u00fcgt.<\/p>\n<p>&nbsp;<\/p>\n<p>Was spricht dagegen,\u00a0<strong>das Tessin gerade jetzt kennenzulernen<\/strong>? Entdecken Sie das Leben im Tessin in unserem Aparthotel La Residenza in Lugano.<\/p>\n<p>&nbsp;<\/p>\n<p>Ein Aufenthalt im Aparthotel La Residenza kommt dem Leben in einer Mietwohnung gleich. Der Unterschied liegt darin, dass Sie es sind, die die Mietdauer festlegen.<\/p>\n<p>&nbsp;<\/p>\n<p>Mieten Sie sich ein kleines Heim, ohne umst\u00e4ndlichen Umzug und mit geringem Geldaufwand, denn Sie zahlen die Mietkosten nur f\u00fcr eine Dauer von nur drei Monaten. F\u00fchlen Sie sich wie zu Hause![\/vc_column_text][\/vc_column_inner][\/vc_row_inner][vc_empty_space height=&#8220;65px&#8220;][vc_empty_space height=&#8220;45px&#8220;][\/vc_column][\/vc_row]<\/p>\n","protected":false},"excerpt":{"rendered":"<p>[vc_row css_animation=&#8220;&#8220; row_type=&#8220;row&#8220; use_row_as_full_screen_section=&#8220;no&#8220; type=&#8220;full_width&#8220; angled_section=&#8220;no&#8220; text_align=&#8220;center&#8220; background_image_as_pattern=&#8220;without_pattern&#8220; background_color=&#8220;#ffffff&#8220;][vc_column][vc_row_inner row_type=&#8220;row&#8220; type=&#8220;grid&#8220; text_align=&#8220;left&#8220; padding_top=&#8220;85&#8243; padding_bottom=&#8220;0&#8243; css_animation=&#8220;&#8220;][vc_column_inner][vc_column_text] In Lugano: Aparthotel und Vermietung von Zimmern [\/vc_column_text][vc_separator type=&#8220;transparent&#8220; up=&#8220;20&#8243; down=&#8220;0&#8243;][vc_column_text] Aparthotel La Residenza, Lugano, Tessin (Schweiz) [\/vc_column_text][vc_separator type=&#8220;transparent&#8220; up=&#8220;30&#8243; down=&#8220;0&#8243;][vc_column_text] Aparthotel La Residenza: mehr als eine Mietwohnung im Tessin&#8230;.<\/p>\n","protected":false},"author":1,"featured_media":0,"parent":0,"menu_order":0,"comment_status":"closed","ping_status":"closed","template":"full_width.php","meta":[],"_links":{"self":[{"href":"https:\/\/www.affittolugano.ch\/de\/wp-json\/wp\/v2\/pages\/16630"}],"collection":[{"href":"https:\/\/www.affittolugano.ch\/de\/wp-json\/wp\/v2\/pages"}],"about":[{"href":"https:\/\/www.affittolugano.ch\/de\/wp-json\/wp\/v2\/types\/page"}],"author":[{"embeddable":true,"href":"https:\/\/www.affittolugano.ch\/de\/wp-json\/wp\/v2\/users\/1"}],"replies":[{"embeddable":true,"href":"https:\/\/www.affittolugano.ch\/de\/wp-json\/wp\/v2\/comments?post=16630"}],"version-history":[{"count":2,"href":"https:\/\/www.affittolugano.ch\/de\/wp-json\/wp\/v2\/pages\/16630\/revisions"}],"predecessor-version":[{"id":24328,"href":"https:\/\/www.affittolugano.ch\/de\/wp-json\/wp\/v2\/pages\/16630\/revisions\/24328"}],"wp:attachment":[{"href":"https:\/\/www.affittolugano.ch\/de\/wp-json\/wp\/v2\/media?parent=16630"}],"curies":[{"name":"wp","href":"https:\/\/api.w.org\/{rel}","templated":true}]}}