{"id":16636,"date":"2016-04-08T16:00:42","date_gmt":"2016-04-08T14:00:42","guid":{"rendered":"http:\/\/www.affittolugano.ch\/wp\/?page_id=16636"},"modified":"2017-03-16T17:26:15","modified_gmt":"2017-03-16T16:26:15","slug":"das-aparthotel","status":"publish","type":"page","link":"https:\/\/www.affittolugano.ch\/de\/das-aparthotel\/","title":{"rendered":"das aparthotel"},"content":{"rendered":"<p>[vc_row css_animation=&#8220;&#8220; row_type=&#8220;row&#8220; use_row_as_full_screen_section=&#8220;no&#8220; type=&#8220;full_width&#8220; angled_section=&#8220;no&#8220; text_align=&#8220;center&#8220; background_image_as_pattern=&#8220;without_pattern&#8220; background_color=&#8220;#ffffff&#8220;][vc_column][vc_row_inner row_type=&#8220;row&#8220; type=&#8220;grid&#8220; text_align=&#8220;left&#8220; padding_top=&#8220;85&#8243; padding_bottom=&#8220;0&#8243; css_animation=&#8220;&#8220;][vc_column_inner][vc_column_text]<\/p>\n<h1 style=\"text-align: center;\">Das Aparthotel La Residenza in Lugano: Zimmer zu vermieten<\/h1>\n<p>[\/vc_column_text][vc_separator type=&#8220;transparent&#8220; up=&#8220;20&#8243; down=&#8220;0&#8243;][vc_column_text]<\/p>\n<h2 style=\"text-align: center;\">Appartements in Lugano &#8211; Aparthotel in Lugano<\/h2>\n<p>[\/vc_column_text][vc_separator type=&#8220;transparent&#8220; up=&#8220;30&#8243; down=&#8220;0&#8243;][\/vc_column_inner][\/vc_row_inner][vc_row_inner row_type=&#8220;row&#8220; type=&#8220;grid&#8220; text_align=&#8220;left&#8220; css_animation=&#8220;&#8220;][vc_column_inner][vc_separator type=&#8220;transparent&#8220; up=&#8220;30&#8243; down=&#8220;0&#8243;][vc_column_text]<\/p>\n<h5 style=\"text-align: center;\">Der Aufenthalt in unserem Aparthotel La Residenza in Lugano bietet im Vergleich zu einer Mietwohnung viele Vorz\u00fcge.<\/h5>\n<p style=\"text-align: center;\">Welche Vorteile bietet die Miete eines Appartements in einem Aparthotel?<\/p>\n<p>[\/vc_column_text][vc_separator type=&#8220;transparent&#8220; up=&#8220;87&#8243; down=&#8220;0&#8243;][vc_single_image image=&#8220;16858&#8243; img_size=&#8220;full&#8220; alignment=&#8220;center&#8220; qode_css_animation=&#8220;&#8220;][vc_separator type=&#8220;transparent&#8220; up=&#8220;87&#8243; down=&#8220;0&#8243;][vc_column_text]<\/p>\n<p style=\"text-align: center;\">Das ideale Aparthotel &#8211; Merkmale<\/p>\n<p>[\/vc_column_text][vc_separator type=&#8220;transparent&#8220; up=&#8220;87&#8243; down=&#8220;0&#8243;][vc_single_image image=&#8220;16860&#8243; img_size=&#8220;full&#8220; alignment=&#8220;center&#8220; qode_css_animation=&#8220;&#8220;][vc_separator type=&#8220;transparent&#8220; up=&#8220;87&#8243; down=&#8220;0&#8243;][vc_column_text]<\/p>\n<p style=\"text-align: center;\">Die Miete einer Wohnung in einem Mehrfamilienhaus bringt neben den Mietkosten viele andere Ausgaben und sonstige Belastungen mit sich.<\/p>\n<p>[\/vc_column_text][vc_separator type=&#8220;transparent&#8220; up=&#8220;87&#8243; down=&#8220;0&#8243;][\/vc_column_inner][\/vc_row_inner][vc_empty_space height=&#8220;65px&#8220;][\/vc_column][\/vc_row][vc_row row_type=&#8220;parallax&#8220; parallax_content_width=&#8220;in_grid&#8220; text_align=&#8220;center&#8220; background_image=&#8220;22339&#8243; full_screen_section_height=&#8220;no&#8220; section_height=&#8220;400&#8243;][vc_column][\/vc_column][\/vc_row][vc_row css_animation=&#8220;&#8220; row_type=&#8220;row&#8220; use_row_as_full_screen_section=&#8220;no&#8220; type=&#8220;full_width&#8220; angled_section=&#8220;no&#8220; text_align=&#8220;left&#8220; background_image_as_pattern=&#8220;without_pattern&#8220;][vc_column][vc_separator type=&#8220;normal&#8220; up=&#8220;0&#8243; down=&#8220;0&#8243;][\/vc_column][\/vc_row][vc_row css_animation=&#8220;&#8220; row_type=&#8220;row&#8220; use_row_as_full_screen_section=&#8220;no&#8220; type=&#8220;grid&#8220; angled_section=&#8220;no&#8220; text_align=&#8220;left&#8220; background_image_as_pattern=&#8220;without_pattern&#8220; background_color=&#8220;#ffffff&#8220; padding_top=&#8220;80&#8243; el_class=&#8220;team_hover_color&#8220;][vc_column][vc_row_inner row_type=&#8220;row&#8220; type=&#8220;full_width&#8220; text_align=&#8220;left&#8220; padding_bottom=&#8220;50&#8243; css_animation=&#8220;&#8220;][vc_column_inner][vc_separator type=&#8220;transparent&#8220; up=&#8220;20&#8243; down=&#8220;0&#8243;][vc_column_text]Meistens ohne Pf\u00f6rtnerloge, fallen zus\u00e4tzliche Kosten, Rechnungen und Nebenkosten an. Zudem ist die Wohnung instandzuhalten, die W\u00e4sche muss gewechselt und geb\u00fcgelt werden. Oft stellt man dann fest, dass die Kosten f\u00fcr die Wohnungsmiete nur einen Teil der effektiven Kosten ausmachen, die Monat f\u00fcr Monat zu zahlen sind.<\/p>\n<p>&nbsp;<\/p>\n<p>Durch die Miete eines Appartements in einer Residence verf\u00fcgen Sie hingegen \u00fcber ein sch\u00f6nes Zimmer mit Kochnische, Bad und jeden Komfort. Sie werden von einem Pf\u00f6rtnerservice betreut, k\u00f6nnen andere Dienstleistungen nutzen und sich vom Personal verw\u00f6hnen lassen, das sich liebevoll um das Appartement k\u00fcmmert und die W\u00e4sche wechselt.<\/p>\n<p>&nbsp;<\/p>\n<p>Komfort, Sicherheit, Hygiene und Sauberkeit, Dienstleistungen und Service sind die Haupteigenschaften, die eine Residence aufweisen muss. Wenn sich diese Residence auch noch in einem wundersch\u00f6nen Wohnviertel von Lugano und in der N\u00e4he des Sees befindet, nur wenige Schritte vom Zentrum entfernt, schafft dies einen zus\u00e4tzlichen Mehrwert. Wenn dies alles auch noch durch einen\u00a0<strong>sehr g\u00fcnstigen Mietpreis<\/strong>, ein famili\u00e4res Ambiente, Zimmer mit DSL-Verbindung und Kabelfernsehen mit 30 Kan\u00e4len abgerundet wird,\u00a0<strong>reden wir von unserem Aparthotel<\/strong>.<\/p>\n<p>&nbsp;<\/p>\n<p>Dies ist aber nicht alles. Unser\u00a0<strong>Aparthotel<\/strong>\u00a0bietet noch viel mehr. Das Aparthotel befindet sich im wundersch\u00f6nen Stadtviertel\u00a0<strong>Castagnola<\/strong>, das zu den sch\u00f6nsten der Stadt z\u00e4hlt, und ist an das Busnetz angebunden, wodurch Sie in nur f\u00fcnf Minuten im Stadtzentrum sind. Ein Aufenthalt in unserem Aparthotel bedeutet, ein Zimmer oder Appartement nutzen zu k\u00f6nnen &#8211; mit dem Vorteil eines aufmerksamen, gepflegten Services.<\/p>\n<p>&nbsp;<\/p>\n<p>Das Fr\u00fchst\u00fcck kann in der Konditorei eingenommen werden, mit der das Aparthotel eine Vereinbarung getroffen hat, und die Produkte ausgezeichneter Qualit\u00e4t anbietet. Das Aparthotel verf\u00fcgt \u00fcber 37 Zimmer. Viele davon wurden erst k\u00fcrzlich renoviert und mit Kochnische ausgestattet, was nach und nach f\u00fcr alle Appartements vorgesehen ist.<\/p>\n<p>&nbsp;<\/p>\n<p>Einige Zimmer geniessen eine wundersch\u00f6ne Panoramaaussicht auf den nahe gelegenen Luganersee, denn unser Aparthotel ist nur eine H\u00e4userreihe davon entfernt. Wir stellen Wiegen f\u00fcr Kleinkinder zur Verf\u00fcgung. Hunde und Katzen sind nach Absprache mit der Direktion erlaubt.<\/p>\n<p>&nbsp;<\/p>\n<p>Die Gemeinschaftsbereiche werden jeden Tag gereinigt, die W\u00e4sche des Appartements (Bett- und Frotteew\u00e4sche) einmal pro Woche gewechselt. Alle Dienstleistungen sind in der Miete des Appartements inbegriffen.<\/p>\n<p>&nbsp;<\/p>\n<p>Alle Mieter k\u00f6nnen zudem weitere Dienstleistungen nutzen, beispielsweise die Waschk\u00fcche mit W\u00e4schetrockner, den Kaffee-, Getr\u00e4nke- und Verpflegungsautomat und den Pf\u00f6rtnerservice (tags\u00fcber). Das Aparthotel verf\u00fcgt auch \u00fcber einen Kundendienst, der in Notf\u00e4llen rund um die Uhr f\u00fcr Sie da ist.<\/p>\n<p>&nbsp;<\/p>\n<p>Dienstleistungen, die in herk\u00f6mmlichen Mietwohnungen nat\u00fcrlich nicht angeboten werden. Die Mindestmietdauer f\u00fcr Appartements betr\u00e4gt drei Monate. Unsere G\u00e4ste k\u00f6nnen jedoch je nach Bed\u00fcrfnis k\u00fcrzere oder l\u00e4ngere Mietdauern vereinbaren. Das ruhige Wohnviertel Castagnola befindet sich mitten im Gr\u00fcnen. Dieser Stadtteil, in dem Mietwohnungen sehr gefragt sind, bietet zahlreiche Unterhaltungsm\u00f6glichkeiten, Spazierwege und kulturelle Angebote wie etwa das historische Archiv in der Casa Cattaneo, der Ausstellungsbereich Castagnola oder das Kulturmuseum.<\/p>\n<p>&nbsp;<\/p>\n<p>Dieser Stadtteil verf\u00fcgt \u00fcber einen aussergew\u00f6hnlichen Landschaftsgehalt f\u00fcr Freizeitbesch\u00e4ftigungen, beispielsweise der Park San Michele, die Gegend von Cortivo und San Domenico oder der Park der Olivenb\u00e4ume entlang des romantischen Wegs nach Gandria. Nur wenige Schritte vom Aparthotel entfernt, befinden sich auch die beiden wichtigsten Tennisclubs der Stadt Lugano: der Tennisclub Lido und der Tennisclub Campo Marzio.<\/p>\n<p>&nbsp;<\/p>\n<p>Wohnungen sind in diesem bezaubernden Stadtteil von Lugano nat\u00fcrlich sehr begehrt und \u00e4usserst attraktiv, erst recht, wenn sie in der einzigartigen Struktur unseres Aparthotels mit seinen wirklich vorteilhaften Mietkosten untergebracht sind.<\/p>\n<p>&nbsp;<\/p>\n<p>In der N\u00e4he unseres Aparthotels befindet sich auch das Strandbad Lido di Lugano, das seit 1928 Jung und Alt begeistert. An diesem Ort treffen sich die Bewohner von Lugano. Das ist einer der grossen Vorteile eines Zimmers\/Appartements in unserem Aparthotel, das mit dem Strandbad eine Vereinbarung getroffen hat.<\/p>\n<p>&nbsp;<\/p>\n<p>Ein Appartement in unserem Aparthotel bietet aber auch weitere grosse Pluspunkte, unter anderem einige Strukturen und Dienstleistungen, die die Stadt Lugano seinen Bewohnern zur Verf\u00fcgung stellt.<\/p>\n<p>&nbsp;<\/p>\n<p>Der 18-Loch-Golfplatz des Golfclubs Lugano, gegr\u00fcndet 1923, befindet sich in der N\u00e4he des Flughafens Agno. Eingebettet in eine wundersch\u00f6ne Landschaft und W\u00e4lder mit Birken, Eichen, Kiefern, Rhododendren und Azaleen sind die Greens immer gut gegen nat\u00fcrliche und k\u00fcnstliche Einfl\u00fcsse gesch\u00fctzt.<\/p>\n<p>&nbsp;<\/p>\n<p>Lugano Airport: Der Flughafen von Lugano ist \u00e4usserst g\u00fcnstig gelegen. Seit 70 Jahren spielt er eine wichtige Rolle in den Sektoren Wirtschaft und Tourismus der Stadt Lugano und des Kantons Tessin. Dank der Position im Herzen Europas und den wichtigen Finanzsegmenten stellt Lugano Airport unter anderem einen Bezugspunkt f\u00fcr alle Gesch\u00e4ftsreisenden dar. Dies ist mitunter ein Grund, der f\u00fcr ein Appartement in unserem Aparthotel spricht.<\/p>\n<p>&nbsp;<\/p>\n<p>Vorteilhafte Schwerpunkte des Flughafens Lugano sind der Check-in und Boarding in 20 Minuten und der Shuttle-Service zum Stadtzentrum.<\/p>\n<p>&nbsp;<\/p>\n<p>Ein Aufenthalt in unserem Aparthotel bietet aber auch die M\u00f6glichkeit, bezaubernde Ausfl\u00fcge in n\u00e4chster N\u00e4he zu unternehmen. Die Zahnradbahn zum Monte Generoso ist beispielsweise von der Residence aus einfach zu erreichen und zeigt ein wundersch\u00f6nes Panorama auf einen facettenreichen Naturpark.<\/p>\n<p>&nbsp;<\/p>\n<p>Der Monte Generoso bietet unz\u00e4hlige Ausflugsm\u00f6glichkeiten, aber auch eine Sternwarte, die schweizweit \u00fcber das st\u00e4rkste aller \u00f6ffentlichen Teleskope verf\u00fcgt. Sehr sch\u00f6n ist auch der Ausflug zum Monte Br\u00e8 mit der nur wenige Schritte vom Aparthotel entfernten Drahtseilbahn. Dieser Ort bietet Spazierg\u00e4nge f\u00fcr alle, aber auch anspruchsvollere Exkursionen. Nicht zu vergessen die Drahtseilbahn zum Monte San Salvatore mit seiner unvergleichlichen Aussicht auf den Ceresio, die lombardische Ebene und die Bergketten der Schweizer Alpen.<\/p>\n<p>&nbsp;<\/p>\n<p>Ausserdem verbindet eine weitere Drahtseilbahn das Zentrum von Lugano in wenigen Minuten mit dem Bahnhof. Eine bequeme L\u00f6sung f\u00fcr Mieter eines Zimmers\/Appartements in unserem Aparthotel.<\/p>\n<p>&nbsp;<\/p>\n<p>Wir weisen die spielbegeisterten G\u00e4ste darauf hin, dass sich unser Aparthotel in einer Stadt befindet, die ein Casino beherbergt.<\/p>\n<p>&nbsp;<\/p>\n<p>Das Casino Lugano zeichnet sich mit seinem grossen, erlesenen und eleganten Ambiente durch ein modernes Angebot aus.<\/p>\n<p>&nbsp;<\/p>\n<p>420 Slotmaschinen der neuesten Generation und 20 Spieltische mit dem gr\u00f6ssten Spielangebot der Schweiz, drei Caf\u00e9s und das prestigetr\u00e4chtige Panoramarestaurant &#8222;La Perla del Lago&#8220;.[\/vc_column_text][\/vc_column_inner][\/vc_row_inner][vc_empty_space height=&#8220;65px&#8220;][vc_empty_space height=&#8220;45px&#8220;][\/vc_column][\/vc_row]<\/p>\n","protected":false},"excerpt":{"rendered":"<p>[vc_row css_animation=&#8220;&#8220; row_type=&#8220;row&#8220; use_row_as_full_screen_section=&#8220;no&#8220; type=&#8220;full_width&#8220; angled_section=&#8220;no&#8220; text_align=&#8220;center&#8220; background_image_as_pattern=&#8220;without_pattern&#8220; background_color=&#8220;#ffffff&#8220;][vc_column][vc_row_inner row_type=&#8220;row&#8220; type=&#8220;grid&#8220; text_align=&#8220;left&#8220; padding_top=&#8220;85&#8243; padding_bottom=&#8220;0&#8243; css_animation=&#8220;&#8220;][vc_column_inner][vc_column_text] Das Aparthotel La Residenza in Lugano: Zimmer zu vermieten [\/vc_column_text][vc_separator type=&#8220;transparent&#8220; up=&#8220;20&#8243; down=&#8220;0&#8243;][vc_column_text] Appartements in Lugano &#8211; Aparthotel in Lugano [\/vc_column_text][vc_separator type=&#8220;transparent&#8220; up=&#8220;30&#8243; down=&#8220;0&#8243;][\/vc_column_inner][\/vc_row_inner][vc_row_inner row_type=&#8220;row&#8220; type=&#8220;grid&#8220; text_align=&#8220;left&#8220; css_animation=&#8220;&#8220;][vc_column_inner][vc_separator type=&#8220;transparent&#8220; up=&#8220;30&#8243;&#8230;<\/p>\n","protected":false},"author":1,"featured_media":0,"parent":0,"menu_order":0,"comment_status":"closed","ping_status":"closed","template":"full_width.php","meta":[],"_links":{"self":[{"href":"https:\/\/www.affittolugano.ch\/de\/wp-json\/wp\/v2\/pages\/16636"}],"collection":[{"href":"https:\/\/www.affittolugano.ch\/de\/wp-json\/wp\/v2\/pages"}],"about":[{"href":"https:\/\/www.affittolugano.ch\/de\/wp-json\/wp\/v2\/types\/page"}],"author":[{"embeddable":true,"href":"https:\/\/www.affittolugano.ch\/de\/wp-json\/wp\/v2\/users\/1"}],"replies":[{"embeddable":true,"href":"https:\/\/www.affittolugano.ch\/de\/wp-json\/wp\/v2\/comments?post=16636"}],"version-history":[{"count":0,"href":"https:\/\/www.affittolugano.ch\/de\/wp-json\/wp\/v2\/pages\/16636\/revisions"}],"wp:attachment":[{"href":"https:\/\/www.affittolugano.ch\/de\/wp-json\/wp\/v2\/media?parent=16636"}],"curies":[{"name":"wp","href":"https:\/\/api.w.org\/{rel}","templated":true}]}}