{"id":16638,"date":"2016-04-08T16:01:04","date_gmt":"2016-04-08T14:01:04","guid":{"rendered":"http:\/\/www.affittolugano.ch\/wp\/?page_id=16638"},"modified":"2016-06-20T14:47:00","modified_gmt":"2016-06-20T12:47:00","slug":"entdecken-sie-lugano","status":"publish","type":"page","link":"https:\/\/www.affittolugano.ch\/de\/wohnungen-in-lugano\/entdecken-sie-lugano\/","title":{"rendered":"entdecken sie lugano"},"content":{"rendered":"<p>[vc_row row_type=&#8220;row&#8220; use_row_as_full_screen_section=&#8220;no&#8220; type=&#8220;grid&#8220; angled_section=&#8220;no&#8220; text_align=&#8220;center&#8220; background_image_as_pattern=&#8220;without_pattern&#8220; background_color=&#8220;#ffffff&#8220; css_animation=&#8220;&#8220;][vc_column][vc_empty_space height=&#8220;45px&#8220;][vc_column_text]<\/p>\n<h1 style=\"text-align: center;\">Ausfl\u00fcge in Lugano &#8211; Entdecken Sie Lugano<\/h1>\n<p>[\/vc_column_text][vc_separator type=&#8220;transparent&#8220; up=&#8220;20&#8243; down=&#8220;0&#8243;][vc_column_text]<\/p>\n<h4 style=\"text-align: center;\">Von: Aparthotel La Residenza, Lugano, Tessin, Schweiz<\/h4>\n<p>[\/vc_column_text][vc_separator type=&#8220;transparent&#8220; up=&#8220;20&#8243; down=&#8220;0&#8243;][vc_column_text]<\/p>\n<h2 style=\"text-align: center;\">Auf den Spuren von Lugano<\/h2>\n<p>[\/vc_column_text][vc_separator type=&#8220;transparent&#8220; up=&#8220;20&#8243; down=&#8220;0&#8243;][vc_column_text]<\/p>\n<p style=\"text-align: left;\">Entdecken Sie die Faszination dieser bezaubernden Schweizer Stadt am Luganersee und besuchen Sie gemeinsam mit uns ihre Strassen, Gassen und Pl\u00e4tze. Sehen Sie die bezauberndsten Winkel, Gr\u00fcnanlagen, Kirchen und eleganten Gesch\u00e4fte.<\/p>\n<p>[\/vc_column_text][vc_separator type=&#8220;transparent&#8220; up=&#8220;20&#8243; down=&#8220;0&#8243;][vc_single_image image=&#8220;16853&#8243; img_size=&#8220;full&#8220; alignment=&#8220;center&#8220; qode_css_animation=&#8220;&#8220;][vc_separator type=&#8220;transparent&#8220; up=&#8220;20&#8243; down=&#8220;0&#8243;][vc_column_text]<\/p>\n<h2 style=\"text-align: center;\">Lugano \u2013 Ein paar Zeilen zur Geschichte<\/h2>\n<p>[\/vc_column_text][vc_separator type=&#8220;transparent&#8220; up=&#8220;20&#8243; down=&#8220;0&#8243;][vc_column_text]<\/p>\n<p style=\"text-align: left;\">Luganos Stadtgef\u00fcge ist mittelalterlich gepr\u00e4gt. Im Mittelalter war die Piazza Grande (die jetzige Piazza della Riforma) wie auch heute noch bevorzugter Treffpunkt, aber auch Arbeits- und Handelsort. Alle Handelsaktivit\u00e4ten wurden damals an der Riva della Legna und Riva del Grano (die jetzige Piazza Rezzonico) abgewickelt. Die Transporte wurden erst Ende des 19. Jahrhunderts auf die Schiene verlegt.<\/p>\n<p>&nbsp;<\/p>\n<p style=\"text-align: left;\">Lugano war auch im 16. Jahrhundert ein sehr lebhaftes St\u00e4dtchen. Davon zeugt die Viehmesse Fiera Grossa, die jedes Jahr abgehalten wird, und bereits damals europaweiten Ruhm genoss. Vom 16. Jahrhundert bis Anfang des 20. Jahrhunderts gliederte sich die Stadt in vier Stadtviertel, die alle in die Piazza della Riforma m\u00fcndeten. Im Norden finden wir das Viertel Cioccaro, das sich zum Fusse des H\u00fcgels hin erstreckt, im Westen das Viertel Nassa, das an die Kirche Santa Maria degli Angioli grenzt, im Osten das Viertel Verla bis zur Piazza S. Antonio und zu guter Letzt das Viertel Canova bis zur Piazza Castello, auf der einst das Schloss der Visonti emporragte.<\/p>\n<p>&nbsp;<\/p>\n<p style=\"text-align: left;\">Die altert\u00fcmliche Ortschaft war von einer Stadtmauer mit sieben Toren umgeben.<\/p>\n<p>&nbsp;<\/p>\n<p style=\"text-align: left;\">1874 wurden die Eisenbahn und der Bahnhof gebaut. Dies erm\u00f6glichte die Verlegung des Handels vom See zum H\u00fcgel, der durch eine Drahtseilbahn mit der Ebene verbunden wurde. Die Drahtseilbahn dient auch heute noch f\u00fcr Bef\u00f6rderungen zur Stadt.<\/p>\n<p>&nbsp;<\/p>\n<p style=\"text-align: left;\">Verschiedene Bauschulen haben dazu beigetragen, Lugano zu dem zu machen, was es heute ist: eine Hauptstadt moderner Architektur. Mitten im gr\u00fcnen Herzen von Lugano befinden sich der Parco Ciani und die Kantonsbibliothek (1940) des Architekten und Begr\u00fcnders der Tessiner Architektur Rino Tami. Das heutige Lugano verdankt seine Gestaltung dem Schaffen vieler Architekten. Der bekannteste ist Marco Botta, aber auch Aurelio Galfetti, Livio Bacchini, Tita Carloni, Peppo Brivio, Luigi Snozzi und viele andere.<\/p>\n<p>[\/vc_column_text][vc_separator type=&#8220;transparent&#8220; up=&#8220;20&#8243; down=&#8220;0&#8243;][vc_column_text]<\/p>\n<h4 style=\"text-align: center;\">Sehensw\u00fcrdigkeiten in Lugano<\/h4>\n<p>[\/vc_column_text][vc_separator type=&#8220;transparent&#8220; up=&#8220;20&#8243; down=&#8220;0&#8243;][vc_column_text]<\/p>\n<p style=\"text-align: left;\">Es wird empfohlen, das relativ kleine Stadtzentrum von Lugano zu Fuss zu besuchen, wobei nat\u00fcrlich gesagt werden muss, dass es in Lugano an qualitativ hochwertigen, \u00f6ffentlichen Verkehrsmitteln wie Bussen, Drahtseilbahnen und F\u00e4hren nicht mangelt.<\/p>\n<p>[\/vc_column_text][vc_separator type=&#8220;transparent&#8220; up=&#8220;20&#8243; down=&#8220;0&#8243;][vc_column_text]<\/p>\n<h4 style=\"text-align: center;\">Seepromenade von Lugano<\/h4>\n<p>[\/vc_column_text][vc_separator type=&#8220;transparent&#8220; up=&#8220;20&#8243; down=&#8220;0&#8243;][vc_single_image image=&#8220;16883&#8243; img_size=&#8220;full&#8220; alignment=&#8220;center&#8220; qode_css_animation=&#8220;&#8220;][vc_separator type=&#8220;transparent&#8220; up=&#8220;20&#8243; down=&#8220;0&#8243;][vc_column_text]<\/p>\n<p style=\"text-align: left;\">Wir beginnen die F\u00fchrung an der Seepromenade. Die Seepromenade von Lugano ist aufgrund der Kulisse, in die sie eingef\u00fcgt ist und der modernen Skulpturen, die wir hier anfinden, fraglos eine grosse touristische Attraktion. Die Promenade erstreckt sich \u00fcber etwa 2\u00a0km entlang dem grossen Golf von Lugano von Paradiso bis zum Strandbad. Ein Spaziergang bei Sonnenuntergang bietet eine unvergessliche Aussicht auf den See und die Bucht. In Paradiso, am Fusse des Monte San Salvatore, finden wir grosse \u00f6ffentliche Gr\u00fcnanlagen, die bis zum See reichen. Entlang der Promenade befindet sich auch eines der gr\u00f6ssten und \u00e4ltesten Hotels von Lugano \u2013 das majest\u00e4tische Hotel Splendide Royal, und Villa Malpensata, in der das\u00a0<strong>Museum f\u00fcr Moderne Kunst von Lugano<\/strong>\u00a0untergebracht ist. Dieses Museum, in dem zeitgen\u00f6ssische Ausstellungen auf internationaler Ebene abgehalten werden, ist f\u00fcr Liebhaber der modernen Kunst ein Muss<\/p>\n<p>&nbsp;<\/p>\n<p style=\"text-align: left;\">Weiter vorne wird die Promenade breiter und m\u00fcndet in den Giardino Belvedere. An seinem Ende k\u00f6nnen wir die sch\u00f6ne Fassade der Kirche Santa Maria degli Angioli bewundern. Der Weg f\u00fchrt weiter zu den Anlegestellen Centrale und Giardino, von wo aus die Schiffe ablegen. Auf der anderen Seite der Promenade befindet sich das neue Casino von Lugano. Gleich gegen\u00fcber finden wir an dieser Stelle den Parco Ciani und im unmittelbaren Umfeld auch das Wilhelm-Tell-Denkmal vom Tessiner Bildhauer Vincenzo Vela aus dem Jahre 1852.<\/p>\n<p>&nbsp;<\/p>\n<p style=\"text-align: left;\">Im Sommer ist es m\u00f6glich, Motorboote oder Pedalos zu mieten.<\/p>\n<p>[\/vc_column_text][vc_empty_space height=&#8220;65px&#8220;][vc_empty_space height=&#8220;45px&#8220;][\/vc_column][\/vc_row][vc_row row_type=&#8220;parallax&#8220; parallax_content_width=&#8220;in_grid&#8220; text_align=&#8220;center&#8220; background_image=&#8220;15994&#8243; full_screen_section_height=&#8220;no&#8220; section_height=&#8220;400&#8243;][vc_column][\/vc_column][\/vc_row][vc_row row_type=&#8220;row&#8220; use_row_as_full_screen_section=&#8220;no&#8220; type=&#8220;full_width&#8220; angled_section=&#8220;no&#8220; text_align=&#8220;left&#8220; background_image_as_pattern=&#8220;without_pattern&#8220; css_animation=&#8220;&#8220;][vc_column][vc_separator type=&#8220;normal&#8220; up=&#8220;0&#8243; down=&#8220;0&#8243;][\/vc_column][\/vc_row][vc_row row_type=&#8220;row&#8220; use_row_as_full_screen_section=&#8220;no&#8220; type=&#8220;grid&#8220; angled_section=&#8220;no&#8220; text_align=&#8220;left&#8220; background_image_as_pattern=&#8220;without_pattern&#8220; background_color=&#8220;#ffffff&#8220; padding_top=&#8220;80&#8243; css_animation=&#8220;&#8220; el_class=&#8220;team_hover_color&#8220;][vc_column][vc_separator type=&#8220;transparent&#8220; up=&#8220;20&#8243; down=&#8220;0&#8243;][vc_row_inner row_type=&#8220;row&#8220; type=&#8220;full_width&#8220; text_align=&#8220;left&#8220; css_animation=&#8220;&#8220;][vc_column_inner width=&#8220;1\/2&#8243;][vc_column_text]<\/p>\n<h4 style=\"text-align: center;\">Parco Ciani<\/h4>\n<p>[\/vc_column_text][vc_separator type=&#8220;transparent&#8220; up=&#8220;20&#8243; down=&#8220;0&#8243;][vc_single_image image=&#8220;16875&#8243; img_size=&#8220;full&#8220; alignment=&#8220;center&#8220; qode_css_animation=&#8220;&#8220;][vc_separator type=&#8220;transparent&#8220; up=&#8220;20&#8243; down=&#8220;0&#8243;][vc_column_text]<\/p>\n<p style=\"text-align: left;\">Von der Seepromenade aus erreichen wir den gross angelegten Parco Ciani (Parco Civico). Eine bedeutende Gr\u00fcnanlage mit einer Fl\u00e4che von 60.000\u00a0m\u00b2, in der Beete, jahrhundertealte B\u00e4ume und Best\u00e4nde jeder Art aufwarten. Einer der beliebtesten Spazierwege der Bev\u00f6lkerung Luganos. Im Parco Ciani befinden sich das Kunstmuseum, die Kantonsbibliothek, das Museum f\u00fcr Naturgeschichte und verschiedene Schulen.<\/p>\n<p>[\/vc_column_text][\/vc_column_inner][vc_column_inner width=&#8220;1\/2&#8243;][vc_column_text]<\/p>\n<h4 style=\"text-align: center;\">Piazza della Riforma<\/h4>\n<p>[\/vc_column_text][vc_separator type=&#8220;transparent&#8220; up=&#8220;20&#8243; down=&#8220;0&#8243;][vc_single_image image=&#8220;16884&#8243; img_size=&#8220;full&#8220; alignment=&#8220;center&#8220; qode_css_animation=&#8220;&#8220;][vc_separator type=&#8220;transparent&#8220; up=&#8220;20&#8243; down=&#8220;0&#8243;][vc_column_text]<\/p>\n<p style=\"text-align: left;\">Die Piazza della Riforma gilt allgemein als \u201eLa Piazza\u201c und stellt die Schnittstelle zwischen dem Herzen von Lugano und der Strandpromenade dar.<\/p>\n<p>[\/vc_column_text][\/vc_column_inner][\/vc_row_inner][vc_empty_space height=&#8220;45px&#8220;][vc_empty_space height=&#8220;65px&#8220;][\/vc_column][\/vc_row]<\/p>\n","protected":false},"excerpt":{"rendered":"<p>[vc_row row_type=&#8220;row&#8220; use_row_as_full_screen_section=&#8220;no&#8220; type=&#8220;grid&#8220; angled_section=&#8220;no&#8220; text_align=&#8220;center&#8220; background_image_as_pattern=&#8220;without_pattern&#8220; background_color=&#8220;#ffffff&#8220; css_animation=&#8220;&#8220;][vc_column][vc_empty_space height=&#8220;45px&#8220;][vc_column_text] Ausfl\u00fcge in Lugano &#8211; Entdecken Sie Lugano [\/vc_column_text][vc_separator type=&#8220;transparent&#8220; up=&#8220;20&#8243; down=&#8220;0&#8243;][vc_column_text] Von: Aparthotel La Residenza, Lugano, Tessin, Schweiz [\/vc_column_text][vc_separator type=&#8220;transparent&#8220; up=&#8220;20&#8243; down=&#8220;0&#8243;][vc_column_text] Auf den Spuren von Lugano [\/vc_column_text][vc_separator type=&#8220;transparent&#8220; up=&#8220;20&#8243; down=&#8220;0&#8243;][vc_column_text] Entdecken Sie die Faszination&#8230;<\/p>\n","protected":false},"author":1,"featured_media":0,"parent":16630,"menu_order":0,"comment_status":"closed","ping_status":"closed","template":"full_width.php","meta":[],"_links":{"self":[{"href":"https:\/\/www.affittolugano.ch\/de\/wp-json\/wp\/v2\/pages\/16638"}],"collection":[{"href":"https:\/\/www.affittolugano.ch\/de\/wp-json\/wp\/v2\/pages"}],"about":[{"href":"https:\/\/www.affittolugano.ch\/de\/wp-json\/wp\/v2\/types\/page"}],"author":[{"embeddable":true,"href":"https:\/\/www.affittolugano.ch\/de\/wp-json\/wp\/v2\/users\/1"}],"replies":[{"embeddable":true,"href":"https:\/\/www.affittolugano.ch\/de\/wp-json\/wp\/v2\/comments?post=16638"}],"version-history":[{"count":0,"href":"https:\/\/www.affittolugano.ch\/de\/wp-json\/wp\/v2\/pages\/16638\/revisions"}],"up":[{"embeddable":true,"href":"https:\/\/www.affittolugano.ch\/de\/wp-json\/wp\/v2\/pages\/16630"}],"wp:attachment":[{"href":"https:\/\/www.affittolugano.ch\/de\/wp-json\/wp\/v2\/media?parent=16638"}],"curies":[{"name":"wp","href":"https:\/\/api.w.org\/{rel}","templated":true}]}}