{"id":16642,"date":"2016-04-08T16:01:47","date_gmt":"2016-04-08T14:01:47","guid":{"rendered":"http:\/\/www.affittolugano.ch\/wp\/?page_id=16642"},"modified":"2016-06-20T11:26:43","modified_gmt":"2016-06-20T09:26:43","slug":"warum-wir","status":"publish","type":"page","link":"https:\/\/www.affittolugano.ch\/de\/warum-wir\/","title":{"rendered":"warum wir?"},"content":{"rendered":"<p>[vc_row row_type=&#8220;row&#8220; use_row_as_full_screen_section=&#8220;no&#8220; type=&#8220;grid&#8220; angled_section=&#8220;no&#8220; text_align=&#8220;center&#8220; background_image_as_pattern=&#8220;without_pattern&#8220; background_color=&#8220;#ffffff&#8220; css_animation=&#8220;&#8220;][vc_column][vc_empty_space height=&#8220;45px&#8220;][vc_column_text]<\/p>\n<h1 style=\"text-align: center;\">Lugano: das Aparthotel La Residenza ist eine optimale L\u00f6sung<\/h1>\n<p>[\/vc_column_text][vc_separator type=&#8220;transparent&#8220; up=&#8220;20&#8243; down=&#8220;0&#8243;][vc_column_text]<\/p>\n<h2 style=\"text-align: center;\"><span style=\"color: red; font-size: large;\">Was wir Ihnen bieten&#8230;<\/span><\/h2>\n<p>[\/vc_column_text][vc_separator type=&#8220;transparent&#8220; up=&#8220;20&#8243; down=&#8220;0&#8243;][vc_column_text]<\/p>\n<h4 style=\"text-align: center;\">Wenn Sie aus Arbeitsgr\u00fcnden eine Unterkunft in Lugano suchen, ist unser Aparthotel eine strategische L\u00f6sung. Im Folgenden erkl\u00e4ren wir Ihnen, weshalb.<\/h4>\n<p>[\/vc_column_text][vc_separator type=&#8220;transparent&#8220; up=&#8220;45&#8243; down=&#8220;0&#8243;][vc_single_image image=&#8220;16852&#8243; img_size=&#8220;full&#8220; alignment=&#8220;center&#8220; qode_css_animation=&#8220;&#8220;][vc_separator type=&#8220;transparent&#8220; up=&#8220;45&#8243; down=&#8220;0&#8243;][vc_column_text]<\/p>\n<p class=\"auto-style1\" style=\"text-align: left;\">In Lugano bel\u00e4uft sich die monatliche\u00a0<strong>Miete<\/strong>\u00a0einer Wohnung ausserhalb des Stadtzentrums durchschnittlich auf 700 bis 900 Franken.<\/p>\n<p>&nbsp;<\/p>\n<p class=\"auto-style1\" style=\"text-align: left;\">Dar\u00fcber hinaus m\u00fcssen Sie normalerweise auch eine Anzahlung leisten und einen Mietvertrag von mindestens 3 bis 5 Jahren unterschreiben.<\/p>\n<p>&nbsp;<\/p>\n<p class=\"auto-style1\" style=\"text-align: left;\">Bei uns betr\u00e4gt die Mindestmietdauer 3 Monate. Dabei sind die Kosten f\u00fcr Strom, Wasser und Gas im Preis inbegriffen. Wenn Sie sich hingegen f\u00fcr eine\u00a0<strong>Mietwohnung<\/strong>in Lugano entscheiden, m\u00fcssen Sie mit zus\u00e4tzlichen Kosten f\u00fcr monatliche Rechnungen und Nebenkosten rechnen.<\/p>\n<p>&nbsp;<\/p>\n<p class=\"auto-style1\" style=\"text-align: left;\">Sei es im eigenen Heim, der\u00a0<strong>gemieteten<\/strong>, Wohnung oder in sonstigen Mietunterk\u00fcnften: die Bett- und Frotteew\u00e4sche muss selber gewaschen und geb\u00fcgelt werden. Bei uns wird das einmal pro Woche f\u00fcr Sie erledigt. Und zwar ohne zus\u00e4tzliche Kosten. Wir \u00fcbernehmen auch die w\u00f6chentliche Reinigung der\u00a0<strong>gemieteten<\/strong>\u00a0Zimmer in unserem Aparthotel.<\/p>\n<p>&nbsp;<\/p>\n<p class=\"auto-style1\" style=\"text-align: left;\">Im Aparthotel befinden sich unter anderem auch Kaffee-, Getr\u00e4nke- und Verpflegungsautomaten, die Sie f\u00fcr einen kleinen Imbiss nutzen k\u00f6nnen, wenn es sp\u00e4t wird oder wenn Sie fr\u00fch aufstehen m\u00fcssen.<\/p>\n<p>&nbsp;<\/p>\n<p class=\"auto-style1\" style=\"text-align: left;\">Nicht zu vergessen unser Fitnessraum, der vollumf\u00e4nglich mit Ger\u00e4ten des Marktf\u00fchrers Technogym ausgestattet ist und von den\u00a0<strong>G\u00e4sten<\/strong>\u00a0des Aparthotels unbeschr\u00e4nkt genutzt werden kann.<\/p>\n<p>[\/vc_column_text][vc_empty_space height=&#8220;65px&#8220;][vc_empty_space height=&#8220;45px&#8220;][\/vc_column][\/vc_row][vc_row row_type=&#8220;parallax&#8220; parallax_content_width=&#8220;in_grid&#8220; text_align=&#8220;center&#8220; background_image=&#8220;15986&#8243; full_screen_section_height=&#8220;no&#8220; section_height=&#8220;400&#8243;][vc_column][\/vc_column][\/vc_row][vc_row row_type=&#8220;row&#8220; use_row_as_full_screen_section=&#8220;no&#8220; type=&#8220;full_width&#8220; angled_section=&#8220;no&#8220; text_align=&#8220;left&#8220; background_image_as_pattern=&#8220;without_pattern&#8220; css_animation=&#8220;&#8220;][vc_column][vc_separator type=&#8220;normal&#8220; up=&#8220;0&#8243; down=&#8220;0&#8243;][\/vc_column][\/vc_row][vc_row row_type=&#8220;row&#8220; use_row_as_full_screen_section=&#8220;no&#8220; type=&#8220;grid&#8220; angled_section=&#8220;no&#8220; text_align=&#8220;left&#8220; background_image_as_pattern=&#8220;without_pattern&#8220; background_color=&#8220;#ffffff&#8220; padding_top=&#8220;80&#8243; css_animation=&#8220;&#8220; el_class=&#8220;team_hover_color&#8220;][vc_column][vc_separator type=&#8220;transparent&#8220; up=&#8220;20&#8243; down=&#8220;0&#8243;][vc_column_text]<\/p>\n<p class=\"auto-style1\" style=\"text-align: left;\">Wer gesch\u00e4ftlich unterwegs ist, hat oft weder Zeit noch Lust, in seiner\u00a0<strong>Mietwohnung<\/strong>auch noch selber zu kochen. Unser Aparthotel hat aus diesem Grund Vereinbarungen mit den Restaurants in der unmittelbaren Umgebung getroffen, in denen Sie wirklich g\u00fcnstig essen k\u00f6nnen:<\/p>\n<p>&nbsp;<\/p>\n<p style=\"text-align: left;\"><strong><span class=\"auto-style1\">Ristorante La Lanchetta<\/span><\/strong>:<\/p>\n<p class=\"auto-style2\" style=\"text-align: left;\">Viale Castagnola, 16 &#8211; 6900 Lugano<\/p>\n<p class=\"auto-style1\" style=\"text-align: left;\"><strong>CHF 20.\u2013\/Person, ABENDESSEN ODER FR\u00dcHST\u00dcCK<\/strong>\u00a0(Getr\u00e4nke nicht inbegriffen).<\/p>\n<p>&nbsp;<\/p>\n<p class=\"auto-style1\" style=\"text-align: left;\"><strong>Hotel Lido Seegarten<\/strong>:<\/p>\n<p class=\"auto-style2\" style=\"text-align: left;\">Viale Castagnola, 22 &#8211; 6900 Lugano<\/p>\n<p class=\"auto-style1\" style=\"text-align: left;\"><strong>CHF 40.\u2013\/Person, ABENDESSEN MIT HAUPTGERICHT UND DESSERT\u00a0<\/strong>(je nach angebotenem Abendmen\u00fc), Getr\u00e4nke inbegriffen.<\/p>\n<p class=\"auto-style1\" style=\"text-align: left;\">CHF 60.\u2013\/Person, KOMPLETTES ABENDMEN\u00dc, Getr\u00e4nke inbegriffen.<\/p>\n<p class=\"auto-style1\" style=\"text-align: left;\">Hier k\u00f6nnen Sie auch die neuen &#8222;Flammkuchen (Pizze Alsaziane)&#8220;, geniessen \u2013 ein einfaches und \u00e4usserst wohlschmeckendes Gericht,\u00a0<strong>f\u00fcr nur CHF 12.\u2013 bis maximal CHF 16.\u2013 .<\/strong><\/p>\n<p>&nbsp;<\/p>\n<p class=\"auto-style1\" style=\"text-align: left;\">Nicht zu vergessen die zentrale Lage unseres Aparthotels. In nur wenigen Minuten sind Sie zu Fuss mitten im Stadtzentrum und sparen dadurch Zeit und Kosten f\u00fcr Verkehrsmittel und Parkplatzgeb\u00fchren.<\/p>\n<p>&nbsp;<\/p>\n<p class=\"auto-style1\" style=\"text-align: left;\">Wenn Sie eine\u00a0<strong>Mietwohnung<\/strong>\u00a0in Lugano suchen, sprechen diese Argumente insgesamt und auch nur kostenm\u00e4ssig f\u00fcr einen Aufenthalt in unserem Aparthotel, denn wenn Sie eine Wohnung<strong>mieten<\/strong>, m\u00fcssen Sie sich langzeitig verpflichten und mit Nebenkosten rechnen, die nicht im Vorfeld festgelegt sind.<\/p>\n<p>[\/vc_column_text][vc_separator type=&#8220;transparent&#8220; up=&#8220;65&#8243; down=&#8220;0&#8243;][vc_row_inner row_type=&#8220;row&#8220; type=&#8220;full_width&#8220; text_align=&#8220;left&#8220; css_animation=&#8220;&#8220;][vc_column_inner width=&#8220;1\/4&#8243;][vc_single_image image=&#8220;16875&#8243; img_size=&#8220;full&#8220; alignment=&#8220;center&#8220; qode_css_animation=&#8220;&#8220;][vc_column_text]<\/p>\n<p style=\"text-align: center;\">affitto lugano<\/p>\n<p>[\/vc_column_text][\/vc_column_inner][vc_column_inner width=&#8220;1\/4&#8243;][vc_single_image image=&#8220;16872&#8243; img_size=&#8220;full&#8220; alignment=&#8220;center&#8220; qode_css_animation=&#8220;&#8220;][vc_column_text]<\/p>\n<p style=\"text-align: center;\">appartamenti in affitto<\/p>\n<p>[\/vc_column_text][\/vc_column_inner][vc_column_inner width=&#8220;1\/4&#8243;][vc_single_image image=&#8220;16874&#8243; img_size=&#8220;full&#8220; alignment=&#8220;center&#8220; qode_css_animation=&#8220;&#8220;][vc_column_text]<\/p>\n<p style=\"text-align: center;\">in affitto a lugano<\/p>\n<p>[\/vc_column_text][\/vc_column_inner][vc_column_inner width=&#8220;1\/4&#8243;][vc_single_image image=&#8220;16873&#8243; img_size=&#8220;full&#8220; alignment=&#8220;center&#8220; qode_css_animation=&#8220;&#8220;][vc_column_text]<\/p>\n<p style=\"text-align: center;\">appartamenti affitto vivere\u00a0ticino vivere lavorare<\/p>\n<p>[\/vc_column_text][\/vc_column_inner][\/vc_row_inner][vc_empty_space height=&#8220;45px&#8220;][vc_empty_space height=&#8220;65px&#8220;][\/vc_column][\/vc_row]<\/p>\n","protected":false},"excerpt":{"rendered":"<p>[vc_row row_type=&#8220;row&#8220; use_row_as_full_screen_section=&#8220;no&#8220; type=&#8220;grid&#8220; angled_section=&#8220;no&#8220; text_align=&#8220;center&#8220; background_image_as_pattern=&#8220;without_pattern&#8220; background_color=&#8220;#ffffff&#8220; css_animation=&#8220;&#8220;][vc_column][vc_empty_space height=&#8220;45px&#8220;][vc_column_text] Lugano: das Aparthotel La Residenza ist eine optimale L\u00f6sung [\/vc_column_text][vc_separator type=&#8220;transparent&#8220; up=&#8220;20&#8243; down=&#8220;0&#8243;][vc_column_text] Was wir Ihnen bieten&#8230; [\/vc_column_text][vc_separator type=&#8220;transparent&#8220; up=&#8220;20&#8243; down=&#8220;0&#8243;][vc_column_text] Wenn Sie aus Arbeitsgr\u00fcnden eine Unterkunft in Lugano suchen, ist unser Aparthotel eine strategische&#8230;<\/p>\n","protected":false},"author":1,"featured_media":0,"parent":0,"menu_order":0,"comment_status":"closed","ping_status":"closed","template":"full_width.php","meta":[],"_links":{"self":[{"href":"https:\/\/www.affittolugano.ch\/de\/wp-json\/wp\/v2\/pages\/16642"}],"collection":[{"href":"https:\/\/www.affittolugano.ch\/de\/wp-json\/wp\/v2\/pages"}],"about":[{"href":"https:\/\/www.affittolugano.ch\/de\/wp-json\/wp\/v2\/types\/page"}],"author":[{"embeddable":true,"href":"https:\/\/www.affittolugano.ch\/de\/wp-json\/wp\/v2\/users\/1"}],"replies":[{"embeddable":true,"href":"https:\/\/www.affittolugano.ch\/de\/wp-json\/wp\/v2\/comments?post=16642"}],"version-history":[{"count":0,"href":"https:\/\/www.affittolugano.ch\/de\/wp-json\/wp\/v2\/pages\/16642\/revisions"}],"wp:attachment":[{"href":"https:\/\/www.affittolugano.ch\/de\/wp-json\/wp\/v2\/media?parent=16642"}],"curies":[{"name":"wp","href":"https:\/\/api.w.org\/{rel}","templated":true}]}}