{"id":17626,"date":"2016-06-10T16:54:46","date_gmt":"2016-06-10T14:54:46","guid":{"rendered":"http:\/\/www.affittolugano.ch\/wp\/?page_id=17626"},"modified":"2016-06-20T23:43:40","modified_gmt":"2016-06-20T21:43:40","slug":"haftungsausschluss","status":"publish","type":"page","link":"https:\/\/www.affittolugano.ch\/de\/haftungsausschluss\/","title":{"rendered":"haftungsausschluss"},"content":{"rendered":"<p>[vc_row row_type=&#8220;row&#8220; use_row_as_full_screen_section=&#8220;no&#8220; type=&#8220;grid&#8220; angled_section=&#8220;no&#8220; text_align=&#8220;left&#8220; background_image_as_pattern=&#8220;without_pattern&#8220; css_animation=&#8220;&#8220;][vc_column][vc_empty_space height=&#8220;45px&#8220;][vc_column_text]<\/p>\n<h2 style=\"text-align: center;\">Aparthotel in Lugano, Tessin, Schweiz &#8211; Haftungsausschluss<\/h2>\n<p>[\/vc_column_text][vc_empty_space height=&#8220;22px&#8220;][vc_column_text]<\/p>\n<h2>Datenschutz und Behandlung der personenbezogenen Daten<\/h2>\n<h6>Information zum Datenschutz<\/h6>\n<p>Ihre personenbezogenen Daten werden durch den einzigen Zugriff auf diese Internetseite nicht verarbeitet.<br \/>\nDie eingegangenen E-Mails werden hingegen auf passwortgesch\u00fctzten Computern mit Firewall und Antivirenschutz, die st\u00e4ndig aktualisiert werden, gespeichert. Die betroffene Person hat das Recht, alle gesetzlich vorgesehenen Rechte geltend zu machen, insbesondere zu erfahren, welche Daten gespeichert wurden und \u00c4nderungen oder die L\u00f6schung zu verlangen.<br \/>\nSensible Daten der Nutzer werden ohne Genehmigung der betroffenen Personen weder anderen Unternehmen mitgeteilt noch ver\u00f6ffentlicht oder an Dritte abgetreten.<br \/>\nVerantwortlich f\u00fcr die Verarbeitung: La Residenza, Piazza della Riscossa, 16, 6900 Lugano (Schweiz)[\/vc_column_text][vc_empty_space height=&#8220;45px&#8220;][vc_column_text]<\/p>\n<h2>Google Analytics<\/h2>\n<h6>Informationen zur Analyse von Zugriffen auf Webseiten<\/h6>\n<p>Diese Internetseite verwendet Google Analytics, ein Webanalysedienst von Google Inc. (&#8222;Google&#8220;).<br \/>\nGoogle Analytics verwendet Cookies bzw. Textdateien, die auf Ihrem Computer gespeichert werden, um das Benutzerverhalten der Besucher einer spezifischen Webseite zu analysieren.<br \/>\nDie von den Cookies erzeugten Informationen in Bezug auf das Benutzerverhalten werden einschliesslich IP-Adresse an den Google-Server in den Vereinigten Staaten \u00fcbertragen und dort gespeichert.<br \/>\nGoogle verwendet diese Informationen, um das Benutzerverhalten beim Besuch einer Webseite aufzuzeichnen und zu analysieren, Berichte \u00fcber die Aktivit\u00e4ten der Internetseite f\u00fcr Webseitenbetreiber zu erstellen und weitere Dienste in Bezug auf die Aktivit\u00e4ten der Seite und die Nutzung des Internets bereitzustellen.<br \/>\nGoogle kann diese Informationen auch an Dritte \u00fcbermitteln, wenn dies gesetzlich erlaubt ist oder wenn diese Dritten die oben genannten Informationen im Namen von Google verarbeiten.<br \/>\nGoogle teilt Ihre IP-Adresse keinen anderen Daten zu, \u00fcber die Google verf\u00fcgt.<br \/>\nSie k\u00f6nnen Cookie-Funktionen \u00fcber die entsprechende Einstellung Ihres Browsers deaktivieren, dies kann aber bewirken, dass Sie die Funktionen dieser Internetseite nicht voll nutzen k\u00f6nnen.<br \/>\nDurch die Nutzung dieser Webseite stimmen Sie der Behandlung Ihrer Daten seitens Google zu den oben genannten Zwecken zu.[\/vc_column_text][vc_empty_space height=&#8220;45px&#8220;][vc_column_text]<\/p>\n<h2>Haftungsausschluss<\/h2>\n<p>Auch wenn wir die hier aufgef\u00fchrten Informationen sorgf\u00e4ltig erarbeitet haben, haften wir nicht f\u00fcr etwaige Fehler oder Ungenauigkeiten.[\/vc_column_text][vc_empty_space height=&#8220;65px&#8220;][\/vc_column][\/vc_row]<\/p>\n","protected":false},"excerpt":{"rendered":"<p>[vc_row row_type=&#8220;row&#8220; use_row_as_full_screen_section=&#8220;no&#8220; type=&#8220;grid&#8220; angled_section=&#8220;no&#8220; text_align=&#8220;left&#8220; background_image_as_pattern=&#8220;without_pattern&#8220; css_animation=&#8220;&#8220;][vc_column][vc_empty_space height=&#8220;45px&#8220;][vc_column_text] Aparthotel in Lugano, Tessin, Schweiz &#8211; Haftungsausschluss [\/vc_column_text][vc_empty_space height=&#8220;22px&#8220;][vc_column_text] Datenschutz und Behandlung der personenbezogenen Daten Information zum Datenschutz Ihre personenbezogenen Daten werden durch den einzigen Zugriff auf diese Internetseite nicht verarbeitet. Die eingegangenen E-Mails werden hingegen&#8230;<\/p>\n","protected":false},"author":1,"featured_media":0,"parent":0,"menu_order":0,"comment_status":"closed","ping_status":"closed","template":"full_width.php","meta":[],"_links":{"self":[{"href":"https:\/\/www.affittolugano.ch\/de\/wp-json\/wp\/v2\/pages\/17626"}],"collection":[{"href":"https:\/\/www.affittolugano.ch\/de\/wp-json\/wp\/v2\/pages"}],"about":[{"href":"https:\/\/www.affittolugano.ch\/de\/wp-json\/wp\/v2\/types\/page"}],"author":[{"embeddable":true,"href":"https:\/\/www.affittolugano.ch\/de\/wp-json\/wp\/v2\/users\/1"}],"replies":[{"embeddable":true,"href":"https:\/\/www.affittolugano.ch\/de\/wp-json\/wp\/v2\/comments?post=17626"}],"version-history":[{"count":0,"href":"https:\/\/www.affittolugano.ch\/de\/wp-json\/wp\/v2\/pages\/17626\/revisions"}],"wp:attachment":[{"href":"https:\/\/www.affittolugano.ch\/de\/wp-json\/wp\/v2\/media?parent=17626"}],"curies":[{"name":"wp","href":"https:\/\/api.w.org\/{rel}","templated":true}]}}