{"id":18963,"date":"2016-07-05T22:27:40","date_gmt":"2016-07-05T20:27:40","guid":{"rendered":"http:\/\/www.affittolugano.ch\/de\/?page_id=18963"},"modified":"2020-08-11T11:17:08","modified_gmt":"2020-08-11T09:17:08","slug":"de-home","status":"publish","type":"page","link":"https:\/\/www.affittolugano.ch\/de\/","title":{"rendered":"de-Home"},"content":{"rendered":"<p>[vc_row css_animation=&#8220;&#8220; row_type=&#8220;row&#8220; use_row_as_full_screen_section=&#8220;no&#8220; type=&#8220;full_width&#8220; angled_section=&#8220;no&#8220; text_align=&#8220;left&#8220; background_image_as_pattern=&#8220;without_pattern&#8220;][vc_column][vc_separator type=&#8220;normal&#8220; up=&#8220;0&#8243;][\/vc_column][\/vc_row][vc_row css_animation=&#8220;element_from_fade&#8220; row_type=&#8220;row&#8220; use_row_as_full_screen_section=&#8220;no&#8220; type=&#8220;grid&#8220; angled_section=&#8220;no&#8220; text_align=&#8220;left&#8220; background_image_as_pattern=&#8220;without_pattern&#8220; background_color=&#8220;#ffffff&#8220; transition_delay=&#8220;0.3&#8243;][vc_column][vc_empty_space height=&#8220;45px&#8220;][vc_row_inner row_type=&#8220;row&#8220; type=&#8220;full_width&#8220; text_align=&#8220;center&#8220; css_animation=&#8220;&#8220;][vc_column_inner width=&#8220;1\/2&#8243;][vc_empty_space height=&#8220;62px&#8220;][vc_column_text]<\/p>\n<h1 style=\"text-align: center;\">Aparthotel La Residenza, Lugano (Schweiz)<\/h1>\n<h2 style=\"text-align: center;\">Aparthotel La Residenza &#8211; Piazza della Riscossa, 16 &#8211; Lugano CH<\/h2>\n<p>&nbsp;<\/p>\n<p style=\"text-align: center;\">Aparthotel und Vermietung von Zimmern\/Appartements in Lugano, Tessin, Schweiz<\/p>\n<p>[\/vc_column_text][vc_empty_space height=&#8220;45px&#8220;][\/vc_column_inner][vc_column_inner width=&#8220;1\/2&#8243;][vc_empty_space height=&#8220;50px&#8220;][vc_raw_html]JTNDaWZyYW1lJTIwd2lkdGglM0QlMjI2NDAlMjIlMjBoZWlnaHQlM0QlMjIzNjAlMjIlMjBhbHQlM0QlMjJhcHBhcnRhbWVudGklMjBpbiUyMGFmZml0dG8lMjBhJTIwbHVnYW5vJTIyJTIwc3JjJTNEJTIyaHR0cHMlM0ElMkYlMkZ3d3cueW91dHViZS5jb20lMkZlbWJlZCUyRkMxR2lSa0hsdFhvJTNGcmVsJTNEMCUyMiUyMGZyYW1lYm9yZGVyJTNEJTIyMCUyMiUyMGFsbG93ZnVsbHNjcmVlbiUzRSUzQyUyRmlmcmFtZSUzRQ==[\/vc_raw_html][\/vc_column_inner][\/vc_row_inner][vc_empty_space height=&#8220;65px&#8220;][\/vc_column][\/vc_row][vc_row css_animation=&#8220;&#8220; row_type=&#8220;row&#8220; use_row_as_full_screen_section=&#8220;no&#8220; type=&#8220;grid&#8220; angled_section=&#8220;no&#8220; text_align=&#8220;left&#8220; background_image_as_pattern=&#8220;without_pattern&#8220; background_color=&#8220;#f8f8f8&#8243;][vc_column][vc_row_inner row_type=&#8220;row&#8220; type=&#8220;grid&#8220; text_align=&#8220;left&#8220; padding_top=&#8220;40&#8243; padding_bottom=&#8220;15&#8243; css_animation=&#8220;&#8220;][vc_column_inner][vc_empty_space][vc_column_text]<\/p>\n<h2 style=\"text-align: center;\">Aparthotel in Lugano<\/h2>\n<p>[\/vc_column_text][vc_separator type=&#8220;transparent&#8220; up=&#8220;20&#8243; down=&#8220;0&#8243;][vc_column_text]<\/p>\n<h4 style=\"text-align: center;\">Der Aufenthalt in unserem Aparthotel La Residenza in Lugano kann sich im Vergleich zur Miete einer Wohnung als optimale L\u00f6sung erweisen.<\/h4>\n<p>[\/vc_column_text][vc_separator type=&#8220;transparent&#8220; up=&#8220;30&#8243; down=&#8220;0&#8243;][vc_single_image image=&#8220;16852&#8243; img_size=&#8220;full&#8220; alignment=&#8220;center&#8220; qode_css_animation=&#8220;&#8220;][vc_separator type=&#8220;transparent&#8220; up=&#8220;30&#8243; down=&#8220;0&#8243;][vc_column_text]<\/p>\n<p style=\"text-align: left;\">Diese Internetseite f\u00fchrt die zahlreichen Vorteile unserer Residence im Detail auf. Lassen Sie sich \u00fcberzeugen!<\/p>\n<p style=\"text-align: left;\">Im Folgenden finden Sie eine Zusammenfassung der L\u00f6sung &#8222;Zeitmiete&#8220;, die von der Hoteldirektion des Aparthotel La Residenza in Lugano angeboten wird.<\/p>\n<p>&nbsp;<\/p>\n<p style=\"text-align: left;\">Wenn wir uns entscheiden, eine Einzimmerwohnung zu mieten, wissen wir ganz genau, dass neben den Mietkosten und der Laufzeit des Vertrags, die oft l\u00e4nger ist als n\u00f6tig, auch verschiedene andere Kosten und Belastungen anfallen, die bei der Unterzeichnung des Mietvertrags nicht vorhergesehen werden k\u00f6nnen. Wir beziehen uns beispielsweise auf die Gas- und Stromrechnungen, die Nebenkosten, das Wechseln der Bettw\u00e4sche und andere Angelegenheiten, die in einer Wohnung zu erledigen sind. Wir k\u00f6nnten die Erfahrung machen, dass die Mietkosten nur die H\u00e4lfte der Belastungen ausmachen, die wir effektiv zu tragen haben.<\/p>\n<p>[\/vc_column_text][\/vc_column_inner][\/vc_row_inner][vc_separator type=&#8220;transparent&#8220; up=&#8220;30&#8243; down=&#8220;0&#8243;][vc_single_image image=&#8220;16853&#8243; img_size=&#8220;full&#8220; alignment=&#8220;center&#8220; qode_css_animation=&#8220;&#8220;][vc_separator type=&#8220;transparent&#8220; up=&#8220;30&#8243; down=&#8220;0&#8243;][vc_column_text]Unser Aparthotel bietet hingegen komfortable Zimmer mit Bad, die bei Bedarf auch mit einer Kochnische ausgestattet sind, wodurch Sie selbst entscheiden k\u00f6nnen, ob Sie das Mittag- oder Abendessen im Appartment einnehmen m\u00f6chten. Zudem bieten wir auch einen Pf\u00f6rtnerservice sowie W\u00e4sche- und Reinigungsdienst. Dies alles absolut diskret. Das Team des Aparthotel La Residenza respektiert Ihre Privatsph\u00e4re und verh\u00e4lt sich demzufolge. Die Appartements und Zimmer sind ebenfalls mit Kabelfernsehen (30 Kan\u00e4le) ausgestattet.<\/p>\n<p>&nbsp;<\/p>\n<p>Unser Aparthotel in Lugano ist nur wenige Schritte vom See und vom Stadtzentrum entfernt. In nur wenigen Minuten tauchen Sie in das pulsierende Leben von Lugano ein. Im Umkreis von 100 Metern sind verschiedene Lokale, Caf\u00e9s, Restaurants, charakteristische Gastst\u00e4tten und elegante Boutiquen zu finden.[\/vc_column_text][vc_separator type=&#8220;transparent&#8220; up=&#8220;30&#8243; down=&#8220;0&#8243;][vc_single_image image=&#8220;16855&#8243; img_size=&#8220;full&#8220; alignment=&#8220;center&#8220; qode_css_animation=&#8220;&#8220;][vc_separator type=&#8220;transparent&#8220; up=&#8220;15&#8243; down=&#8220;0&#8243;][vc_column_text]<\/p>\n<p style=\"text-align: left;\">Jeden Arbeitstag-Morgen wird Fr\u00fchst\u00fcck bedient. Das Aparthotel verf\u00fcgt \u00fcber 37 Zimmer. Viele davon wurden erst k\u00fcrzlich mit einer Kochnische ausgestattet. Derzeit wird in allen Zimmern\/ Appartements ein DSL-Internetzugang eingerichtet. Die Zimmer\/ Appartements auf der nord\u00f6stlichen Seite des Aparthotel bieten eine wundersch\u00f6ne Aussicht auf den Luganosee. Wir stellen Wiegen f\u00fcr Kleinkinder zur Verf\u00fcgung. Haustiere sind nach Absprache mit der Direktion erlaubt.<\/p>\n<p>[\/vc_column_text][vc_separator type=&#8220;transparent&#8220; up=&#8220;30&#8243; down=&#8220;0&#8243;][vc_empty_space height=&#8220;55px&#8220;][\/vc_column][\/vc_row][vc_row row_type=&#8220;parallax&#8220; parallax_content_width=&#8220;in_grid&#8220; text_align=&#8220;center&#8220; background_image=&#8220;22173&#8243; full_screen_section_height=&#8220;no&#8220; section_height=&#8220;400&#8243;][vc_column][\/vc_column][\/vc_row][vc_row css_animation=&#8220;&#8220; row_type=&#8220;row&#8220; use_row_as_full_screen_section=&#8220;no&#8220; type=&#8220;full_width&#8220; angled_section=&#8220;no&#8220; text_align=&#8220;left&#8220; background_image_as_pattern=&#8220;without_pattern&#8220;][vc_column][vc_separator type=&#8220;normal&#8220; up=&#8220;0&#8243;][\/vc_column][\/vc_row][vc_row css_animation=&#8220;&#8220; row_type=&#8220;row&#8220; use_row_as_full_screen_section=&#8220;no&#8220; type=&#8220;grid&#8220; angled_section=&#8220;no&#8220; text_align=&#8220;left&#8220; background_image_as_pattern=&#8220;without_pattern&#8220; background_color=&#8220;#f8f8f8&#8243; padding_bottom=&#8220;65&#8243; css=&#8220;.vc_custom_1456163141266{background-color: #ffffff !important;}&#8220;][vc_column][vc_empty_space][vc_row_inner row_type=&#8220;row&#8220; type=&#8220;full_width&#8220; text_align=&#8220;left&#8220; padding_top=&#8220;50&#8243; padding_bottom=&#8220;30&#8243; css_animation=&#8220;&#8220;][vc_column_inner][vc_column_text]<\/p>\n<h2 style=\"text-align: center;\">Mindestmietdauer<\/h2>\n<p>[\/vc_column_text][\/vc_column_inner][\/vc_row_inner][vc_column_text]<\/p>\n<p style=\"text-align: left;\">Die Mindestmietdauer f\u00fcr Appartements in unserem Aparthotel betr\u00e4gt normalerweise drei Monate. Setzten Sie sich f\u00fcr besondere Bed\u00fcrfnisse bitte mit uns in Verbindung. Wir finden immer eine L\u00f6sung, die Ihren Anspr\u00fcchen gerecht wird.<\/p>\n<p>[\/vc_column_text][vc_empty_space][vc_empty_space][vc_column_text]<\/p>\n<h2 style=\"text-align: center;\">Was spricht f\u00fcr einen Aufenthalt in Lugano?<\/h2>\n<p>[\/vc_column_text][vc_empty_space height=&#8220;20px&#8220;][vc_column_text]Die Miete eines Appartments in unserem Aparthotel bietet viele Vorteile, die durch die Vorz\u00fcge des Lebens in dieser Stadt abgerundet werden \u2013 unter anderem die M\u00f6glichkeit, wundersch\u00f6ne Ausfl\u00fcge zu unternehmen, beispielsweise mit der Zahnradbahn, die zum Monte Generoso f\u00fchrt, die Drahtseilbahnen zum Monte Br\u00e8 oder zum Monte San Salvatore, von wo aus Sie eine faszinierende Aussicht auf den Luganosee und die Schweizer Alpen geniessen.<\/p>\n<p>&nbsp;<\/p>\n<p>Weitere Informationen \u00fcber die verschiedenen Ausflugsm\u00f6glichkeiten in der N\u00e4he unseres Aparthotels und im Umkreis von Lugano sind auf den verschiedenen Seiten dieser Homepage zu finden.[\/vc_column_text][vc_empty_space][vc_empty_space height=&#8220;45px&#8220;][vc_empty_space height=&#8220;65px&#8220;][\/vc_column][\/vc_row]<\/p>\n","protected":false},"excerpt":{"rendered":"<p>[vc_row css_animation=&#8220;&#8220; row_type=&#8220;row&#8220; use_row_as_full_screen_section=&#8220;no&#8220; type=&#8220;full_width&#8220; angled_section=&#8220;no&#8220; text_align=&#8220;left&#8220; background_image_as_pattern=&#8220;without_pattern&#8220;][vc_column][vc_separator type=&#8220;normal&#8220; up=&#8220;0&#8243;][\/vc_column][\/vc_row][vc_row css_animation=&#8220;element_from_fade&#8220; row_type=&#8220;row&#8220; use_row_as_full_screen_section=&#8220;no&#8220; type=&#8220;grid&#8220; angled_section=&#8220;no&#8220; text_align=&#8220;left&#8220; background_image_as_pattern=&#8220;without_pattern&#8220; background_color=&#8220;#ffffff&#8220; transition_delay=&#8220;0.3&#8243;][vc_column][vc_empty_space height=&#8220;45px&#8220;][vc_row_inner row_type=&#8220;row&#8220; type=&#8220;full_width&#8220; text_align=&#8220;center&#8220; css_animation=&#8220;&#8220;][vc_column_inner width=&#8220;1\/2&#8243;][vc_empty_space height=&#8220;62px&#8220;][vc_column_text] Aparthotel La Residenza, Lugano (Schweiz) Aparthotel La Residenza &#8211; Piazza della Riscossa, 16 &#8211; Lugano CH &nbsp; Aparthotel und&#8230;<\/p>\n","protected":false},"author":1,"featured_media":0,"parent":0,"menu_order":0,"comment_status":"closed","ping_status":"closed","template":"full_width.php","meta":[],"_links":{"self":[{"href":"https:\/\/www.affittolugano.ch\/de\/wp-json\/wp\/v2\/pages\/18963"}],"collection":[{"href":"https:\/\/www.affittolugano.ch\/de\/wp-json\/wp\/v2\/pages"}],"about":[{"href":"https:\/\/www.affittolugano.ch\/de\/wp-json\/wp\/v2\/types\/page"}],"author":[{"embeddable":true,"href":"https:\/\/www.affittolugano.ch\/de\/wp-json\/wp\/v2\/users\/1"}],"replies":[{"embeddable":true,"href":"https:\/\/www.affittolugano.ch\/de\/wp-json\/wp\/v2\/comments?post=18963"}],"version-history":[{"count":2,"href":"https:\/\/www.affittolugano.ch\/de\/wp-json\/wp\/v2\/pages\/18963\/revisions"}],"predecessor-version":[{"id":24352,"href":"https:\/\/www.affittolugano.ch\/de\/wp-json\/wp\/v2\/pages\/18963\/revisions\/24352"}],"wp:attachment":[{"href":"https:\/\/www.affittolugano.ch\/de\/wp-json\/wp\/v2\/media?parent=18963"}],"curies":[{"name":"wp","href":"https:\/\/api.w.org\/{rel}","templated":true}]}}