{"id":16647,"date":"2016-04-08T17:42:27","date_gmt":"2016-04-08T15:42:27","guid":{"rendered":"http:\/\/www.affittolugano.ch\/wp\/?page_id=16647"},"modified":"2017-01-12T21:29:33","modified_gmt":"2017-01-12T20:29:33","slug":"preguntas-frecuentes","status":"publish","type":"page","link":"https:\/\/www.affittolugano.ch\/es\/preguntas-frecuentes\/","title":{"rendered":"preguntas frecuentes"},"content":{"rendered":"<p>[vc_row row_type=\u00bbrow\u00bb use_row_as_full_screen_section=\u00bbno\u00bb type=\u00bbfull_width\u00bb angled_section=\u00bbno\u00bb text_align=\u00bbcenter\u00bb background_image_as_pattern=\u00bbwithout_pattern\u00bb background_color=\u00bb#ffffff\u00bb css_animation=\u00bb\u00bb][vc_column][vc_row_inner row_type=\u00bbrow\u00bb type=\u00bbgrid\u00bb text_align=\u00bbleft\u00bb padding_top=\u00bb85&#8243; padding_bottom=\u00bb0&#8243; css_animation=\u00bb\u00bb][vc_column_inner][vc_column_text]<\/p>\n<h1 style=\"text-align: center;\">Alojamiento Lugano \u00abLa Residenza\u00bb &#8211; Preguntas Frecuentes<\/h1>\n<p>[\/vc_column_text][vc_separator type=\u00bbtransparent\u00bb up=\u00bb20&#8243; down=\u00bb0&#8243;][vc_separator type=\u00bbtransparent\u00bb up=\u00bb30&#8243; down=\u00bb0&#8243;][vc_column_text]<\/p>\n<h2 style=\"text-align: center;\">Aqu\u00ed encontrar\u00e1 las respuestas a las preguntas m\u00e1s frecuentes que nos son planteadas<\/h2>\n<p>[\/vc_column_text][vc_separator type=\u00bbtransparent\u00bb up=\u00bb87&#8243; down=\u00bb0&#8243;][\/vc_column_inner][\/vc_row_inner][vc_row_inner row_type=\u00bbrow\u00bb type=\u00bbgrid\u00bb text_align=\u00bbleft\u00bb css_animation=\u00bb\u00bb][vc_column_inner width=\u00bb1\/2&#8243;][vc_raw_html]JTNDcCUyMGFsaWduJTNEJTIyY2VudGVyJTIyJTNFJTNDaW1nJTIwYWx0JTNEJTIyJTIyTGElMjBSZXNpZGVuemElMjIlMjBzZXJ2aWNlZCUyMGFwYXJ0bWVudHMlMkMlMjBMdWdhbm8lMjAtJTIwQ0glMjIlMjBoZWlnaHQlM0QlMjIzMTAlMjIlMjBzcmMlM0QlMjJodHRwJTNBJTJGJTJGd3d3LmFmZml0dG9sdWdhbm8uY2glMkZ3cCUyRndwLWNvbnRlbnQlMkZ1cGxvYWRzJTJGMjAxNiUyRjAzJTJGaW5ncmVzc28tY2FtZXJlLWFmZml0dG8uanBnJTIyJTIwdGl0bGUlM0QlMjIlMjJMYSUyMFJlc2lkZW56YSUyMiUyMHNlcnZpY2VkJTIwYXBhcnRtZW50cyUyQyUyMEx1Z2FubyUyMC0lMjBDSCUyMiUyMHdpZHRoJTNEJTIyNTAwJTIyJTNFJTNDJTJGcCUzRQ==[\/vc_raw_html][vc_separator type=\u00bbtransparent\u00bb up=\u00bb45&#8243; down=\u00bb0&#8243;][\/vc_column_inner][vc_column_inner width=\u00bb1\/2&#8243;][vc_raw_html]JTNDcCUyMGFsaWduJTNEJTIyY2VudGVyJTIyJTNFJTBBJTA5JTA5JTNDaW1nJTIwYWx0JTNEJTIyJTIyTGElMjBSZXNpZGVuemElMjIlMjBzZXJ2aWNlZCUyMGFwYXJ0bWVudHMlMkMlMjBMdWdhbm8lMjAtJTIwQ0glMjIlMjBoZWlnaHQlM0QlMjIzMTAlMjIlMjBzcmMlM0QlMjJodHRwJTNBJTJGJTJGd3d3LmFmZml0dG9sdWdhbm8uY2glMkZ3cCUyRndwLWNvbnRlbnQlMkZ1cGxvYWRzJTJGMjAxNiUyRjAzJTJGaW5ncmVzc28tcmVzaWRlbmNlLWNhbWVyZS1hZmZpdHRvLmpwZyUyMiUyMHRpdGxlJTNEJTIyJTIyTGElMjBSZXNpZGVuemElMjIlMjBzZXJ2aWNlZCUyMGFwYXJ0bWVudHMlMkMlMjBMdWdhbm8lMjAtJTIwQ0glMjIlMjB3aWR0aCUzRCUyMjUwMCUyMiUzRSUzQyUyRnAlM0U=[\/vc_raw_html][vc_separator type=\u00bbtransparent\u00bb up=\u00bb45&#8243; down=\u00bb0&#8243;][\/vc_column_inner][\/vc_row_inner][\/vc_column][\/vc_row][vc_row row_type=\u00bbrow\u00bb use_row_as_full_screen_section=\u00bbno\u00bb type=\u00bbgrid\u00bb angled_section=\u00bbno\u00bb text_align=\u00bbleft\u00bb background_image_as_pattern=\u00bbwithout_pattern\u00bb background_color=\u00bb#ffffff\u00bb padding_top=\u00bb80&#8243; css_animation=\u00bb\u00bb el_class=\u00bbteam_hover_color\u00bb][vc_column width=\u00bb1\/2&#8243;][vc_accordion active_tab=\u00bb1&#8243; collapsible=\u00bbyes\u00bb style=\u00bbboxed_accordion\u00bb][vc_accordion_tab title=\u00bb\u00bfLos precios del alojamiento son por habitaci\u00f3n o por persona?\u00bb background_color=\u00bb#a3a3a3&#8243;][vc_column_text]Todos los precios que encuentran en la\u00a0<a title=\"affitto lugano\" href=\"http:\/\/www.affittolugano.ch\/es\/precios-y-promociones\/\"><span class=\"style6\">p\u00e1gina de precios<\/span><\/a>\u00a0son por habitaci\u00f3n.[\/vc_column_text][\/vc_accordion_tab][vc_accordion_tab title=\u00bb\u00bfPuedo recibir invitados en mi habitaci\u00f3n?\u00bb background_color=\u00bb#a3a3a3&#8243;][vc_column_text]Claro que s\u00ed.[\/vc_column_text][\/vc_accordion_tab][vc_accordion_tab title=\u00bb\u00bfCu\u00e1nto tiempo se puede quedar un invitado?\u00bb background_color=\u00bb#a3a3a3&#8243;][vc_column_text]Si su invitado se queda alguna noche, no hay ning\u00fan problema; para periodos largos de permanencia, aunque no existen costes adicionales, ser\u00e1 necesario comunicar a la Direcci\u00f3n los datos personales del invitado, puesto que estamos obligados a registrarlo.[\/vc_column_text][\/vc_accordion_tab][vc_accordion_tab title=\u00bb\u00bfD\u00f3nde puedo aparcar el coche?\u00bb background_color=\u00bb#a3a3a3&#8243;][vc_column_text]Nuestro alojamiento dispone de 8 aparcamientos al aire libre que pueden alquilarse por 150,00 francos suizos al mes. En alternativa, hay casi siempre buenas posibilidades de aparcar en las calles situadas en las inmediaciones del alojamiento.[\/vc_column_text][\/vc_accordion_tab][vc_accordion_tab title=\u00bb\u00bfCu\u00e1l es el periodo m\u00ednimo de alquiler de una habitaci\u00f3n en el alojamiento?\u00bb background_color=\u00bb#a3a3a3&#8243;][vc_column_text]Por regla general, alquilamos nuestras habitaciones durante un periodo m\u00ednimo de tres meses; no obstante, existe la posibilidad de acordar f\u00f3rmulas para estancias de una semana. P\u00f3ngase en contacto con nosotros y encontraremos la soluci\u00f3n m\u00e1s adecuada para sus exigencias.[\/vc_column_text][\/vc_accordion_tab][vc_accordion_tab title=\u00bb\u00bfA qu\u00e9 distancia se encuentra el alojamiento de la parada de autob\u00fas?\u00bb background_color=\u00bb#a3a3a3&#8243;][vc_column_text]Nuestro alojamiento se encuentra a 50 metros de distancia de la parada de autob\u00fas m\u00e1s cercana.[\/vc_column_text][\/vc_accordion_tab][vc_accordion_tab title=\u00bb\u00bfA qu\u00e9 distancia se encuentra el alojamiento de la estaci\u00f3n ferroviaria de Lugano?\u00bb background_color=\u00bb#a3a3a3&#8243;][vc_column_text]El alojamiento se encuentra a unos 2 km de distancia de la estaci\u00f3n ferroviaria, lleg\u00e1ndose a ella c\u00f3modamente tanto con los autobuses urbanos como con el funicular que sale de la estaci\u00f3n.[\/vc_column_text][\/vc_accordion_tab][vc_accordion_tab title=\u00bb\u00bfDispone el alojamiento de conexi\u00f3n a Internet?\u00bb background_color=\u00bb#a3a3a3&#8243;][vc_column_text]S\u00ed. Los hu\u00e9spedes pueden conectarse gratuitamente a nuestra red WI-FI.[\/vc_column_text][\/vc_accordion_tab][vc_accordion_tab title=\u00bb\u00bfTengo que pagar aparte la luz, la electricidad, el agua o la calefacci\u00f3n?\u00bb background_color=\u00bb#a3a3a3&#8243;][vc_column_text]Absolutamente no! Estos costes est\u00e1n incluidos en la cuota de alquiler de la habitaci\u00f3n.[\/vc_column_text][\/vc_accordion_tab][vc_accordion_tab title=\u00bb\u00bfSe puede fumar en las habitaciones del alojamiento?\u00bb background_color=\u00bb#a3a3a3&#8243;][vc_column_text]Tenemos habitaciones para fumadores y habitaciones para no fumadores. Cuando reserve una habitaci\u00f3n, acu\u00e9rdese de especificar si desea una habitaci\u00f3n para fumadores o no. Le contentaremos.[\/vc_column_text][\/vc_accordion_tab][\/vc_accordion][vc_empty_space height=\u00bb65px\u00bb][\/vc_column][vc_column width=\u00bb1\/2&#8243;][vc_accordion active_tab=\u00bb1&#8243; collapsible=\u00bbyes\u00bb style=\u00bbboxed_accordion\u00bb][vc_accordion_tab title=\u00bb\u00bfExiste un servicio de vigilancia por v\u00eddeo en el alojamiento?\u00bb background_color=\u00bb#a3a3a3&#8243;][vc_column_text]Claro que s\u00ed. Las zonas comunes del alojamiento est\u00e1n sometidas a vigilancia por v\u00eddeo las 24 horas del d\u00eda para la seguridad de nuestros hu\u00e9spedes.[\/vc_column_text][\/vc_accordion_tab][vc_accordion_tab title=\u00bb\u00bfPuedo tener animales dom\u00e9sticos en mi habitaci\u00f3n?\u00bb background_color=\u00bb#a3a3a3&#8243;][vc_column_text]Por regla general, solemos permitir a nuestros hu\u00e9spedes tener perros o gatos en su habitaci\u00f3n, siempre que no molesten a los dem\u00e1s hu\u00e9spedes del alojamiento y previos acuerdos con la Direcci\u00f3n.[\/vc_column_text][\/vc_accordion_tab][vc_accordion_tab title=\u00bb\u00bfPuedo cocinar en mi habitaci\u00f3n?\u00bb background_color=\u00bb#a3a3a3&#8243;][vc_column_text]Tenemos habitaciones con cocina americana y habitaciones sin cocina americana. Las habitaciones con cocina americana (habitaciones renovadas recientemente) cuestan s\u00f3lo 100 francos suizos m\u00e1s al mes (<a title=\"affitto lugano\" href=\"http:\/\/www.affittolugano.ch\/es\/precios-y-promociones\/\"><span class=\"style6\">ver lista de precios<\/span><\/a>). En cualquier caso, en las habitaciones sin cocina podr\u00e1 introducir un hornillo el\u00e9ctrico o un horno microondas de su propiedad.[\/vc_column_text][\/vc_accordion_tab][vc_accordion_tab title=\u00bbSi no quiero almorzar en la habitaci\u00f3n, \u00bfpuedo hacerlo en las inmediaciones del alojamiento a un coste contenido?\u00bb background_color=\u00bb#a3a3a3&#8243;][vc_column_text]Claro que s\u00ed. La pasteler\u00eda Florean, ubicada en el mismo establecimiento del alojamiento, ofrece a mediod\u00eda men\u00fas de calidad a precio fijo, con costes verdaderamente contenidos.[\/vc_column_text][\/vc_accordion_tab][vc_accordion_tab title=\u00bb\u00bfHay televisor en las habitaciones del alojamiento?\u00bb background_color=\u00bb#a3a3a3&#8243;][vc_column_text]Claro que s\u00ed. Todas las habitaciones est\u00e1n dotadas de TV por cable con 30 canales. El servicio est\u00e1 incluido en el precio del alquiler.[\/vc_column_text][\/vc_accordion_tab][vc_accordion_tab title=\u00bb\u00bfQu\u00e9 diferencia hay entre habitaciones renovadas y habitaciones no renovadas?\u00bb background_color=\u00bb#a3a3a3&#8243;][vc_column_text]Los pisos del alojamiento est\u00e1n siendo renovados de forma gradual, en el sentido que la moqueta preexistente est\u00e1 siendo sustituida por un pavimento de dise\u00f1o, en parquet de roble macizo, a\u00f1adi\u00e9ndose una cocina americana, tambi\u00e9n de refinado dise\u00f1o. En otras palabras, las habitaciones no renovadas siguen teniendo moqueta en lugar de parquet, no tienen cocina americana y los muebles son de un dise\u00f1o menos moderno. La diferencia de la cuota de alquiler mensual entre una habitaci\u00f3n no renovada y una renovada es de 100,00 francos suizos (<a title=\"affitto lugano\" href=\"http:\/\/www.affittolugano.ch\/es\/precios-y-promociones\/\"><span class=\"style6\">ver listas de precio<\/span>s<\/a>).[\/vc_column_text][\/vc_accordion_tab][vc_accordion_tab title=\u00bb\u00bfEst\u00e1 incluido el desayuno en el precio del alquiler?\u00bb background_color=\u00bb#a3a3a3&#8243;][vc_column_text]El desayuno (que puede ser consumido en la pasteler\u00eda Florean adyacente al alojamiento) puede estar incluido en el precio del alquiler o excluido, como prefiera (<a title=\"affitto lugano\" href=\"http:\/\/www.affittolugano.ch\/es\/precios-y-promociones\/\"><span class=\"style6\">ver lista de precios<\/span><\/a>).[\/vc_column_text][\/vc_accordion_tab][vc_accordion_tab title=\u00bb\u00bfHay una oficina de correos en las cercan\u00edas del alojamiento?\u00bb background_color=\u00bb#a3a3a3&#8243;][vc_column_text]Claro que s\u00ed. La oficina de correos se encuentra en el mismo complejo residencial del Alojamiento.[\/vc_column_text][\/vc_accordion_tab][vc_accordion_tab title=\u00bb\u00bfHay lavander\u00eda en el alojamiento?\u00bb background_color=\u00bb#a3a3a3&#8243;][vc_column_text]S\u00ed. En el alojamiento hay una lavander\u00eda autom\u00e1tica de monedas (con secadora).[\/vc_column_text][\/vc_accordion_tab][vc_accordion_tab title=\u00bbNo he encontrado en esta p\u00e1gina la respuesta que buscaba, \u00bfd\u00f3nde puedo encontrarla?\u00bb background_color=\u00bb#a3a3a3&#8243;][vc_column_text]En esta p\u00e1gina hemos incluido las preguntas que suelen hacernos con m\u00e1s frecuencia y las relativas respuestas. Para cualquier otra pregunta, rogamos no dude en ponerse en contacto con nosotros llamando a los n\u00fameros de tel\u00e9fono +41 (0)91 976 1719 \/ +41 (0)79 937 8061.[\/vc_column_text][\/vc_accordion_tab][\/vc_accordion][vc_empty_space height=\u00bb65px\u00bb][\/vc_column][\/vc_row][vc_row row_type=\u00bbparallax\u00bb parallax_content_width=\u00bbin_grid\u00bb text_align=\u00bbcenter\u00bb background_image=\u00bb15286&#8243; full_screen_section_height=\u00bbno\u00bb section_height=\u00bb345&#8243;][vc_column][\/vc_column][\/vc_row]<\/p>\n","protected":false},"excerpt":{"rendered":"<p>[vc_row row_type=\u00bbrow\u00bb use_row_as_full_screen_section=\u00bbno\u00bb type=\u00bbfull_width\u00bb angled_section=\u00bbno\u00bb text_align=\u00bbcenter\u00bb background_image_as_pattern=\u00bbwithout_pattern\u00bb background_color=\u00bb#ffffff\u00bb css_animation=\u00bb\u00bb][vc_column][vc_row_inner row_type=\u00bbrow\u00bb type=\u00bbgrid\u00bb text_align=\u00bbleft\u00bb padding_top=\u00bb85&#8243; padding_bottom=\u00bb0&#8243; css_animation=\u00bb\u00bb][vc_column_inner][vc_column_text] Alojamiento Lugano \u00abLa Residenza\u00bb &#8211; Preguntas Frecuentes [\/vc_column_text][vc_separator type=\u00bbtransparent\u00bb up=\u00bb20&#8243; down=\u00bb0&#8243;][vc_separator type=\u00bbtransparent\u00bb up=\u00bb30&#8243; down=\u00bb0&#8243;][vc_column_text] Aqu\u00ed encontrar\u00e1 las respuestas a las preguntas m\u00e1s frecuentes que nos son planteadas [\/vc_column_text][vc_separator type=\u00bbtransparent\u00bb up=\u00bb87&#8243;&#8230;<\/p>\n","protected":false},"author":1,"featured_media":0,"parent":0,"menu_order":0,"comment_status":"closed","ping_status":"closed","template":"full_width.php","meta":[],"_links":{"self":[{"href":"https:\/\/www.affittolugano.ch\/es\/wp-json\/wp\/v2\/pages\/16647"}],"collection":[{"href":"https:\/\/www.affittolugano.ch\/es\/wp-json\/wp\/v2\/pages"}],"about":[{"href":"https:\/\/www.affittolugano.ch\/es\/wp-json\/wp\/v2\/types\/page"}],"author":[{"embeddable":true,"href":"https:\/\/www.affittolugano.ch\/es\/wp-json\/wp\/v2\/users\/1"}],"replies":[{"embeddable":true,"href":"https:\/\/www.affittolugano.ch\/es\/wp-json\/wp\/v2\/comments?post=16647"}],"version-history":[{"count":0,"href":"https:\/\/www.affittolugano.ch\/es\/wp-json\/wp\/v2\/pages\/16647\/revisions"}],"wp:attachment":[{"href":"https:\/\/www.affittolugano.ch\/es\/wp-json\/wp\/v2\/media?parent=16647"}],"curies":[{"name":"wp","href":"https:\/\/api.w.org\/{rel}","templated":true}]}}