{"id":16657,"date":"2016-04-08T15:59:33","date_gmt":"2016-04-08T13:59:33","guid":{"rendered":"http:\/\/www.affittolugano.ch\/wp\/?page_id=16657"},"modified":"2020-08-07T16:19:51","modified_gmt":"2020-08-07T14:19:51","slug":"pisos-en-lugano","status":"publish","type":"page","link":"https:\/\/www.affittolugano.ch\/es\/pisos-en-lugano\/","title":{"rendered":"pisos en lugano"},"content":{"rendered":"<p>[vc_row css_animation=\u00bb\u00bb row_type=\u00bbrow\u00bb use_row_as_full_screen_section=\u00bbno\u00bb type=\u00bbfull_width\u00bb angled_section=\u00bbno\u00bb text_align=\u00bbcenter\u00bb background_image_as_pattern=\u00bbwithout_pattern\u00bb background_color=\u00bb#ffffff\u00bb][vc_column][vc_row_inner row_type=\u00bbrow\u00bb type=\u00bbgrid\u00bb text_align=\u00bbleft\u00bb padding_top=\u00bb85&#8243; padding_bottom=\u00bb0&#8243; css_animation=\u00bb\u00bb][vc_column_inner][vc_column_text]<\/p>\n<h1 style=\"text-align: center;\">Alojamiento y casa en alquiler en Lugano &#8211; Suiza<\/h1>\n<p>[\/vc_column_text][vc_separator type=\u00bbtransparent\u00bb up=\u00bb20&#8243; down=\u00bb0&#8243;][vc_column_text]<\/p>\n<h2 style=\"text-align: center;\">Alojamiento en Lugano \u00abLa Residenza\u00bb &#8211; Tesino (Suiza)<\/h2>\n<p>[\/vc_column_text][vc_separator type=\u00bbtransparent\u00bb up=\u00bb30&#8243; down=\u00bb0&#8243;][vc_column_text]<\/p>\n<h5 style=\"text-align: center;\">Alojamiento \u00abLa Residenza\u00bb: casi como una verdadera casa en alquiler para vivir en el Tesino.<\/h5>\n<p>[\/vc_column_text][vc_separator type=\u00bbtransparent\u00bb up=\u00bb87&#8243; down=\u00bb0&#8243;][\/vc_column_inner][\/vc_row_inner][vc_row_inner row_type=\u00bbrow\u00bb type=\u00bbgrid\u00bb text_align=\u00bbleft\u00bb css_animation=\u00bb\u00bb][vc_column_inner width=\u00bb1\/2&#8243;][vc_separator type=\u00bbtransparent\u00bb up=\u00bb65&#8243; down=\u00bb0&#8243;][vc_separator type=\u00bbtransparent\u00bb up=\u00bb65&#8243; down=\u00bb0&#8243;][vc_separator type=\u00bbtransparent\u00bb up=\u00bb25&#8243; down=\u00bb0&#8243;][vc_column_text]<\/p>\n<p style=\"text-align: left;\">Vivir en la regi\u00f3n del Tesino, como sostienen sus habitantes, es maravilloso: \u00abUna peque\u00f1a Regi\u00f3n, un gran mundo\u00bb, \u00e9ste es el lema.<\/p>\n<p>[\/vc_column_text][vc_separator type=\u00bbtransparent\u00bb up=\u00bb20&#8243; down=\u00bb0&#8243;][vc_separator type=\u00bbtransparent\u00bb up=\u00bb87&#8243; down=\u00bb0&#8243;][vc_separator type=\u00bbtransparent\u00bb up=\u00bb87&#8243; down=\u00bb0&#8243;][vc_separator type=\u00bbtransparent\u00bb up=\u00bb80&#8243; down=\u00bb0&#8243;][vc_column_text]<\/p>\n<p style=\"text-align: left;\">Contar con una casa en alquiler en las zonas del Tesino es, seguramente, una meta codiciada, pero a veces los costes de alquiler de un piso alejan ese sue\u00f1o.\u00a0<strong>Una soluci\u00f3n f\u00e1cil, c\u00f3moda y conveniente<\/strong>\u00a0es alquilar, a precios ventajosos, un piso, casi como una peque\u00f1a casa, en el alojamiento \u00abLa Residenza\u00bb.<\/p>\n<p>[\/vc_column_text][vc_separator type=\u00bbtransparent\u00bb up=\u00bb87&#8243; down=\u00bb0&#8243;][\/vc_column_inner][vc_column_inner width=\u00bb1\/2&#8243;][vc_single_image image=\u00bb16864&#8243; img_size=\u00bbfull\u00bb alignment=\u00bbcenter\u00bb qode_css_animation=\u00bb\u00bb][vc_separator type=\u00bbtransparent\u00bb up=\u00bb87&#8243; down=\u00bb0&#8243;][vc_single_image image=\u00bb16863&#8243; img_size=\u00bbfull\u00bb alignment=\u00bbcenter\u00bb qode_css_animation=\u00bb\u00bb][\/vc_column_inner][\/vc_row_inner][vc_empty_space height=\u00bb65px\u00bb][vc_empty_space height=\u00bb45px\u00bb][\/vc_column][\/vc_row][vc_row row_type=\u00bbparallax\u00bb parallax_content_width=\u00bbin_grid\u00bb text_align=\u00bbcenter\u00bb background_image=\u00bb22212&#8243; full_screen_section_height=\u00bbno\u00bb section_height=\u00bb400&#8243;][vc_column][\/vc_column][\/vc_row][vc_row css_animation=\u00bb\u00bb row_type=\u00bbrow\u00bb use_row_as_full_screen_section=\u00bbno\u00bb type=\u00bbfull_width\u00bb angled_section=\u00bbno\u00bb text_align=\u00bbleft\u00bb background_image_as_pattern=\u00bbwithout_pattern\u00bb][vc_column][vc_separator type=\u00bbnormal\u00bb up=\u00bb0&#8243; down=\u00bb0&#8243;][\/vc_column][\/vc_row][vc_row css_animation=\u00bb\u00bb row_type=\u00bbrow\u00bb use_row_as_full_screen_section=\u00bbno\u00bb type=\u00bbgrid\u00bb angled_section=\u00bbno\u00bb text_align=\u00bbleft\u00bb background_image_as_pattern=\u00bbwithout_pattern\u00bb background_color=\u00bb#ffffff\u00bb padding_top=\u00bb80&#8243; el_class=\u00bbteam_hover_color\u00bb][vc_column][vc_row_inner row_type=\u00bbrow\u00bb type=\u00bbfull_width\u00bb text_align=\u00bbleft\u00bb padding_bottom=\u00bb50&#8243; css_animation=\u00bb\u00bb][vc_column_inner][vc_separator type=\u00bbtransparent\u00bb up=\u00bb20&#8243; down=\u00bb0&#8243;][vc_single_image image=\u00bb16865&#8243; img_size=\u00bbfull\u00bb alignment=\u00bbcenter\u00bb qode_css_animation=\u00bb\u00bb][vc_separator type=\u00bbtransparent\u00bb up=\u00bb32&#8243; down=\u00bb0&#8243;][vc_column_text]<\/p>\n<p style=\"text-align: left;\">Puede ser una manera para poder comprender si vivir en la regi\u00f3n del Tesino es la elecci\u00f3n adecuada y para empezar a familiarizarse con el territorio sin comprometerse en el coste de\u00a0<strong>alquiler de una casa<\/strong>. \u00abLa Residenza\u00bb de Lugano es el alojamiento ideal para descubrir la zona del Tesino, al estar sumergido en la zona residencial de Castagnola, uno de los barrios m\u00e1s prestigiosos de la ciudad de Lugano, se encuentra a dos pasos del lago y goza de todas las comodidades, de la discreci\u00f3n y de la seguridad necesarias para el propio placer y tranquilidad, como el servicio diario de porter\u00eda y la asistencia las 24 horas del d\u00eda para emergencias y urgencias.<\/p>\n<p>[\/vc_column_text][vc_separator type=\u00bbtransparent\u00bb up=\u00bb32&#8243; down=\u00bb0&#8243;][vc_single_image image=\u00bb16866&#8243; img_size=\u00bbfull\u00bb alignment=\u00bbcenter\u00bb qode_css_animation=\u00bb\u00bb][vc_separator type=\u00bbtransparent\u00bb up=\u00bb32&#8243; down=\u00bb0&#8243;][vc_column_text]<\/p>\n<p style=\"text-align: left;\">Las bonitas habitaciones,\u00a0<strong>algunas de ellas dotadas de cocina americana<\/strong>\u00a0y otras con\u00a0<strong>vista lago<\/strong>, se encuentran a disposici\u00f3n para ser\u00a0<strong>alquiladas a partir de 3 meses y, en algunos casos, tambi\u00e9n durante periodos inferiores.<\/strong><\/p>\n<p>&nbsp;<\/p>\n<p style=\"text-align: left;\">Gozar durante unos meses de una\u00a0<strong>casa en alquiler<\/strong>\u00a0es la mejor soluci\u00f3n para entender si la\u00a0<strong>zona del Tesino<\/strong>\u00a0nos conviene, ya que alquilar un piso o una casa durante un breve periodo de tiempo es realmente imposible, pues nadie alquila una casa para tres meses solamente; sin embargo, en la \u00ab<strong>La Residenza<\/strong>\u00bb se puede alquilar un minipiso, similar a una peque\u00f1a casa, durante un breve periodo y organizarse del mejor modo posible para la futura vida en Lugano o en el Tesino.<\/p>\n<p>&nbsp;<\/p>\n<p style=\"text-align: left;\">Para comprender lo agradable que puede ser tener una casa propia en alquiler en la regi\u00f3n del Tesino basta recordar el siguiente dicho popular: \u00ablas estrellas se agolpan de noche en el cielo para encontrar un lugarcito desde el que admirar el Tesino\u00bb. Es el cant\u00f3n m\u00e1s meridional de Suiza: aqu\u00ed casi siempre hace buen tiempo. El verano llega pronto y se va tarde y tambi\u00e9n este clima favorable puede ser un \u00f3ptimo motivo para alquilar una minicasa en \u00ab<strong>La Residenza<\/strong>\u00bb de Lugano.<\/p>\n<p>&nbsp;<\/p>\n<p style=\"text-align: left;\">Los habitantes del Cant\u00f3n del Tesino son una poblaci\u00f3n mixta de frontera, y los 300.000 habitantes se han quedado con lo mejor de las distintas culturas que se mezclan en esta maravillosa Regi\u00f3n, haciendo del Tesino un lugar con gran encanto, modernidad, internacionalidad y, sin embargo, pegado todav\u00eda a antiguas tradiciones y con una \u00f3ptima cultura enogastron\u00f3mica.<\/p>\n<p>&nbsp;<\/p>\n<p style=\"text-align: left;\">Tener una casa en alquiler en el Tesino, significa, pues, gozar de un clima espl\u00e9ndido, de muchos servicios, de gran seguridad y de \u00f3ptima hospitalidad. En el\u00a0<strong>alojamiento \u00abLa Residenza\u00bb<\/strong>\u00a0de Lugano, la atenci\u00f3n al hu\u00e9sped y sus necesidades ocupan el primer lugar y todos los que alquilen un piso se sentir\u00e1n como en casa, una peque\u00f1a casa con todas las comodidades, incluida la\u00a0<strong>conexi\u00f3n ADSL<\/strong>\u00a0en todas las habitaciones y\u00a0<strong>TV por cable con 30 canales<\/strong>. El alojamiento sirve el desayuno por la ma\u00f1ana en dias de trabajo, haciendo su estancia m\u00e1s familiar, en un clima hogare\u00f1o, como en su propia casa.<\/p>\n<p>&nbsp;<\/p>\n<p style=\"text-align: left;\">El coste del alquiler es muy ventajoso y cada hu\u00e9sped podr\u00e1 modular su periodo de alquiler seg\u00fan sus exigencias. La regi\u00f3n del Tesino, y en particular la zona de Lugano, ofrecen much\u00edsimas ocasiones recreativas, de profundizaci\u00f3n en la cultura y, sobre todo, encantadores paseos. Montes y valles, parques y jardines, as\u00ed como una extraordinaria riqueza de especies bot\u00e1nicas, alegran la vista y valorizan el sentido de tener una casa en alquiler en el Tesino y en el\u00a0<strong>alojamiento \u00abLa Residenza\u00bb<\/strong>.<\/p>\n<p>&nbsp;<\/p>\n<p style=\"text-align: left;\">Antes de optar por vivir y\u00a0<strong>alquilar una casa en el Tesino<\/strong>, merece la pena verdaderamente hacer una prueba alquilando un piso en el alojamiento \u00abLa Residenza\u00bb de Lugano. Esta soluci\u00f3n permitir\u00e1 entender las maravillosas oportunidades que ofrece el Tesino a quienes desean vivir all\u00ed, siendo la elecci\u00f3n del alquiler s\u00f3lo durante unos meses la soluci\u00f3n m\u00e1s ventajosa y menos complicada.<\/p>\n<p>&nbsp;<\/p>\n<p style=\"text-align: left;\">Alquilar una casa en la regi\u00f3n del Tesino significa tambi\u00e9n vivir en una de las mejores zonas de Suiza desde el punto de vista enogastron\u00f3mico. Efectivamente, la tradici\u00f3n de esta regi\u00f3n ahonda sus or\u00edgenes en la gran cultura culinaria italiana, especialmente la lombarda, por lo que tener una casa en el Tesino para los gourmets, o estar en r\u00e9gimen de alquiler en \u00abLa Residenza\u00bb, tambi\u00e9n quiere decir tener al alcance de la mano algunos de los\u00a0<strong>restaurantes m\u00e1s famosos<\/strong>\u00a0de toda Suiza, una meta apreciada por muchos extranjeros que visitan la zona.<\/p>\n<p>&nbsp;<\/p>\n<p style=\"text-align: left;\">La regi\u00f3n del Tesino es tambi\u00e9n la tierra natal de uno de los\u00a0<strong>chefs m\u00e1s importantes<\/strong>de la historia de la gastronom\u00eda mundial:\u00a0<strong>Martino de Rubeis<\/strong>, que naci\u00f3 en el valle del Blenio y que trabaj\u00f3 en las Cortes m\u00e1s importantes del siglo XV, siendo m\u00e1s conocido como\u00a0<strong>Maestro Martino<\/strong>\u00a0&#8211; el \u00abpr\u00edncipe de los cocineros\u00bb, como lo defini\u00f3\u00a0<strong>Bartolomeo Sacchi<\/strong>.<\/p>\n<p>&nbsp;<\/p>\n<p style=\"text-align: left;\">Una tradici\u00f3n de alta cocina que se transmite en muchos\u00a0<strong>locales caracter\u00edsticos<\/strong>\u00a0y que hace a\u00fan m\u00e1s acertada la elecci\u00f3n de vivir en esta encantadora zona. Pero los placeres del Tesino no se acaban aqu\u00ed. Desde el alojamiento \u00abLa Residenza\u00bb puede llegarse con facilidad, con r\u00e1pidos medios de transporte, a metas tur\u00edsticas y paisaj\u00edsticas de incomparable belleza, que hacen a\u00fan m\u00e1s evidente el valor de gozar de una casa en alquiler en el Tesino.<\/p>\n<p>&nbsp;<\/p>\n<p style=\"text-align: left;\">Entre los much\u00edsimos itinerarios posibles para paseos y excursiones, existen al menos 5 reconocidos por los amantes excursionistas m\u00e1s estimados, al tratarse de paseos dedicados al\u00a0<strong>descubrimiento de hierbas medicinales<\/strong>. En efecto, el clima especialmente favorable del que goza la Regi\u00f3n consiente el crecimiento vigoroso de muchas plantas arom\u00e1ticas.<\/p>\n<p>&nbsp;<\/p>\n<p style=\"text-align: left;\">Parece, pues, que los motivos para elegir una casa en alquiler, o un\u00a0<strong>piso en alquiler en Lugano<\/strong>\u00a0en el\u00a0<strong>alojamiento \u00abLa Residenza\u00bb<\/strong>, no se acaban nunca. En efecto, estas excursiones pueden alternarse con numerosos\u00a0<strong>paseos alpinos<\/strong>, como el de\u00a0<em>Alpe Piora<\/em>, donde se encuentra el\u00a0<strong>Centro de Biolog\u00eda Alpina<\/strong>, famoso instituto de estudios internacionales sobre el ecosistema, en un escenario alpino de gran belleza.<\/p>\n<p>&nbsp;<\/p>\n<p style=\"text-align: left;\">En Piora se encuentra tambi\u00e9n la zona de alpicultura c\u00e9lebre por el queso del mismo nombre, uno de los mejores del Cant\u00f3n del Tesino. Para los m\u00e1s perezosos, para aquellos que conciben la casa como un lugar en el que detenerse el mayor tiempo posible, les recordamos que Lugano es una ciudad internacional con m\u00faltiples instalaciones deportivas, como tenis y golf, balnearios, bonitos centros comerciales y tiendas para ir de compras.<\/p>\n<p>&nbsp;<\/p>\n<p style=\"text-align: left;\">\u00bfA qu\u00e9 esperan entonces para\u00a0<strong>vivir en el Tesino<\/strong>? \u00bfA qu\u00e9 esperan para probar la vida del Tesino en el alojamiento de Lugano \u201cLa Residenza\u00bb?<\/p>\n<p>&nbsp;<\/p>\n<p style=\"text-align: left;\">Vivir en \u00abLa Residenza\u00bb es como vivir en una casa en alquiler, pero el periodo de alquiler de la casa lo eligen Ustedes.<\/p>\n<p>&nbsp;<\/p>\n<p style=\"text-align: left;\">Vivir en \u00abLa Residenza\u00bb les permitir\u00e1 disfrutar de una peque\u00f1a casa en alquiler sin necesidad de una mudanza, con un ligero coste econ\u00f3mico (s\u00f3lo el coste de tres meses de alquiler), \u00a1y les parecer\u00e1 que est\u00e1n en casa!<\/p>\n<p>[\/vc_column_text][\/vc_column_inner][\/vc_row_inner][vc_empty_space height=\u00bb65px\u00bb][vc_empty_space height=\u00bb45px\u00bb][\/vc_column][\/vc_row]<\/p>\n","protected":false},"excerpt":{"rendered":"<p>[vc_row css_animation=\u00bb\u00bb row_type=\u00bbrow\u00bb use_row_as_full_screen_section=\u00bbno\u00bb type=\u00bbfull_width\u00bb angled_section=\u00bbno\u00bb text_align=\u00bbcenter\u00bb background_image_as_pattern=\u00bbwithout_pattern\u00bb background_color=\u00bb#ffffff\u00bb][vc_column][vc_row_inner row_type=\u00bbrow\u00bb type=\u00bbgrid\u00bb text_align=\u00bbleft\u00bb padding_top=\u00bb85&#8243; padding_bottom=\u00bb0&#8243; css_animation=\u00bb\u00bb][vc_column_inner][vc_column_text] Alojamiento y casa en alquiler en Lugano &#8211; Suiza [\/vc_column_text][vc_separator type=\u00bbtransparent\u00bb up=\u00bb20&#8243; down=\u00bb0&#8243;][vc_column_text] Alojamiento en Lugano \u00abLa Residenza\u00bb &#8211; Tesino (Suiza) [\/vc_column_text][vc_separator type=\u00bbtransparent\u00bb up=\u00bb30&#8243; down=\u00bb0&#8243;][vc_column_text] Alojamiento \u00abLa Residenza\u00bb: casi como&#8230;<\/p>\n","protected":false},"author":1,"featured_media":0,"parent":0,"menu_order":0,"comment_status":"closed","ping_status":"closed","template":"full_width.php","meta":[],"_links":{"self":[{"href":"https:\/\/www.affittolugano.ch\/es\/wp-json\/wp\/v2\/pages\/16657"}],"collection":[{"href":"https:\/\/www.affittolugano.ch\/es\/wp-json\/wp\/v2\/pages"}],"about":[{"href":"https:\/\/www.affittolugano.ch\/es\/wp-json\/wp\/v2\/types\/page"}],"author":[{"embeddable":true,"href":"https:\/\/www.affittolugano.ch\/es\/wp-json\/wp\/v2\/users\/1"}],"replies":[{"embeddable":true,"href":"https:\/\/www.affittolugano.ch\/es\/wp-json\/wp\/v2\/comments?post=16657"}],"version-history":[{"count":1,"href":"https:\/\/www.affittolugano.ch\/es\/wp-json\/wp\/v2\/pages\/16657\/revisions"}],"predecessor-version":[{"id":24334,"href":"https:\/\/www.affittolugano.ch\/es\/wp-json\/wp\/v2\/pages\/16657\/revisions\/24334"}],"wp:attachment":[{"href":"https:\/\/www.affittolugano.ch\/es\/wp-json\/wp\/v2\/media?parent=16657"}],"curies":[{"name":"wp","href":"https:\/\/api.w.org\/{rel}","templated":true}]}}