{"id":16661,"date":"2016-04-08T16:00:13","date_gmt":"2016-04-08T14:00:13","guid":{"rendered":"http:\/\/www.affittolugano.ch\/wp\/?page_id=16661"},"modified":"2020-08-07T16:21:34","modified_gmt":"2020-08-07T14:21:34","slug":"precios-y-promociones","status":"publish","type":"page","link":"https:\/\/www.affittolugano.ch\/es\/precios-y-promociones\/","title":{"rendered":"precios y promociones"},"content":{"rendered":"<p>[vc_row css_animation=\u00bb\u00bb row_type=\u00bbrow\u00bb use_row_as_full_screen_section=\u00bbno\u00bb type=\u00bbgrid\u00bb angled_section=\u00bbno\u00bb text_align=\u00bbcenter\u00bb background_image_as_pattern=\u00bbwithout_pattern\u00bb background_color=\u00bb#ffffff\u00bb][vc_column][vc_empty_space height=\u00bb45px\u00bb][vc_column_text]<\/p>\n<h1 style=\"text-align: center;\">Alojamiento Lugano &#8211; Los precios de las habitaciones<\/h1>\n<p>[\/vc_column_text][vc_separator type=\u00bbtransparent\u00bb up=\u00bb45&#8243; down=\u00bb0&#8243;][vc_column_text]<\/p>\n<h2 style=\"text-align: center;\">Precios de alquiler de habitaciones en el alojamiento \u00abLa Residenza\u00bb de Lugano<\/h2>\n<p>[\/vc_column_text][vc_separator type=\u00bbtransparent\u00bb up=\u00bb45&#8243; down=\u00bb0&#8243;][vc_row_inner row_type=\u00bbrow\u00bb type=\u00bbfull_width\u00bb text_align=\u00bbleft\u00bb css_animation=\u00bb\u00bb][vc_column_inner width=\u00bb2\/3&#8243;][vc_separator type=\u00bbtransparent\u00bb up=\u00bb32&#8243; down=\u00bb0&#8243;][vc_column_text]<\/p>\n<h4 style=\"text-align: left;\">Precio por minipiso cama doble, con cocina americana (soluci\u00f3n A)<\/h4>\n<p style=\"text-align: left;\">Minipisos dotados con cocina americana y ba\u00f1o. Desayuno\u00a0<u>incluido<\/u>.<\/p>\n<p style=\"text-align: left;\"><strong>1.550,00 CHF \/mes<span lang=\"DE\">,<\/span><span class=\"apple-converted-space\"><b><span lang=\"DE\">\u00a0<\/span><\/b><\/span><span lang=\"DE\">IVA comprendido<\/span><\/strong><\/p>\n<p>[\/vc_column_text][vc_separator type=\u00bbtransparent\u00bb up=\u00bb32&#8243; down=\u00bb0&#8243;][vc_column_text]<\/p>\n<h4 style=\"text-align: left;\">Precio por minipiso cama doble, sin cocina americana (soluci\u00f3n B)<\/h4>\n<p style=\"text-align: left;\">Minipisos con ba\u00f1o. Desayuno\u00a0<u>incluido<\/u>.<\/p>\n<p style=\"text-align: left;\"><strong>1.450,00 CHF \/mes<span lang=\"DE\">,<\/span><span class=\"apple-converted-space\"><b><span lang=\"DE\">\u00a0<\/span><\/b><\/span><span lang=\"DE\">IVA comprendido<\/span><\/strong><\/p>\n<p>[\/vc_column_text][vc_separator type=\u00bbtransparent\u00bb up=\u00bb32&#8243; down=\u00bb0&#8243;][vc_column_text]<\/p>\n<h4 style=\"text-align: left;\">Precio por piso \u00abdouble suite\u00bb cama doble, adem\u00e0s de sof\u00e0-cama, con cocina americana (soluci\u00f3n C)<\/h4>\n<p style=\"text-align: left;\">Minipisos dobles dotados con cocina americana y ba\u00f1o. Desayuno\u00a0<u>incluido<\/u>.<\/p>\n<p style=\"text-align: left;\"><strong>2.200,00 CHF \/mes<span lang=\"DE\">,<\/span><span class=\"apple-converted-space\"><b><span lang=\"DE\">\u00a0<\/span><\/b><\/span><span lang=\"DE\">IVA comprendido<\/span><\/strong><\/p>\n<p>[\/vc_column_text][\/vc_column_inner][vc_column_inner width=\u00bb1\/3&#8243;][vc_single_image image=\u00bb16826&#8243; img_size=\u00bbfull\u00bb alignment=\u00bbcenter\u00bb qode_css_animation=\u00bb\u00bb][vc_empty_space][vc_empty_space][vc_empty_space][vc_single_image image=\u00bb16827&#8243; img_size=\u00bbfull\u00bb alignment=\u00bbcenter\u00bb qode_css_animation=\u00bb\u00bb][\/vc_column_inner][\/vc_row_inner][vc_empty_space height=\u00bb45px\u00bb][vc_empty_space height=\u00bb65px\u00bb][\/vc_column][\/vc_row][vc_row row_type=\u00bbparallax\u00bb parallax_content_width=\u00bbin_grid\u00bb text_align=\u00bbcenter\u00bb background_image=\u00bb22329&#8243; full_screen_section_height=\u00bbno\u00bb section_height=\u00bb400&#8243;][vc_column][\/vc_column][\/vc_row][vc_row css_animation=\u00bb\u00bb row_type=\u00bbrow\u00bb use_row_as_full_screen_section=\u00bbno\u00bb type=\u00bbfull_width\u00bb angled_section=\u00bbno\u00bb text_align=\u00bbleft\u00bb background_image_as_pattern=\u00bbwithout_pattern\u00bb][vc_column][vc_separator type=\u00bbnormal\u00bb up=\u00bb0&#8243; down=\u00bb0&#8243;][\/vc_column][\/vc_row][vc_row css_animation=\u00bb\u00bb row_type=\u00bbrow\u00bb use_row_as_full_screen_section=\u00bbno\u00bb type=\u00bbgrid\u00bb angled_section=\u00bbno\u00bb text_align=\u00bbleft\u00bb background_image_as_pattern=\u00bbwithout_pattern\u00bb background_color=\u00bb#ffffff\u00bb padding_top=\u00bb80&#8243; el_class=\u00bbteam_hover_color\u00bb][vc_column][vc_row_inner row_type=\u00bbrow\u00bb type=\u00bbfull_width\u00bb text_align=\u00bbleft\u00bb padding_bottom=\u00bb50&#8243; css_animation=\u00bb\u00bb][vc_column_inner width=\u00bb1\/2&#8243;][vc_separator type=\u00bbtransparent\u00bb up=\u00bb45&#8243; down=\u00bb0&#8243;][vc_raw_html]JTNDcCUyMGFsaWduJTNEJTIyY2VudGVyJTIyJTNFJTBBJTA5JTA5JTNDaW1nJTIwYWx0JTNEJTIyU2VydmljZWQlMjBhcGFydG1lbnRzJTIwLSUyMEZpdG5lc3MtUm9vbSUyMiUyMHRpdGxlJTNEJTIyU2VydmljZWQlMjBhcGFydG1lbnRzJTIwLSUyMEZpdG5lc3MtUm9vbSUyMiUyMGhlaWdodCUzRCUyMjMxMCUyMiUyMHNyYyUzRCUyMmh0dHAlM0ElMkYlMkZ3d3cuYWZmaXR0b2x1Z2Fuby5jaCUyRndwJTJGd3AtY29udGVudCUyRnVwbG9hZHMlMkYyMDE2JTJGMDMlMkZhdHRyZXp6aS10ZWNobm9neW0tcmVzaWRlbmNlLWxhcmVzaWRlbnphLWx1Z2Fuby5qcGclMjIlMjB3aWR0aCUzRCUyMjUwMCUyMiUzRSUzQyUyRnAlM0U=[\/vc_raw_html][\/vc_column_inner][vc_column_inner width=\u00bb1\/2&#8243;][vc_separator type=\u00bbtransparent\u00bb up=\u00bb45&#8243; down=\u00bb0&#8243;][vc_raw_html]JTNDcCUyMGFsaWduJTNEJTIyY2VudGVyJTIyJTNFJTBBJTA5JTA5JTNDaW1nJTIwYWx0JTNEJTIyU2VydmljZWQlMjBhcGFydG1lbnRzJTIwLSUyMEZpdG5lc3MtUm9vbSUyMiUyMHRpdGxlJTNEJTIyU2VydmljZWQlMjBhcGFydG1lbnRzJTIwLSUyMEZpdG5lc3MtUm9vbSUyMiUyMGhlaWdodCUzRCUyMjMxMCUyMiUyMHNyYyUzRCUyMmh0dHAlM0ElMkYlMkZ3d3cuYWZmaXR0b2x1Z2Fuby5jaCUyRndwJTJGd3AtY29udGVudCUyRnVwbG9hZHMlMkYyMDE2JTJGMDMlMkZhZmZpdHRvLWx1Z2Fuby1jYW1lcmEtYXR0cmV6emktdGVjaG5vZ3ltLmpwZyUyMiUyMHdpZHRoJTNEJTIyNTAwJTIyJTNFJTNDJTJGcCUzRQ==[\/vc_raw_html][\/vc_column_inner][\/vc_row_inner][vc_separator type=\u00bbtransparent\u00bb up=\u00bb20&#8243; down=\u00bb0&#8243;][vc_column_text]<\/p>\n<h2 style=\"text-align: center;\">\u00bfCu\u00e1nto cuesta una habitaci\u00f3n en alquiler en nuestro alojamiento de Lugano?<\/h2>\n<p>[\/vc_column_text][vc_separator type=\u00bbtransparent\u00bb up=\u00bb20&#8243; down=\u00bb0&#8243;][vc_column_text]Todos los precios indicados para nuestros minipisos incluyen los siguientes servicios:<\/p>\n<ul>\n<li>desayuno servido en dias de trabajo,<\/li>\n<li>cocina americana disponible en casi todas las habitaci\u00f3nes,<\/li>\n<li>cambio semanal de s\u00e1banas y toallas de ba\u00f1o,<\/li>\n<li>limpieza semanal del minipiso,<\/li>\n<li>uso ilimitado \u2013 entre las 06:00 y las 22:00 \u2013 del gimnasio del alojamiento, equipado con maquinas originales Technogym,<\/li>\n<li>red inal\u00e1mbrica,<\/li>\n<li>Tv por cable con 30 canales,<\/li>\n<li>habitaciones amuebladas,<\/li>\n<li>diversos gastos de electricidad, agua, calefacci\u00f3n y comunidad,<\/li>\n<li>minifrigor\u00edfico dentro de cada minipiso,<\/li>\n<li>recepcionista,<\/li>\n<li>portero de noche a disposici\u00f3n,<\/li>\n<li>distribuci\u00f3n de correo,<\/li>\n<li>vigilancia por video de las partes comunes, para la seguridad de nuestros hu\u00e9spedes,<\/li>\n<\/ul>\n<p>[\/vc_column_text][vc_separator type=\u00bbtransparent\u00bb up=\u00bb20&#8243; down=\u00bb0&#8243;][vc_raw_html]JTNDcCUyMGFsaWduJTNEJTIyY2VudGVyJTIyJTNFJTNDaW1nJTIwYWx0JTNEJTIyTGElMjBSZXNpZGVuemElMjIlMjBSZXNpZGVuY2UlMjBpbiUyMEx1Z2FubyUyMiUyMHRpdGxlJTNEJTIyJTIyTGElMjBSZXNpZGVuemElMjIlMjBSZXNpZGVuY2UlMjBpbiUyMEx1Z2FubyUyMiUyMGhlaWdodCUzRCUyMjMxMCUyMiUyMHNyYyUzRCUyMmh0dHAlM0ElMkYlMkZ3d3cuYWZmaXR0b2x1Z2Fuby5jaCUyRndwJTJGd3AtY29udGVudCUyRnVwbG9hZHMlMkYyMDE2JTJGMDMlMkZjYW1lcmUtYWZmaXR0by1sdWdhbm8uanBnJTIyJTIwd2lkdGglM0QlMjI1MDAlMjIlM0UlM0MlMkZwJTNF[\/vc_raw_html][vc_separator type=\u00bbtransparent\u00bb up=\u00bb45&#8243; down=\u00bb0&#8243;][vc_column_text]<\/p>\n<p style=\"text-align: left;\">Adem\u00e1s, nuestro alojamiento pone a disposici\u00f3n de sus hu\u00e9spedes un servicio de bar\/snack y de lavander\u00eda, ambos con la modalidad de autoservicio.<\/p>\n<p>&nbsp;<\/p>\n<p style=\"text-align: left;\">Nuestro alojamiento dispone de 8 aparcamientos al aire libre que pueden alquilarse por 150,00 francos suizos al mes. En alternativa, hay casi siempre buenas posibilidades de aparcar en las calles situadas en las inmediaciones del alojamiento.<\/p>\n<p>&nbsp;<\/p>\n<p style=\"text-align: left;\"><strong>Para cualquier pregunta, no dude en ponerse en contacto con nosotros llamando a los n\u00fameros de tel\u00e9fono +41 (0)91 976 1719 \/ +41 (0)79 937 8061.<\/strong><\/p>\n<p>[\/vc_column_text][vc_empty_space height=\u00bb65px\u00bb][vc_empty_space height=\u00bb65px\u00bb][\/vc_column][\/vc_row]<\/p>\n","protected":false},"excerpt":{"rendered":"<p>[vc_row css_animation=\u00bb\u00bb row_type=\u00bbrow\u00bb use_row_as_full_screen_section=\u00bbno\u00bb type=\u00bbgrid\u00bb angled_section=\u00bbno\u00bb text_align=\u00bbcenter\u00bb background_image_as_pattern=\u00bbwithout_pattern\u00bb background_color=\u00bb#ffffff\u00bb][vc_column][vc_empty_space height=\u00bb45px\u00bb][vc_column_text] Alojamiento Lugano &#8211; Los precios de las habitaciones [\/vc_column_text][vc_separator type=\u00bbtransparent\u00bb up=\u00bb45&#8243; down=\u00bb0&#8243;][vc_column_text] Precios de alquiler de habitaciones en el alojamiento \u00abLa Residenza\u00bb de Lugano [\/vc_column_text][vc_separator type=\u00bbtransparent\u00bb up=\u00bb45&#8243; down=\u00bb0&#8243;][vc_row_inner row_type=\u00bbrow\u00bb type=\u00bbfull_width\u00bb text_align=\u00bbleft\u00bb css_animation=\u00bb\u00bb][vc_column_inner width=\u00bb2\/3&#8243;][vc_separator type=\u00bbtransparent\u00bb up=\u00bb32&#8243;&#8230;<\/p>\n","protected":false},"author":1,"featured_media":0,"parent":0,"menu_order":0,"comment_status":"closed","ping_status":"closed","template":"full_width.php","meta":[],"_links":{"self":[{"href":"https:\/\/www.affittolugano.ch\/es\/wp-json\/wp\/v2\/pages\/16661"}],"collection":[{"href":"https:\/\/www.affittolugano.ch\/es\/wp-json\/wp\/v2\/pages"}],"about":[{"href":"https:\/\/www.affittolugano.ch\/es\/wp-json\/wp\/v2\/types\/page"}],"author":[{"embeddable":true,"href":"https:\/\/www.affittolugano.ch\/es\/wp-json\/wp\/v2\/users\/1"}],"replies":[{"embeddable":true,"href":"https:\/\/www.affittolugano.ch\/es\/wp-json\/wp\/v2\/comments?post=16661"}],"version-history":[{"count":1,"href":"https:\/\/www.affittolugano.ch\/es\/wp-json\/wp\/v2\/pages\/16661\/revisions"}],"predecessor-version":[{"id":24335,"href":"https:\/\/www.affittolugano.ch\/es\/wp-json\/wp\/v2\/pages\/16661\/revisions\/24335"}],"wp:attachment":[{"href":"https:\/\/www.affittolugano.ch\/es\/wp-json\/wp\/v2\/media?parent=16661"}],"curies":[{"name":"wp","href":"https:\/\/api.w.org\/{rel}","templated":true}]}}