{"id":16666,"date":"2016-04-08T16:01:47","date_gmt":"2016-04-08T14:01:47","guid":{"rendered":"http:\/\/www.affittolugano.ch\/wp\/?page_id=16666"},"modified":"2016-06-20T11:33:05","modified_gmt":"2016-06-20T09:33:05","slug":"por-que-nosotros","status":"publish","type":"page","link":"https:\/\/www.affittolugano.ch\/es\/por-que-nosotros\/","title":{"rendered":"\u00bfpor qu\u00e8 nosotros?"},"content":{"rendered":"<p>[vc_row row_type=\u00bbrow\u00bb use_row_as_full_screen_section=\u00bbno\u00bb type=\u00bbgrid\u00bb angled_section=\u00bbno\u00bb text_align=\u00bbcenter\u00bb background_image_as_pattern=\u00bbwithout_pattern\u00bb background_color=\u00bb#ffffff\u00bb css_animation=\u00bb\u00bb][vc_column][vc_empty_space height=\u00bb45px\u00bb][vc_column_text]<\/p>\n<h1 style=\"text-align: center;\">Vivir en alquiler en Lugano en el alojamiento<br \/>\n\u00abLa Residenza\u00bb<\/h1>\n<p>[\/vc_column_text][vc_separator type=\u00bbtransparent\u00bb up=\u00bb20&#8243; down=\u00bb0&#8243;][vc_column_text]<\/p>\n<h2 style=\"text-align: center;\"><span style=\"color: red; font-size: large;\">\u00bfPor qu\u00e9 nosotros?<\/span><\/h2>\n<p>[\/vc_column_text][vc_separator type=\u00bbtransparent\u00bb up=\u00bb20&#8243; down=\u00bb0&#8243;][vc_column_text]<\/p>\n<h4 style=\"text-align: center;\">La elecci\u00f3n de la utilizaci\u00f3n de nuestro alojamiento, sobre todo para quien debe quedarse por trabajo en Lugano, es una elecci\u00f3n estrat\u00e9gica y ahora vamos a ilustrarles las razones de esta afirmaci\u00f3n:<\/h4>\n<p>[\/vc_column_text][vc_separator type=\u00bbtransparent\u00bb up=\u00bb45&#8243; down=\u00bb0&#8243;][vc_single_image image=\u00bb16852&#8243; img_size=\u00bbfull\u00bb alignment=\u00bbcenter\u00bb qode_css_animation=\u00bb\u00bb][vc_separator type=\u00bbtransparent\u00bb up=\u00bb45&#8243; down=\u00bb0&#8243;][vc_column_text]<\/p>\n<p class=\"auto-style1\" style=\"text-align: left;\">De media un piso de\u00a0<strong>alquiler<\/strong>\u00a0en Lugano cuesta entre 700 y 900 FRS\/ mes, fuera del centro.<\/p>\n<p>&nbsp;<\/p>\n<p class=\"auto-style1\" style=\"text-align: left;\">Normalmente, aparte de la se\u00f1al, hay que comprometerse a un contrato que va de los 3 a los 5 a\u00f1os, mientras que con nosotros es de \u00fanicamente 3 meses.<\/p>\n<p>&nbsp;<\/p>\n<p class=\"auto-style1\" style=\"text-align: left;\">Con nosotros, los costes de la luz, agua y gas est\u00e1n incluidos, en cambio, en un piso en\u00a0<strong>alquiler<\/strong>\u00a0en Lugano, hay que a\u00f1adir el coste de los recibos y otros gastos de comunidad.<\/p>\n<p>&nbsp;<\/p>\n<p class=\"auto-style1\" style=\"text-align: left;\">En su casa propia, en un piso en\u00a0<strong>alquiler<\/strong>\u00a0, o en un estudio, cada persona debe lavar y planchar todas las semanas tanto las s\u00e1banas de la cama, como las toallas de ba\u00f1o; mientras que con nosotros el servicio de cambio semanal de ropa blanca \u2013 de ba\u00f1o y de cama \u2013 est\u00e1 a cargo del alojamiento e incluido en el precio, adem\u00e1s, nuestra residencia realiza la limpieza de la habitaci\u00f3n en\u00a0<strong>alquiler<\/strong>\u00a0todas las semanas.<\/p>\n<p>&nbsp;<\/p>\n<p class=\"auto-style1\" style=\"text-align: left;\">Adem\u00e1s, dentro del edificio hay distribuidores autom\u00e1ticos de s\u00e1ndwiches, bebidas no alcoh\u00f3licas, caf\u00e9 y aperitivos, adecuados para un refrigerio en el caso en que se vuelva tarde por la noche, o se salga temprano por la ma\u00f1ana.<\/p>\n<p>&nbsp;<\/p>\n<p class=\"auto-style1\" style=\"text-align: left;\">Tampoco se debe pasar por alto un gimnasio totalmente equipado con m\u00e1quinas Tecnogym, l\u00edder en el sector; disponible sin ning\u00fan tipo de limitaci\u00f3n para nuestros inquilinos en\u00a0<strong>alquiler<\/strong>\u00a0en el alojamiento.<\/p>\n<p>[\/vc_column_text][vc_empty_space height=\u00bb65px\u00bb][vc_empty_space height=\u00bb45px\u00bb][\/vc_column][\/vc_row][vc_row row_type=\u00bbparallax\u00bb parallax_content_width=\u00bbin_grid\u00bb text_align=\u00bbcenter\u00bb background_image=\u00bb15986&#8243; full_screen_section_height=\u00bbno\u00bb section_height=\u00bb400&#8243;][vc_column][\/vc_column][\/vc_row][vc_row row_type=\u00bbrow\u00bb use_row_as_full_screen_section=\u00bbno\u00bb type=\u00bbfull_width\u00bb angled_section=\u00bbno\u00bb text_align=\u00bbleft\u00bb background_image_as_pattern=\u00bbwithout_pattern\u00bb css_animation=\u00bb\u00bb][vc_column][vc_separator type=\u00bbnormal\u00bb up=\u00bb0&#8243; down=\u00bb0&#8243;][\/vc_column][\/vc_row][vc_row row_type=\u00bbrow\u00bb use_row_as_full_screen_section=\u00bbno\u00bb type=\u00bbgrid\u00bb angled_section=\u00bbno\u00bb text_align=\u00bbleft\u00bb background_image_as_pattern=\u00bbwithout_pattern\u00bb background_color=\u00bb#ffffff\u00bb padding_top=\u00bb80&#8243; css_animation=\u00bb\u00bb el_class=\u00bbteam_hover_color\u00bb][vc_column][vc_separator type=\u00bbtransparent\u00bb up=\u00bb20&#8243; down=\u00bb0&#8243;][vc_column_text]<\/p>\n<p class=\"auto-style1\" style=\"text-align: left;\">A menudo, quien viaja por trabajo no tiene tiempo ni ganas de cocinar por \u00e9l mismo cuando vive en un piso en\u00a0<strong>alquiler<\/strong>\u00a0en Lugano; en cambio, nuestra residencia ha realizado convenios con restaurantes cercanos, para quien quisiera beneficiarse del servicio cena\/restaurante a un coste bajo, de la siguiente manera:<\/p>\n<p>&nbsp;<\/p>\n<p style=\"text-align: left;\"><strong><span class=\"auto-style1\">Restaurante La Lanchetta<\/span><\/strong>:<\/p>\n<p class=\"auto-style2\" style=\"text-align: left;\">Viale Castagnola, 16 &#8211; 6900 Lugano<\/p>\n<p class=\"auto-style1\" style=\"text-align: left;\"><strong>20 FRS.\u2013\/persona, CENA O DESAYUNO<\/strong>, bebidas no incluidas.<\/p>\n<p>&nbsp;<\/p>\n<p class=\"auto-style1\" style=\"text-align: left;\"><strong>Hotel Lido Seegarten<\/strong>:<\/p>\n<p class=\"auto-style2\" style=\"text-align: left;\">Viale Castagnola, 22 &#8211; 6900 Lugano<\/p>\n<p class=\"auto-style1\" style=\"text-align: left;\"><strong>40 FRS.\u2013\/persona, PLATO PRINCIPAL CENA Y POSTRE<\/strong>\u00a0(sacados del men\u00fa de la noche ), adem\u00e1s de las bebidas.<\/p>\n<p class=\"auto-style1\" style=\"text-align: left;\">60 FRS..\u2013\/persona, MEN\u00da CENA COMPLETO, adem\u00e1s de las bebidas.<\/p>\n<p class=\"auto-style1\" style=\"text-align: left;\">Por otra parte, proponen la novedad de los \u00abFlammkuchen\/Pizzas alsacianas\u00bb, se trata de una propuesta sabrosa, simple,\u00a0<strong>a partir de s\u00f3lo 12 FRS.\u2013, hasta un m\u00e1ximo de 16 FRS.\u2013 .<\/strong><\/p>\n<p>&nbsp;<\/p>\n<p class=\"auto-style1\" style=\"text-align: left;\">Adem\u00e1s, tampoco hay que olvidar el emplazamiento c\u00e9ntrico de nuestra residencia, desde la cual y con s\u00f3lo unos minutos a pie se llega al centro de la ciudad, ahorrando de esta manera un tiempo, tanto en lo referido al coste de los medios como de aparcamiento.<\/p>\n<p>&nbsp;<\/p>\n<p class=\"auto-style1\" style=\"text-align: left;\">A fin de cuentas, considerando todos estos elementos conjuntamente, probablemente tambi\u00e9n \u00fanicamente desde el punto de vista econ\u00f3mico, es m\u00e1s conveniente para quien busca un\u00a0<strong>alquiler<\/strong>\u00a0en Lugano quedarse en nuestra residencia antes que comprometerse durante mucho tiempo, y con gastos de comunidad imprevisibles, en el pago del\u00a0<strong>alquiler<\/strong>\u00a0puro y duro de un piso.<\/p>\n<p>[\/vc_column_text][vc_separator type=\u00bbtransparent\u00bb up=\u00bb65&#8243; down=\u00bb0&#8243;][vc_row_inner row_type=\u00bbrow\u00bb type=\u00bbfull_width\u00bb text_align=\u00bbleft\u00bb css_animation=\u00bb\u00bb][vc_column_inner width=\u00bb1\/4&#8243;][vc_single_image image=\u00bb16875&#8243; img_size=\u00bbfull\u00bb alignment=\u00bbcenter\u00bb qode_css_animation=\u00bb\u00bb][vc_column_text]<\/p>\n<p style=\"text-align: center;\">affitto lugano<\/p>\n<p>[\/vc_column_text][\/vc_column_inner][vc_column_inner width=\u00bb1\/4&#8243;][vc_single_image image=\u00bb16872&#8243; img_size=\u00bbfull\u00bb alignment=\u00bbcenter\u00bb qode_css_animation=\u00bb\u00bb][vc_column_text]<\/p>\n<p style=\"text-align: center;\">appartamenti in affitto<\/p>\n<p>[\/vc_column_text][\/vc_column_inner][vc_column_inner width=\u00bb1\/4&#8243;][vc_single_image image=\u00bb16874&#8243; img_size=\u00bbfull\u00bb alignment=\u00bbcenter\u00bb qode_css_animation=\u00bb\u00bb][vc_column_text]<\/p>\n<p style=\"text-align: center;\">in affitto a lugano<\/p>\n<p>[\/vc_column_text][\/vc_column_inner][vc_column_inner width=\u00bb1\/4&#8243;][vc_single_image image=\u00bb16873&#8243; img_size=\u00bbfull\u00bb alignment=\u00bbcenter\u00bb qode_css_animation=\u00bb\u00bb][vc_column_text]<\/p>\n<p style=\"text-align: center;\">appartamenti affitto vivere\u00a0ticino vivere lavorare<\/p>\n<p>[\/vc_column_text][\/vc_column_inner][\/vc_row_inner][vc_empty_space height=\u00bb45px\u00bb][vc_empty_space height=\u00bb65px\u00bb][\/vc_column][\/vc_row]<\/p>\n","protected":false},"excerpt":{"rendered":"<p>[vc_row row_type=\u00bbrow\u00bb use_row_as_full_screen_section=\u00bbno\u00bb type=\u00bbgrid\u00bb angled_section=\u00bbno\u00bb text_align=\u00bbcenter\u00bb background_image_as_pattern=\u00bbwithout_pattern\u00bb background_color=\u00bb#ffffff\u00bb css_animation=\u00bb\u00bb][vc_column][vc_empty_space height=\u00bb45px\u00bb][vc_column_text] Vivir en alquiler en Lugano en el alojamiento \u00abLa Residenza\u00bb [\/vc_column_text][vc_separator type=\u00bbtransparent\u00bb up=\u00bb20&#8243; down=\u00bb0&#8243;][vc_column_text] \u00bfPor qu\u00e9 nosotros? [\/vc_column_text][vc_separator type=\u00bbtransparent\u00bb up=\u00bb20&#8243; down=\u00bb0&#8243;][vc_column_text] La elecci\u00f3n de la utilizaci\u00f3n de nuestro alojamiento, sobre todo para quien debe quedarse&#8230;<\/p>\n","protected":false},"author":1,"featured_media":0,"parent":0,"menu_order":0,"comment_status":"closed","ping_status":"closed","template":"full_width.php","meta":[],"_links":{"self":[{"href":"https:\/\/www.affittolugano.ch\/es\/wp-json\/wp\/v2\/pages\/16666"}],"collection":[{"href":"https:\/\/www.affittolugano.ch\/es\/wp-json\/wp\/v2\/pages"}],"about":[{"href":"https:\/\/www.affittolugano.ch\/es\/wp-json\/wp\/v2\/types\/page"}],"author":[{"embeddable":true,"href":"https:\/\/www.affittolugano.ch\/es\/wp-json\/wp\/v2\/users\/1"}],"replies":[{"embeddable":true,"href":"https:\/\/www.affittolugano.ch\/es\/wp-json\/wp\/v2\/comments?post=16666"}],"version-history":[{"count":0,"href":"https:\/\/www.affittolugano.ch\/es\/wp-json\/wp\/v2\/pages\/16666\/revisions"}],"wp:attachment":[{"href":"https:\/\/www.affittolugano.ch\/es\/wp-json\/wp\/v2\/media?parent=16666"}],"curies":[{"name":"wp","href":"https:\/\/api.w.org\/{rel}","templated":true}]}}