{"id":17628,"date":"2016-06-10T16:54:46","date_gmt":"2016-06-10T14:54:46","guid":{"rendered":"http:\/\/www.affittolugano.ch\/wp\/?page_id=17628"},"modified":"2016-08-04T18:38:04","modified_gmt":"2016-08-04T16:38:04","slug":"clausula-de-exencion-de-responsabilidad","status":"publish","type":"page","link":"https:\/\/www.affittolugano.ch\/es\/clausula-de-exencion-de-responsabilidad\/","title":{"rendered":"Cl\u00e1usula de exenci\u00f3n de responsabilidad"},"content":{"rendered":"<p>[vc_row row_type=\u00bbrow\u00bb use_row_as_full_screen_section=\u00bbno\u00bb type=\u00bbgrid\u00bb angled_section=\u00bbno\u00bb text_align=\u00bbleft\u00bb background_image_as_pattern=\u00bbwithout_pattern\u00bb css_animation=\u00bb\u00bb][vc_column][vc_empty_space height=\u00bb45px\u00bb][vc_column_text]<\/p>\n<h2 style=\"text-align: center;\">Alojamiento en Lugano &#8211; Tesino &#8211; Suiza &#8211; Cl\u00e1usula de exenci\u00f3n de responsabilidad<\/h2>\n<p>[\/vc_column_text][vc_empty_space height=\u00bb22px\u00bb][vc_column_text]<\/p>\n<h2>Privacidad y tratamiento de datos personales<\/h2>\n<h6>Aviso legal en virtud del art. 13 del Decreto Legislativo n\u00b0 196\/03 y sus sucesivas modificaciones<\/h6>\n<p>No realizamos ning\u00fan tratamiento de datos personales sobre la base de los accesos a las p\u00e1ginas de este sitio Web.<\/p>\n<p>Los mensajes de correo electr\u00f3nico recibidos ser\u00e1n archivados, sin embargo, en ordenadores protegidos por contrase\u00f1as, por cortafuegos y por programas antivirus constantemente actualizados, con la posibilidad para el remitente de ejercer todos los derechos previstos por el Decreto legislativo n\u00b0 196 de 30.6.2003, y, en particular, de conocer los datos presentes en el archivo y de obtener su modificaci\u00f3n o eliminaci\u00f3n.<\/p>\n<p>Los datos sensibles de los usuarios no ser\u00e1n, en cualquier caso, compartidos con otras sociedades, ni publicados o cedidos a terceros, salvo autorizaci\u00f3n de los interesados.<\/p>\n<p>El responsable del tratamiento de los datos es \u00abLa Residenza\u00bb &#8211; Piazza della Riscossa, 16 &#8211; 6900 Lugano, Suiza[\/vc_column_text][vc_empty_space height=\u00bb45px\u00bb][vc_column_text]<\/p>\n<h2>Google Analytics<\/h2>\n<h6>Informaci\u00f3n relativa al an\u00e1lisis de los accesos al sitio<\/h6>\n<p>Este sitio Web utiliza Google Analytics, un servicio de an\u00e1lisis Web proporcionado por Google, Inc. (\u00abGoogle\u00bb).<\/p>\n<p>Google Analytics utiliza \u00abcookies\u00bb, que son archivos de texto que se depositan en su ordenador para permitir al sitio Web analizar c\u00f3mo utilizan el sitio los usuarios.<\/p>\n<p>La informaci\u00f3n generada por el cookie sobre la utilizaci\u00f3n del sitio Web por parte de Ud. (incluida su direcci\u00f3n IP) ser\u00e1 transmitida y depositada en los servidores de Google en Estados Unidos.<\/p>\n<p>Google utilizar\u00e1 dicha informaci\u00f3n para trazar y examinar su utilizaci\u00f3n del sitio Web, rellenar informes sobre las actividades del sitio Web para los operadores del sitio Web y proporcionar otros servicios relativos a las actividades del sitio Web y a la utilizaci\u00f3n de Internet.<\/p>\n<p>Google tambi\u00e9n podr\u00e1 transferir esta informaci\u00f3n a terceros cuando lo imponga la ley o en caso de que dichos terceros traten dicha informaci\u00f3n por cuenta de Google.<\/p>\n<p>Google no asociar\u00e1 su direcci\u00f3n IP a ning\u00fan otro dato pose\u00eddo por Google.<\/p>\n<p>Podr\u00e1n negarse a usar los cookies seleccionando la configuraci\u00f3n apropiada en su explorador, pero ello podr\u00eda impedirles utilizar todas las funcionalidades de este sitio Web.<\/p>\n<p>Utilizando el presente sitio Web, consentir\u00e1n el tratamiento de sus datos por parte de Google para las modalidades y los fines indicados arriba.[\/vc_column_text][vc_empty_space height=\u00bb45px\u00bb][vc_column_text]<\/p>\n<h2>Cl\u00e1usula de exenci\u00f3n de responsabilidad<\/h2>\n<p>Aun habiendo prestado la m\u00e1xima atenci\u00f3n en la elaboraci\u00f3n de la informaci\u00f3n proporcionada en este sitio Web, no nos asumimos la responsabilidad de posibles errores o imprecisiones.[\/vc_column_text][vc_empty_space height=\u00bb65px\u00bb][vc_column_text]<\/p>\n<p style=\"text-align: center;\"><strong>Nuestra secretar\u00eda habla correctamente italiano, alem\u00e1n, ingl\u00e9s y franc\u00e9s.<\/strong><\/p>\n<p>[\/vc_column_text][\/vc_column][\/vc_row]<\/p>\n","protected":false},"excerpt":{"rendered":"<p>[vc_row row_type=\u00bbrow\u00bb use_row_as_full_screen_section=\u00bbno\u00bb type=\u00bbgrid\u00bb angled_section=\u00bbno\u00bb text_align=\u00bbleft\u00bb background_image_as_pattern=\u00bbwithout_pattern\u00bb css_animation=\u00bb\u00bb][vc_column][vc_empty_space height=\u00bb45px\u00bb][vc_column_text] Alojamiento en Lugano &#8211; Tesino &#8211; Suiza &#8211; Cl\u00e1usula de exenci\u00f3n de responsabilidad [\/vc_column_text][vc_empty_space height=\u00bb22px\u00bb][vc_column_text] Privacidad y tratamiento de datos personales Aviso legal en virtud del art. 13 del Decreto Legislativo n\u00b0 196\/03 y sus sucesivas&#8230;<\/p>\n","protected":false},"author":1,"featured_media":0,"parent":0,"menu_order":0,"comment_status":"closed","ping_status":"closed","template":"full_width.php","meta":[],"_links":{"self":[{"href":"https:\/\/www.affittolugano.ch\/es\/wp-json\/wp\/v2\/pages\/17628"}],"collection":[{"href":"https:\/\/www.affittolugano.ch\/es\/wp-json\/wp\/v2\/pages"}],"about":[{"href":"https:\/\/www.affittolugano.ch\/es\/wp-json\/wp\/v2\/types\/page"}],"author":[{"embeddable":true,"href":"https:\/\/www.affittolugano.ch\/es\/wp-json\/wp\/v2\/users\/1"}],"replies":[{"embeddable":true,"href":"https:\/\/www.affittolugano.ch\/es\/wp-json\/wp\/v2\/comments?post=17628"}],"version-history":[{"count":0,"href":"https:\/\/www.affittolugano.ch\/es\/wp-json\/wp\/v2\/pages\/17628\/revisions"}],"wp:attachment":[{"href":"https:\/\/www.affittolugano.ch\/es\/wp-json\/wp\/v2\/media?parent=17628"}],"curies":[{"name":"wp","href":"https:\/\/api.w.org\/{rel}","templated":true}]}}