{"id":16673,"date":"2016-04-08T17:42:27","date_gmt":"2016-04-08T15:42:27","guid":{"rendered":"http:\/\/www.affittolugano.ch\/wp\/?page_id=16673"},"modified":"2017-01-12T21:28:11","modified_gmt":"2017-01-12T20:28:11","slug":"faq-fr","status":"publish","type":"page","link":"https:\/\/www.affittolugano.ch\/fr\/faq-fr\/","title":{"rendered":"faq-fr"},"content":{"rendered":"<p>[vc_row row_type=\u00a0\u00bbrow\u00a0\u00bb use_row_as_full_screen_section=\u00a0\u00bbno\u00a0\u00bb type=\u00a0\u00bbfull_width\u00a0\u00bb angled_section=\u00a0\u00bbno\u00a0\u00bb text_align=\u00a0\u00bbcenter\u00a0\u00bb background_image_as_pattern=\u00a0\u00bbwithout_pattern\u00a0\u00bb background_color=\u00a0\u00bb#ffffff\u00a0\u00bb css_animation=\u00a0\u00bb\u00a0\u00bb][vc_column][vc_row_inner row_type=\u00a0\u00bbrow\u00a0\u00bb type=\u00a0\u00bbgrid\u00a0\u00bb text_align=\u00a0\u00bbleft\u00a0\u00bb padding_top=\u00a0\u00bb85&Prime; padding_bottom=\u00a0\u00bb0&Prime; css_animation=\u00a0\u00bb\u00a0\u00bb][vc_column_inner][vc_column_text]<\/p>\n<h1 style=\"text-align: center;\">Appartements h\u00f4tel \u00ab\u00a0La Residenza\u00a0\u00bb &#8211; Lugano &#8211; FAQ<\/h1>\n<p>[\/vc_column_text][vc_separator type=\u00a0\u00bbtransparent\u00a0\u00bb up=\u00a0\u00bb20&Prime; down=\u00a0\u00bb0&Prime;][vc_separator type=\u00a0\u00bbtransparent\u00a0\u00bb up=\u00a0\u00bb87&Prime; down=\u00a0\u00bb0&Prime;][\/vc_column_inner][\/vc_row_inner][vc_row_inner row_type=\u00a0\u00bbrow\u00a0\u00bb type=\u00a0\u00bbgrid\u00a0\u00bb text_align=\u00a0\u00bbleft\u00a0\u00bb css_animation=\u00a0\u00bb\u00a0\u00bb][vc_column_inner width=\u00a0\u00bb1\/2&Prime;][vc_raw_html]JTNDcCUyMGFsaWduJTNEJTIyY2VudGVyJTIyJTNFJTNDaW1nJTIwYWx0JTNEJTIyJTIyTGElMjBSZXNpZGVuemElMjIlMjBzZXJ2aWNlZCUyMGFwYXJ0bWVudHMlMkMlMjBMdWdhbm8lMjAtJTIwQ0glMjIlMjBoZWlnaHQlM0QlMjIzMTAlMjIlMjBzcmMlM0QlMjJodHRwJTNBJTJGJTJGd3d3LmFmZml0dG9sdWdhbm8uY2glMkZ3cCUyRndwLWNvbnRlbnQlMkZ1cGxvYWRzJTJGMjAxNiUyRjAzJTJGaW5ncmVzc28tY2FtZXJlLWFmZml0dG8uanBnJTIyJTIwdGl0bGUlM0QlMjIlMjJMYSUyMFJlc2lkZW56YSUyMiUyMHNlcnZpY2VkJTIwYXBhcnRtZW50cyUyQyUyMEx1Z2FubyUyMC0lMjBDSCUyMiUyMHdpZHRoJTNEJTIyNTAwJTIyJTNFJTNDJTJGcCUzRQ==[\/vc_raw_html][vc_separator type=\u00a0\u00bbtransparent\u00a0\u00bb up=\u00a0\u00bb45&Prime; down=\u00a0\u00bb0&Prime;][\/vc_column_inner][vc_column_inner width=\u00a0\u00bb1\/2&Prime;][vc_raw_html]JTNDcCUyMGFsaWduJTNEJTIyY2VudGVyJTIyJTNFJTBBJTA5JTA5JTNDaW1nJTIwYWx0JTNEJTIyJTIyTGElMjBSZXNpZGVuemElMjIlMjBzZXJ2aWNlZCUyMGFwYXJ0bWVudHMlMkMlMjBMdWdhbm8lMjAtJTIwQ0glMjIlMjBoZWlnaHQlM0QlMjIzMTAlMjIlMjBzcmMlM0QlMjJodHRwJTNBJTJGJTJGd3d3LmFmZml0dG9sdWdhbm8uY2glMkZ3cCUyRndwLWNvbnRlbnQlMkZ1cGxvYWRzJTJGMjAxNiUyRjAzJTJGaW5ncmVzc28tcmVzaWRlbmNlLWNhbWVyZS1hZmZpdHRvLmpwZyUyMiUyMHRpdGxlJTNEJTIyJTIyTGElMjBSZXNpZGVuemElMjIlMjBzZXJ2aWNlZCUyMGFwYXJ0bWVudHMlMkMlMjBMdWdhbm8lMjAtJTIwQ0glMjIlMjB3aWR0aCUzRCUyMjUwMCUyMiUzRSUzQyUyRnAlM0U=[\/vc_raw_html][vc_separator type=\u00a0\u00bbtransparent\u00a0\u00bb up=\u00a0\u00bb45&Prime; down=\u00a0\u00bb0&Prime;][\/vc_column_inner][\/vc_row_inner][\/vc_column][\/vc_row][vc_row row_type=\u00a0\u00bbrow\u00a0\u00bb use_row_as_full_screen_section=\u00a0\u00bbno\u00a0\u00bb type=\u00a0\u00bbgrid\u00a0\u00bb angled_section=\u00a0\u00bbno\u00a0\u00bb text_align=\u00a0\u00bbleft\u00a0\u00bb background_image_as_pattern=\u00a0\u00bbwithout_pattern\u00a0\u00bb background_color=\u00a0\u00bb#ffffff\u00a0\u00bb padding_top=\u00a0\u00bb80&Prime; css_animation=\u00a0\u00bb\u00a0\u00bb el_class=\u00a0\u00bbteam_hover_color\u00a0\u00bb][vc_column width=\u00a0\u00bb1\/2&Prime;][vc_accordion active_tab=\u00a0\u00bb1&Prime; collapsible=\u00a0\u00bbyes\u00a0\u00bb style=\u00a0\u00bbboxed_accordion\u00a0\u00bb][vc_accordion_tab title=\u00a0\u00bbVos prix s&rsquo;entendent par chambre ou par personne?\u00a0\u00bb background_color=\u00a0\u00bb#a3a3a3&Prime;][vc_column_text]Tous les prix indiqu\u00e9s\u00a0<a title=\"affitto lugano\" href=\"http:\/\/www.affittolugano.ch\/fr\/tarifs-et-promotions\/\">\u00e0 la page des prix<\/a>\u00a0s&rsquo;entendent par chambre.[\/vc_column_text][\/vc_accordion_tab][vc_accordion_tab title=\u00a0\u00bbPuis-je recevoir des invit\u00e9s dans ma chambre?\u00a0\u00bb background_color=\u00a0\u00bb#a3a3a3&Prime;][vc_column_text]Bien entendu.[\/vc_column_text][\/vc_accordion_tab][vc_accordion_tab title=\u00a0\u00bbCombien de temps un invit\u00e9 peut-il rester?\u00a0\u00bb background_color=\u00a0\u00bb#a3a3a3&Prime;][vc_column_text]Si votre invit\u00e9 reste quelques jours, il n&rsquo;y a aucun probl\u00e8me. S&rsquo;il reste plus longtemps, m\u00eame si nous ne vous demandons pas de frais suppl\u00e9mentaires, vous devez communiquer son identit\u00e9 \u00e0 la Direction car elle est oblig\u00e9e de l&rsquo;enregistrer.[\/vc_column_text][\/vc_accordion_tab][vc_accordion_tab title=\u00a0\u00bbO\u00f9 puis-je garer ma voiture?\u00a0\u00bb background_color=\u00a0\u00bb#a3a3a3&Prime;][vc_column_text]Notre structure dispose de 8 parkings non couverts \u00e0 louer au prix de 150,00 FRS par mois. Sinon, vous trouvez presque toujours une place de parking le long des rues \u00e0 proximit\u00e9 de la r\u00e9sidence.[\/vc_column_text][\/vc_accordion_tab][vc_accordion_tab title=\u00a0\u00bbQuelle est la p\u00e9riode minimum de location d&rsquo;une chambre dans votre r\u00e9sidence?\u00a0\u00bb background_color=\u00a0\u00bb#a3a3a3&Prime;][vc_column_text]G\u00e9n\u00e9ralement nous louons nos chambres pendant une p\u00e9riode de trois mois minimum; nous pouvons toutefois nous accorder pour une formule adapt\u00e9e \u00e0 des s\u00e9jours d&rsquo;une semaine. Contactez-nous et nous trouverons la solution qui r\u00e9ponde \u00e0 vos besoins en mati\u00e8re d&rsquo;h\u00e9bergement.[\/vc_column_text][\/vc_accordion_tab][vc_accordion_tab title=\u00a0\u00bbQuelle est la distance entre l&rsquo;appartement et l&rsquo;arr\u00eat d&rsquo;autobus?\u00a0\u00bb background_color=\u00a0\u00bb#a3a3a3&Prime;][vc_column_text]Notre complexe se trouve \u00e0 50 m\u00e8tres de l&rsquo;arr\u00eat d&rsquo;autobus le plus proche.[\/vc_column_text][\/vc_accordion_tab][vc_accordion_tab title=\u00a0\u00bbaQuelle est la distance entre la Residenza et la gare ferroviaire de Lugano?\u00a0\u00bb background_color=\u00a0\u00bb#a3a3a3&Prime;][vc_column_text]Notre structure se trouve \u00e0 environ 2 km de la gare ferroviaire qui est facilement accessible en prenant le bus de ligne ou le funiculaire au d\u00e9part de la gare.[\/vc_column_text][\/vc_accordion_tab][vc_accordion_tab title=\u00a0\u00bbY a-t-il une connexion \u00e0 internet dans la r\u00e9sidence?\u00a0\u00bb background_color=\u00a0\u00bb#a3a3a3&Prime;][vc_column_text]Oui. Nos h\u00f4tes peuvent se connecter gratuitement \u00e0 notre r\u00e9seau WI-FI.[\/vc_column_text][\/vc_accordion_tab][vc_accordion_tab title=\u00a0\u00bbDois-je payer \u00e0 part la lumi\u00e8re, l&rsquo;\u00e9lectricit\u00e9, l&rsquo;eau ou le chauffage?\u00a0\u00bb background_color=\u00a0\u00bb#a3a3a3&Prime;][vc_column_text]Pas du tout! Ces charges sont comprises dans le loyer de la chambre.[\/vc_column_text][\/vc_accordion_tab][vc_accordion_tab title=\u00a0\u00bbEst-il possible de fumer dans les chambres de la r\u00e9sidence?\u00a0\u00bb background_color=\u00a0\u00bb#a3a3a3&Prime;][vc_column_text]Nous avons des chambres fumeurs et non-fumeurs. Au moment de le r\u00e9servation, n&rsquo;oubliez pas de nous pr\u00e9ciser si vous d\u00e9sirez une chambre fumeurs ou non. Nous ferons tout notre possible pour vous satisfaire.[\/vc_column_text][\/vc_accordion_tab][\/vc_accordion][vc_empty_space height=\u00a0\u00bb65px\u00a0\u00bb][\/vc_column][vc_column width=\u00a0\u00bb1\/2&Prime;][vc_accordion active_tab=\u00a0\u00bb1&Prime; collapsible=\u00a0\u00bbyes\u00a0\u00bb style=\u00a0\u00bbboxed_accordion\u00a0\u00bb][vc_accordion_tab title=\u00a0\u00bbExiste-t-il un service de vid\u00e9osurveillance dans la r\u00e9sidence?\u00a0\u00bb background_color=\u00a0\u00bb#a3a3a3&Prime;][vc_column_text]Bien s\u00fbr. Pour la s\u00e9curit\u00e9 de nos h\u00f4tes, les espaces communs de la r\u00e9sidence sont vid\u00e9o- surveill\u00e9s 24h\/24h.[\/vc_column_text][\/vc_accordion_tab][vc_accordion_tab title=\u00a0\u00bbLes animaux domestiques sont-ils admis dans les chambres?\u00a0\u00bb background_color=\u00a0\u00bb#a3a3a3&Prime;][vc_column_text]En principe, et sur autorisation de la Direction, les chiens et les chats sont admis \u00e0 condition qu&rsquo;ils ne d\u00e9rangent pas les autres r\u00e9sidents.[\/vc_column_text][\/vc_accordion_tab][vc_accordion_tab title=\u00a0\u00bbPuis-je cuisiner dans ma chambre?\u00a0\u00bb background_color=\u00a0\u00bb#a3a3a3&Prime;][vc_column_text]Nous disposons de chambres avec coin-cuisson et chambres sans. Les chambres avec coin-cuisson (r\u00e9nov\u00e9es r\u00e9cemment) co\u00fbtent seulement 100 FRS de plus par mois (<a title=\"affitto lugano\" href=\"http:\/\/www.affittolugano.ch\/fr\/tarifs-et-promotions\/\">cf.tarifs<\/a>). Dans les chambres sans coin-cuisson, vous pouvez tout de m\u00eame introduire un four \u00e9lectrique ou un four \u00e0 micro-ondes qui vous appartient.[\/vc_column_text][\/vc_accordion_tab][vc_accordion_tab title=\u00a0\u00bbSi je ne veux pas manger dans ma chambre, puis-je le faire \u00e0 proximit\u00e9 de la r\u00e9sidence et \u00e0 moindres frais?\u00a0\u00bb background_color=\u00a0\u00bb#a3a3a3&Prime;][vc_column_text]Bien entendu. A midi, la p\u00e2tisserie Florean situ\u00e9e dans le m\u00eame b\u00e2timent que la r\u00e9sidence vous propose de bons menus \u00e0 prix fixe et vraiment avantageux.[\/vc_column_text][\/vc_accordion_tab][vc_accordion_tab title=\u00a0\u00bbY a-t-il la t\u00e9l\u00e9vision dans les chambres de la r\u00e9sidence?\u00a0\u00bb background_color=\u00a0\u00bb#a3a3a3&Prime;][vc_column_text]TBien entendu. Toutes les chambres poss\u00e8dent la t\u00e9l\u00e9 satellitaire avec 30 cha\u00eenes. Ce service est compris dans le prix du loyer.[\/vc_column_text][\/vc_accordion_tab][vc_accordion_tab title=\u00a0\u00bbQuelle diff\u00e9rence y a-t-il entre les pi\u00e8ces r\u00e9nov\u00e9es et non?\u00a0\u00bb background_color=\u00a0\u00bb#a3a3a3&Prime;][vc_column_text]Les appartements de la r\u00e9sidence sont en train d&rsquo;\u00eatre r\u00e9nov\u00e9s progressivement; la moquette est remplac\u00e9e par un sol design; un parquet de ch\u00eane massif. La restructuration pr\u00e9voit \u00e9galement l&rsquo;installation d&rsquo;un coin-cuisson au design raffin\u00e9. En d&rsquo;autres mots, dans les chambres en attente des travaux il y a de la moquette \u00e0 la place du parquet, elles n&rsquo;ont pas de coin-cuisson et le design des meubles est moins moderne. La diff\u00e9rence de loyer mensuel entre un appartement r\u00e9nov\u00e9 et non est de 100,00 FRS (<a title=\"affitto lugano\" href=\"http:\/\/www.affittolugano.ch\/fr\/tarifs-et-promotions\/\">cf. tarifs<\/a>).[\/vc_column_text][\/vc_accordion_tab][vc_accordion_tab title=\u00a0\u00bbLe petit d\u00e9jeuner est-il compris dans le prix du loyer?\u00a0\u00bb background_color=\u00a0\u00bb#a3a3a3&Prime;][vc_column_text]Le petit d\u00e9jeuner (que vous pouvez prendre \u00e0 la p\u00e2tisserie Florean proche de la r\u00e9sidence) peut \u00eatre compris dans le loyer ou pas. (<a title=\"affitto lugano\" href=\"http:\/\/www.affittolugano.ch\/fr\/tarifs-et-promotions\/\">cf. tarifs<\/a>).[\/vc_column_text][\/vc_accordion_tab][vc_accordion_tab title=\u00a0\u00bbY-a t-il un bureau de poste \u00e0 proximit\u00e9 de la r\u00e9sidence?\u00a0\u00bb background_color=\u00a0\u00bb#a3a3a3&Prime;][vc_column_text]Bien entendu. Le bureau de poste se trouve dans le m\u00eame complexe que notre structure.[\/vc_column_text][\/vc_accordion_tab][vc_accordion_tab title=\u00a0\u00bbY a-t-il un lave-linge dans la r\u00e9sidence?\u00a0\u00bb background_color=\u00a0\u00bb#a3a3a3&Prime;][vc_column_text]Oui. Il y a un lave-linge automatique \u00e0 jetons (avec s\u00e8che-linge).[\/vc_column_text][\/vc_accordion_tab][vc_accordion_tab title=\u00a0\u00bbO\u00f9 puis-je trouver la r\u00e9ponse que je cherchais sur cette page?\u00a0\u00bb background_color=\u00a0\u00bb#a3a3a3&Prime;][vc_column_text]Nous avons report\u00e9 sur cette page les questions qui nous sont le plus souvent pos\u00e9es et leurs r\u00e9ponses relatives. Pour toute information suppl\u00e9mentaire, n&rsquo;h\u00e9sitez pas \u00e0 nous contacter aux num\u00e9ros suivants: +41 (0)91 976 1719 \/ +41 (0)79 937 8061.[\/vc_column_text][\/vc_accordion_tab][\/vc_accordion][vc_empty_space height=\u00a0\u00bb65px\u00a0\u00bb][\/vc_column][\/vc_row][vc_row row_type=\u00a0\u00bbparallax\u00a0\u00bb parallax_content_width=\u00a0\u00bbin_grid\u00a0\u00bb text_align=\u00a0\u00bbcenter\u00a0\u00bb background_image=\u00a0\u00bb15286&Prime; full_screen_section_height=\u00a0\u00bbno\u00a0\u00bb section_height=\u00a0\u00bb345&Prime;][vc_column][\/vc_column][\/vc_row]<\/p>\n","protected":false},"excerpt":{"rendered":"<p>[vc_row row_type=\u00a0\u00bbrow\u00a0\u00bb use_row_as_full_screen_section=\u00a0\u00bbno\u00a0\u00bb type=\u00a0\u00bbfull_width\u00a0\u00bb angled_section=\u00a0\u00bbno\u00a0\u00bb text_align=\u00a0\u00bbcenter\u00a0\u00bb background_image_as_pattern=\u00a0\u00bbwithout_pattern\u00a0\u00bb background_color=\u00a0\u00bb#ffffff\u00a0\u00bb css_animation=\u00a0\u00bb\u00a0\u00bb][vc_column][vc_row_inner row_type=\u00a0\u00bbrow\u00a0\u00bb type=\u00a0\u00bbgrid\u00a0\u00bb text_align=\u00a0\u00bbleft\u00a0\u00bb padding_top=\u00a0\u00bb85&Prime; padding_bottom=\u00a0\u00bb0&Prime; css_animation=\u00a0\u00bb\u00a0\u00bb][vc_column_inner][vc_column_text] Appartements h\u00f4tel \u00ab\u00a0La Residenza\u00a0\u00bb &#8211; Lugano &#8211; FAQ [\/vc_column_text][vc_separator type=\u00a0\u00bbtransparent\u00a0\u00bb up=\u00a0\u00bb20&Prime; down=\u00a0\u00bb0&Prime;][vc_separator type=\u00a0\u00bbtransparent\u00a0\u00bb up=\u00a0\u00bb87&Prime; down=\u00a0\u00bb0&Prime;][\/vc_column_inner][\/vc_row_inner][vc_row_inner row_type=\u00a0\u00bbrow\u00a0\u00bb type=\u00a0\u00bbgrid\u00a0\u00bb text_align=\u00a0\u00bbleft\u00a0\u00bb css_animation=\u00a0\u00bb\u00a0\u00bb][vc_column_inner width=\u00a0\u00bb1\/2&Prime;][vc_raw_html]JTNDcCUyMGFsaWduJTNEJTIyY2VudGVyJTIyJTNFJTNDaW1nJTIwYWx0JTNEJTIyJTIyTGElMjBSZXNpZGVuemElMjIlMjBzZXJ2aWNlZCUyMGFwYXJ0bWVudHMlMkMlMjBMdWdhbm8lMjAtJTIwQ0glMjIlMjBoZWlnaHQlM0QlMjIzMTAlMjIlMjBzcmMlM0QlMjJodHRwJTNBJTJGJTJGd3d3LmFmZml0dG9sdWdhbm8uY2glMkZ3cCUyRndwLWNvbnRlbnQlMkZ1cGxvYWRzJTJGMjAxNiUyRjAzJTJGaW5ncmVzc28tY2FtZXJlLWFmZml0dG8uanBnJTIyJTIwdGl0bGUlM0QlMjIlMjJMYSUyMFJlc2lkZW56YSUyMiUyMHNlcnZpY2VkJTIwYXBhcnRtZW50cyUyQyUyMEx1Z2FubyUyMC0lMjBDSCUyMiUyMHdpZHRoJTNEJTIyNTAwJTIyJTNFJTNDJTJGcCUzRQ==[\/vc_raw_html][vc_separator type=\u00a0\u00bbtransparent\u00a0\u00bb up=\u00a0\u00bb45&Prime; down=\u00a0\u00bb0&Prime;][\/vc_column_inner][vc_column_inner width=\u00a0\u00bb1\/2&Prime;][vc_raw_html]JTNDcCUyMGFsaWduJTNEJTIyY2VudGVyJTIyJTNFJTBBJTA5JTA5JTNDaW1nJTIwYWx0JTNEJTIyJTIyTGElMjBSZXNpZGVuemElMjIlMjBzZXJ2aWNlZCUyMGFwYXJ0bWVudHMlMkMlMjBMdWdhbm8lMjAtJTIwQ0glMjIlMjBoZWlnaHQlM0QlMjIzMTAlMjIlMjBzcmMlM0QlMjJodHRwJTNBJTJGJTJGd3d3LmFmZml0dG9sdWdhbm8uY2glMkZ3cCUyRndwLWNvbnRlbnQlMkZ1cGxvYWRzJTJGMjAxNiUyRjAzJTJGaW5ncmVzc28tcmVzaWRlbmNlLWNhbWVyZS1hZmZpdHRvLmpwZyUyMiUyMHRpdGxlJTNEJTIyJTIyTGElMjBSZXNpZGVuemElMjIlMjBzZXJ2aWNlZCUyMGFwYXJ0bWVudHMlMkMlMjBMdWdhbm8lMjAtJTIwQ0glMjIlMjB3aWR0aCUzRCUyMjUwMCUyMiUzRSUzQyUyRnAlM0U=[\/vc_raw_html][vc_separator type=\u00a0\u00bbtransparent\u00a0\u00bb up=\u00a0\u00bb45&Prime; down=\u00a0\u00bb0&Prime;][\/vc_column_inner][\/vc_row_inner][\/vc_column][\/vc_row][vc_row row_type=\u00a0\u00bbrow\u00a0\u00bb use_row_as_full_screen_section=\u00a0\u00bbno\u00a0\u00bb type=\u00a0\u00bbgrid\u00a0\u00bb&#8230;<\/p>\n","protected":false},"author":1,"featured_media":0,"parent":0,"menu_order":0,"comment_status":"closed","ping_status":"closed","template":"full_width.php","meta":[],"_links":{"self":[{"href":"https:\/\/www.affittolugano.ch\/fr\/wp-json\/wp\/v2\/pages\/16673"}],"collection":[{"href":"https:\/\/www.affittolugano.ch\/fr\/wp-json\/wp\/v2\/pages"}],"about":[{"href":"https:\/\/www.affittolugano.ch\/fr\/wp-json\/wp\/v2\/types\/page"}],"author":[{"embeddable":true,"href":"https:\/\/www.affittolugano.ch\/fr\/wp-json\/wp\/v2\/users\/1"}],"replies":[{"embeddable":true,"href":"https:\/\/www.affittolugano.ch\/fr\/wp-json\/wp\/v2\/comments?post=16673"}],"version-history":[{"count":0,"href":"https:\/\/www.affittolugano.ch\/fr\/wp-json\/wp\/v2\/pages\/16673\/revisions"}],"wp:attachment":[{"href":"https:\/\/www.affittolugano.ch\/fr\/wp-json\/wp\/v2\/media?parent=16673"}],"curies":[{"name":"wp","href":"https:\/\/api.w.org\/{rel}","templated":true}]}}