{"id":16677,"date":"2016-04-08T15:58:59","date_gmt":"2016-04-08T13:58:59","guid":{"rendered":"http:\/\/www.affittolugano.ch\/wp\/?page_id=16677"},"modified":"2017-03-15T23:08:52","modified_gmt":"2017-03-15T22:08:52","slug":"lugano-au-xxe-slecle","status":"publish","type":"page","link":"https:\/\/www.affittolugano.ch\/fr\/lugano-au-xxe-slecle\/","title":{"rendered":"lugano au Xxe sl\u00e9cle"},"content":{"rendered":"<p>[vc_row css_animation=\u00a0\u00bb\u00a0\u00bb row_type=\u00a0\u00bbrow\u00a0\u00bb use_row_as_full_screen_section=\u00a0\u00bbno\u00a0\u00bb type=\u00a0\u00bbgrid\u00a0\u00bb angled_section=\u00a0\u00bbno\u00a0\u00bb text_align=\u00a0\u00bbcenter\u00a0\u00bb background_image_as_pattern=\u00a0\u00bbwithout_pattern\u00a0\u00bb background_color=\u00a0\u00bb#ffffff\u00a0\u00bb][vc_column][vc_empty_space height=\u00a0\u00bb45px\u00a0\u00bb][vc_column_text]<\/p>\n<h1 style=\"text-align: center;\">Lugano au XXe si\u00e8cle &#8211; Cartes postales de Lugano<\/h1>\n<p>[\/vc_column_text][vc_separator type=\u00a0\u00bbtransparent\u00a0\u00bb up=\u00a0\u00bb20&Prime; down=\u00a0\u00bb0&Prime;][vc_column_text]<\/p>\n<h2 style=\"text-align: center;\">Galerie de photos &#8211; images de Lugano au d\u00e9but du XXe si\u00e8cle<\/h2>\n<p>[\/vc_column_text][vc_separator type=\u00a0\u00bbtransparent\u00a0\u00bb up=\u00a0\u00bb20&Prime; down=\u00a0\u00bb0&Prime;][vc_empty_space height=\u00a0\u00bb65px\u00a0\u00bb][vc_row_inner row_type=\u00a0\u00bbrow\u00a0\u00bb type=\u00a0\u00bbfull_width\u00a0\u00bb text_align=\u00a0\u00bbleft\u00a0\u00bb css_animation=\u00a0\u00bb\u00a0\u00bb][vc_column_inner width=\u00a0\u00bb1\/4&Prime;][vc_raw_html]JTNDcCUzRSUwQSUwOSUwOSUzQ2ltZyUyMGFsdCUzRCUyMkFuJTIwYWR2ZXJ0aXNlbWVudCUyMGZvciUyMHRoZSUyMEhvdGVsJTIwZGUlMjBsYSUyMFRlcnJhc3NlJTIwaW4lMjBMdWdhbm8tUGFyYWRpc28lMjAlMjhlYXJseSUyMDE5MDBzJTI5JTIyJTIwaGVpZ2h0JTNEJTIyMzIwJTIyJTIwc3JjJTNEJTIyaHR0cCUzQSUyRiUyRnd3dy5hZmZpdHRvbHVnYW5vLmNoJTJGd3AlMkZ3cC1jb250ZW50JTJGdXBsb2FkcyUyRjIwMTYlMkYwMyUyRmNhcnRvbGluZS1wdWJibGljaXRhcmllLWx1Z2Fuby0xOTAwLmpwZyUyMiUyMHRpdGxlJTNEJTIyQW4lMjBhZHZlcnRpc2VtZW50JTIwZm9yJTIwdGhlJTIwSG90ZWwlMjBkZSUyMGxhJTIwVGVycmFzc2UlMjBpbiUyMEx1Z2Fuby1QYXJhZGlzbyUyMCUyOGVhcmx5JTIwMTkwMHMlMjklMjIlMjB3aWR0aCUzRCUyMjUwMCUyMiUzRSUzQyUyRnAlM0U=[\/vc_raw_html][vc_empty_space height=\u00a0\u00bb8px\u00a0\u00bb][vc_column_text]<\/p>\n<p style=\"text-align: center;\">La publicit\u00e9 de l&rsquo;h\u00f4tel de la Tessasse de Lugano-Paradiso au d\u00e9but du XXe si\u00e8cle<\/p>\n<p>[\/vc_column_text][\/vc_column_inner][vc_column_inner width=\u00a0\u00bb1\/4&Prime;][vc_raw_html]JTNDcCUzRSUwQSUwOSUwOSUzQ2ltZyUyMGFsdCUzRCUyMkFkdmVydGlzZW1lbnQlMjBmb3IlMjB0aGUlMjBQb2dnaW9saSUyMHN1aXRjYXNlJTIwZmFjdG9yeSUyMGluJTIwTHVnYW5vJTJDJTIwZnJvbSUyMHRoZSUyMGVhcmx5JTIwMTkwMHMlMjIlMjBoZWlnaHQlM0QlMjIzMjAlMjIlMjBzcmMlM0QlMjJodHRwJTNBJTJGJTJGd3d3LmFmZml0dG9sdWdhbm8uY2glMkZ3cCUyRndwLWNvbnRlbnQlMkZ1cGxvYWRzJTJGMjAxNiUyRjAzJTJGY2FydG9saW5lLWFudGljaGUtbHVnYW5vLTE5MDAuanBnJTIyJTIwdGl0bGUlM0QlMjJBZHZlcnRpc2VtZW50JTIwZm9yJTIwdGhlJTIwUG9nZ2lvbGklMjBzdWl0Y2FzZSUyMGZhY3RvcnklMjBpbiUyMEx1Z2FubyUyQyUyMGZyb20lMjB0aGUlMjBlYXJseSUyMDE5MDBzJTIyJTIwd2lkdGglM0QlMjI1MDAlMjIlM0UlM0MlMkZwJTNF[\/vc_raw_html][vc_empty_space height=\u00a0\u00bb8px\u00a0\u00bb][vc_column_text]<\/p>\n<p style=\"text-align: center;\">Publicit\u00e9 de la bagagerie Poggioli de Lugano au d\u00e9but du XXe si\u00e8cle<\/p>\n<p>[\/vc_column_text][\/vc_column_inner][vc_column_inner width=\u00a0\u00bb1\/4&Prime;][vc_raw_html]JTNDcCUzRSUwQSUwOSUwOSUzQ2ltZyUyMGFsdCUzRCUyMkNocm9tb2xpdGhvZ3JhcGglMjAtJTIwU291dmVuaXIlMjBvZiUyMEx1Z2FubyUyMC0lMjBGLmxsaSUyMEt1bnpsaSUyQyUyMFp1cmljaCUyMC0lMjAxOTAwJTIyJTIwaGVpZ2h0JTNEJTIyMzIwJTIyJTIwc3JjJTNEJTIyaHR0cCUzQSUyRiUyRnd3dy5hZmZpdHRvbHVnYW5vLmNoJTJGd3AlMkZ3cC1jb250ZW50JTJGdXBsb2FkcyUyRjIwMTYlMkYwMyUyRmNhcnRvbGluZS1hbnRpY2hlLWx1Z2FubzEuanBnJTIyJTIwdGl0bGUlM0QlMjJDaHJvbW9saXRob2dyYXBoJTIwLSUyMFNvdXZlbmlyJTIwb2YlMjBMdWdhbm8lMjAtJTIwRi5sbGklMjBLdW56bGklMkMlMjBadXJpY2glMjAtJTIwMTkwMCUyMiUyMHdpZHRoJTNEJTIyNTAwJTIyJTNFJTNDJTJGcCUzRQ==[\/vc_raw_html][vc_empty_space height=\u00a0\u00bb8px\u00a0\u00bb][vc_column_text]<\/p>\n<p style=\"text-align: center;\">Chromolithographie &#8211; Souvenir de Lugano &#8211; Fr\u00e8res Kunzli de Zurich &#8211; 1900<\/p>\n<p>[\/vc_column_text][\/vc_column_inner][vc_column_inner width=\u00a0\u00bb1\/4&Prime;][vc_raw_html]JTNDcCUzRSUwQSUwOSUwOSUzQ2ltZyUyMGFsdCUzRCUyMk9sZCUyMGJvYXRzJTIwb24lMjBMYWtlJTIwTHVnYW5vJTIyJTIwaGVpZ2h0JTNEJTIyMzIwJTIyJTIwc3JjJTNEJTIyaHR0cCUzQSUyRiUyRnd3dy5hZmZpdHRvbHVnYW5vLmNoJTJGd3AlMkZ3cC1jb250ZW50JTJGdXBsb2FkcyUyRjIwMTYlMkYwMyUyRmNhcnRvbGluZS1hbnRpY2hlLWx1Z2FubzMuanBnJTIyJTIwdGl0bGUlM0QlMjJET2xkJTIwYm9hdHMlMjBvbiUyMExha2UlMjBMdWdhbm8lMjIlMjB3aWR0aCUzRCUyMjUwMCUyMiUzRSUzQyUyRnAlM0U=[\/vc_raw_html][vc_empty_space height=\u00a0\u00bb8px\u00a0\u00bb][vc_column_text]<\/p>\n<p style=\"text-align: center;\">Vieux bateaux sur le lac de Lugano<\/p>\n<p>[\/vc_column_text][\/vc_column_inner][\/vc_row_inner][vc_empty_space height=\u00a0\u00bb65px\u00a0\u00bb][vc_separator type=\u00a0\u00bbtransparent\u00a0\u00bb up=\u00a0\u00bb20&Prime; down=\u00a0\u00bb0&Prime;][\/vc_column][\/vc_row][vc_row row_type=\u00a0\u00bbparallax\u00a0\u00bb parallax_content_width=\u00a0\u00bbin_grid\u00a0\u00bb text_align=\u00a0\u00bbcenter\u00a0\u00bb background_image=\u00a0\u00bb22258&Prime; full_screen_section_height=\u00a0\u00bbno\u00a0\u00bb section_height=\u00a0\u00bb400&Prime;][vc_column][\/vc_column][\/vc_row][vc_row css_animation=\u00a0\u00bb\u00a0\u00bb row_type=\u00a0\u00bbrow\u00a0\u00bb use_row_as_full_screen_section=\u00a0\u00bbno\u00a0\u00bb type=\u00a0\u00bbfull_width\u00a0\u00bb angled_section=\u00a0\u00bbno\u00a0\u00bb text_align=\u00a0\u00bbleft\u00a0\u00bb background_image_as_pattern=\u00a0\u00bbwithout_pattern\u00a0\u00bb][vc_column][vc_separator type=\u00a0\u00bbnormal\u00a0\u00bb up=\u00a0\u00bb0&Prime; down=\u00a0\u00bb0&Prime;][\/vc_column][\/vc_row][vc_row css_animation=\u00a0\u00bb\u00a0\u00bb row_type=\u00a0\u00bbrow\u00a0\u00bb use_row_as_full_screen_section=\u00a0\u00bbno\u00a0\u00bb type=\u00a0\u00bbgrid\u00a0\u00bb angled_section=\u00a0\u00bbno\u00a0\u00bb text_align=\u00a0\u00bbleft\u00a0\u00bb background_image_as_pattern=\u00a0\u00bbwithout_pattern\u00a0\u00bb][vc_column][vc_empty_space height=\u00a0\u00bb45px\u00a0\u00bb][vc_empty_space height=\u00a0\u00bb45px\u00a0\u00bb][vc_row_inner row_type=\u00a0\u00bbrow\u00a0\u00bb type=\u00a0\u00bbfull_width\u00a0\u00bb text_align=\u00a0\u00bbleft\u00a0\u00bb css_animation=\u00a0\u00bb\u00a0\u00bb][vc_column_inner width=\u00a0\u00bb1\/4&Prime;][vc_raw_html]JTNDcCUzRSUwQSUwOSUwOSUzQ2ltZyUyMGFsdCUzRCUyMkFuJTIwYXJjYWRlJTIwaW4lMjBMdWdhbm8lMkMlMjBzdGlsbCUyMGluJTIwZXhpc3RlbmNlJTJDJTIwYXMlMjBpdCUyMGxvb2tlZCUyMGluJTIwMTkwMCUyMCUyOHBob3RvJTIwYnklMjBEZSUyME1hcnRpbmVzJTI5JTIyJTIwaGVpZ2h0JTNEJTIyMzIwJTIyJTIwc3JjJTNEJTIyaHR0cCUzQSUyRiUyRnd3dy5hZmZpdHRvbHVnYW5vLmNoJTJGd3AlMkZ3cC1jb250ZW50JTJGdXBsb2FkcyUyRjIwMTYlMkYwMyUyRmZvdG9ncmFmaWUtYW50aWNoZS1sdWdhbm8xLmpwZyUyMiUyMHRpdGxlJTNEJTIyQW4lMjBhcmNhZGUlMjBpbiUyMEx1Z2FubyUyQyUyMHN0aWxsJTIwaW4lMjBleGlzdGVuY2UlMkMlMjBhcyUyMGl0JTIwbG9va2VkJTIwaW4lMjAxOTAwJTIwJTI4cGhvdG8lMjBieSUyMERlJTIwTWFydGluZXMlMjklMjIlMjB3aWR0aCUzRCUyMjUwMCUyMiUzRSUzQyUyRnAlM0U=[\/vc_raw_html][vc_empty_space height=\u00a0\u00bb8px\u00a0\u00bb][vc_column_text]<\/p>\n<p style=\"text-align: center;\">Une arcade de Lugano qui existe encore et telle qu&rsquo;elle apparaissait en 1900 (photo de De Martines)<\/p>\n<p>[\/vc_column_text][\/vc_column_inner][vc_column_inner width=\u00a0\u00bb1\/4&Prime;][vc_raw_html]JTNDcCUzRSUwQSUwOSUwOSUzQ2ltZyUyMGFsdCUzRCUyMkFlcmlhbCUyMHZpZXclMjBvZiUyMFBpYXp6YSUyMEZ1bmljb2xhcmUlMjBpbiUyMDE5MjAlMjAlMjhwaWN0dXJlJTIwYnklMjBQaG90b2Nyb21vJTIwTHVnYW5vJTI5JTIyJTIwaGVpZ2h0JTNEJTIyMzIwJTIyJTIwc3JjJTNEJTIyaHR0cCUzQSUyRiUyRnd3dy5hZmZpdHRvbHVnYW5vLmNoJTJGd3AlMkZ3cC1jb250ZW50JTJGdXBsb2FkcyUyRjIwMTYlMkYwMyUyRmZvdG9ncmFmaWUtYW50aWNoZS1sdWdhbm8yLmpwZyUyMiUyMHRpdGxlJTNEJTIyQWVyaWFsJTIwdmlldyUyMG9mJTIwUGlhenphJTIwRnVuaWNvbGFyZSUyMGluJTIwMTkyMCUyMCUyOHBpY3R1cmUlMjBieSUyMFBob3RvY3JvbW8lMjBMdWdhbm8lMjklMjIlMjB3aWR0aCUzRCUyMjUwMCUyMiUzRSUzQyUyRnAlM0U=[\/vc_raw_html][vc_empty_space height=\u00a0\u00bb8px\u00a0\u00bb][vc_column_text]<\/p>\n<p style=\"text-align: center;\">Vue a\u00e9rienne de Piazza funiculaire en 1920 (image de Photocromo Lugano)<\/p>\n<p>[\/vc_column_text][\/vc_column_inner][vc_column_inner width=\u00a0\u00bb1\/4&Prime;][vc_raw_html]JTNDcCUzRSUwQSUwOSUwOSUzQ2ltZyUyMGFsdCUzRCUyMk1vdW50JTIwQnIlQzMlQTglMjBmdW5pY3VsYXIlMjByYWlsd2F5JTIwaW4lMjAxOTA4JTIwJTI4cHJpbnRlZCUyMGJ5JTIwQ29sb3J0eXBlJTIwLSUyMEx1Z2FubyUyOSUyMiUyMGhlaWdodCUzRCUyMjMyMCUyMiUyMHNyYyUzRCUyMmh0dHAlM0ElMkYlMkZ3d3cuYWZmaXR0b2x1Z2Fuby5jaCUyRndwJTJGd3AtY29udGVudCUyRnVwbG9hZHMlMkYyMDE2JTJGMDMlMkZmdW5pY29sYXJlLW1vbnRlYnJlLTE5MDAuanBnJTIyJTIwdGl0bGUlM0QlMjJNb3VudCUyMEJyJUMzJUE4JTIwZnVuaWN1bGFyJTIwcmFpbHdheSUyMGluJTIwMTkwOCUyMCUyOHByaW50ZWQlMjBieSUyMENvbG9ydHlwZSUyMC0lMjBMdWdhbm8lMjklMjIlMjB3aWR0aCUzRCUyMjUwMCUyMiUzRSUzQyUyRnAlM0U=[\/vc_raw_html][vc_empty_space height=\u00a0\u00bb8px\u00a0\u00bb][vc_column_text]<\/p>\n<p style=\"text-align: center;\">Funiculaire du Mont Br\u00e8 en 1908 (\u00e9diteur Colortype &#8211; Lugano)<\/p>\n<p>[\/vc_column_text][\/vc_column_inner][vc_column_inner width=\u00a0\u00bb1\/4&Prime;][vc_raw_html]JTNDcCUzRSUwQSUwOSUwOSUzQ2ltZyUyMGFsdCUzRCUyMkFub3RoZXIlMjBzY2VuZSUyMG9mJTIwTHVnYW5vJTIwZnJvbSUyMHRoZSUyMGVhcmx5JTIwMTkwMHMlMjIlMjBoZWlnaHQlM0QlMjIzMjAlMjIlMjBzcmMlM0QlMjJodHRwJTNBJTJGJTJGd3d3LmFmZml0dG9sdWdhbm8uY2glMkZ3cCUyRndwLWNvbnRlbnQlMkZ1cGxvYWRzJTJGMjAxNiUyRjAzJTJGY2FydG9saW5lLWFudGljaGUtbHVnYW5vMi5qcGclMjIlMjB0aXRsZSUzRCUyMkFub3RoZXIlMjBzY2VuZSUyMG9mJTIwTHVnYW5vJTIwZnJvbSUyMHRoZSUyMGVhcmx5JTIwMTkwMHMlMjIlMjB3aWR0aCUzRCUyMjUwMCUyMiUzRSUzQyUyRnAlM0U=[\/vc_raw_html][vc_empty_space height=\u00a0\u00bb8px\u00a0\u00bb][vc_column_text]<\/p>\n<p style=\"text-align: center;\">Autre image de Lugano au d\u00e9but du XXe si\u00e8cle<\/p>\n<p>[\/vc_column_text][\/vc_column_inner][\/vc_row_inner][vc_empty_space height=\u00a0\u00bb45px\u00a0\u00bb][vc_empty_space height=\u00a0\u00bb65px\u00a0\u00bb][\/vc_column][\/vc_row]<\/p>\n","protected":false},"excerpt":{"rendered":"<p>[vc_row css_animation=\u00a0\u00bb\u00a0\u00bb row_type=\u00a0\u00bbrow\u00a0\u00bb use_row_as_full_screen_section=\u00a0\u00bbno\u00a0\u00bb type=\u00a0\u00bbgrid\u00a0\u00bb angled_section=\u00a0\u00bbno\u00a0\u00bb text_align=\u00a0\u00bbcenter\u00a0\u00bb background_image_as_pattern=\u00a0\u00bbwithout_pattern\u00a0\u00bb background_color=\u00a0\u00bb#ffffff\u00a0\u00bb][vc_column][vc_empty_space height=\u00a0\u00bb45px\u00a0\u00bb][vc_column_text] Lugano au XXe si\u00e8cle &#8211; Cartes postales de Lugano [\/vc_column_text][vc_separator type=\u00a0\u00bbtransparent\u00a0\u00bb up=\u00a0\u00bb20&Prime; down=\u00a0\u00bb0&Prime;][vc_column_text] Galerie de photos &#8211; images de Lugano au d\u00e9but du XXe si\u00e8cle [\/vc_column_text][vc_separator type=\u00a0\u00bbtransparent\u00a0\u00bb up=\u00a0\u00bb20&Prime; down=\u00a0\u00bb0&Prime;][vc_empty_space height=\u00a0\u00bb65px\u00a0\u00bb][vc_row_inner row_type=\u00a0\u00bbrow\u00a0\u00bb type=\u00a0\u00bbfull_width\u00a0\u00bb text_align=\u00a0\u00bbleft\u00a0\u00bb css_animation=\u00a0\u00bb\u00a0\u00bb][vc_column_inner width=\u00a0\u00bb1\/4&Prime;][vc_raw_html]JTNDcCUzRSUwQSUwOSUwOSUzQ2ltZyUyMGFsdCUzRCUyMkFuJTIwYWR2ZXJ0aXNlbWVudCUyMGZvciUyMHRoZSUyMEhvdGVsJTIwZGUlMjBsYSUyMFRlcnJhc3NlJTIwaW4lMjBMdWdhbm8tUGFyYWRpc28lMjAlMjhlYXJseSUyMDE5MDBzJTI5JTIyJTIwaGVpZ2h0JTNEJTIyMzIwJTIyJTIwc3JjJTNEJTIyaHR0cCUzQSUyRiUyRnd3dy5hZmZpdHRvbHVnYW5vLmNoJTJGd3AlMkZ3cC1jb250ZW50JTJGdXBsb2FkcyUyRjIwMTYlMkYwMyUyRmNhcnRvbGluZS1wdWJibGljaXRhcmllLWx1Z2Fuby0xOTAwLmpwZyUyMiUyMHRpdGxlJTNEJTIyQW4lMjBhZHZlcnRpc2VtZW50JTIwZm9yJTIwdGhlJTIwSG90ZWwlMjBkZSUyMGxhJTIwVGVycmFzc2UlMjBpbiUyMEx1Z2Fuby1QYXJhZGlzbyUyMCUyOGVhcmx5JTIwMTkwMHMlMjklMjIlMjB3aWR0aCUzRCUyMjUwMCUyMiUzRSUzQyUyRnAlM0U=[\/vc_raw_html][vc_empty_space&#8230;<\/p>\n","protected":false},"author":1,"featured_media":0,"parent":0,"menu_order":0,"comment_status":"closed","ping_status":"closed","template":"full_width.php","meta":[],"_links":{"self":[{"href":"https:\/\/www.affittolugano.ch\/fr\/wp-json\/wp\/v2\/pages\/16677"}],"collection":[{"href":"https:\/\/www.affittolugano.ch\/fr\/wp-json\/wp\/v2\/pages"}],"about":[{"href":"https:\/\/www.affittolugano.ch\/fr\/wp-json\/wp\/v2\/types\/page"}],"author":[{"embeddable":true,"href":"https:\/\/www.affittolugano.ch\/fr\/wp-json\/wp\/v2\/users\/1"}],"replies":[{"embeddable":true,"href":"https:\/\/www.affittolugano.ch\/fr\/wp-json\/wp\/v2\/comments?post=16677"}],"version-history":[{"count":0,"href":"https:\/\/www.affittolugano.ch\/fr\/wp-json\/wp\/v2\/pages\/16677\/revisions"}],"wp:attachment":[{"href":"https:\/\/www.affittolugano.ch\/fr\/wp-json\/wp\/v2\/media?parent=16677"}],"curies":[{"name":"wp","href":"https:\/\/api.w.org\/{rel}","templated":true}]}}