{"id":16678,"date":"2016-04-08T15:59:33","date_gmt":"2016-04-08T13:59:33","guid":{"rendered":"http:\/\/www.affittolugano.ch\/wp\/?page_id=16678"},"modified":"2020-08-07T16:17:06","modified_gmt":"2020-08-07T14:17:06","slug":"appartements-lugano","status":"publish","type":"page","link":"https:\/\/www.affittolugano.ch\/fr\/appartements-lugano\/","title":{"rendered":"appartements lugano"},"content":{"rendered":"<p>[vc_row css_animation=\u00a0\u00bb\u00a0\u00bb row_type=\u00a0\u00bbrow\u00a0\u00bb use_row_as_full_screen_section=\u00a0\u00bbno\u00a0\u00bb type=\u00a0\u00bbfull_width\u00a0\u00bb angled_section=\u00a0\u00bbno\u00a0\u00bb text_align=\u00a0\u00bbcenter\u00a0\u00bb background_image_as_pattern=\u00a0\u00bbwithout_pattern\u00a0\u00bb background_color=\u00a0\u00bb#ffffff\u00a0\u00bb][vc_column][vc_row_inner row_type=\u00a0\u00bbrow\u00a0\u00bb type=\u00a0\u00bbgrid\u00a0\u00bb text_align=\u00a0\u00bbleft\u00a0\u00bb padding_top=\u00a0\u00bb85&Prime; padding_bottom=\u00a0\u00bb0&Prime; css_animation=\u00a0\u00bb\u00a0\u00bb][vc_column_inner][vc_column_text]<\/p>\n<h1 style=\"text-align: center;\">Appartements h\u00f4tel et maisons en location \u00e0 Lugano &#8211; Suisse<\/h1>\n<p>[\/vc_column_text][vc_separator type=\u00a0\u00bbtransparent\u00a0\u00bb up=\u00a0\u00bb20&Prime; down=\u00a0\u00bb0&Prime;][vc_column_text]<\/p>\n<h2 style=\"text-align: center;\">Appartements h\u00f4tel \u00abLa Residenza\u00bb \u00e0 Lugano &#8211; Tessin (CH)<\/h2>\n<p>[\/vc_column_text][vc_separator type=\u00a0\u00bbtransparent\u00a0\u00bb up=\u00a0\u00bb30&Prime; down=\u00a0\u00bb0&Prime;][vc_column_text]<\/p>\n<h5 style=\"text-align: center;\">Appartements h\u00f4tel \u00abLa Residenza\u00bb: c&rsquo;est comme si vous louiez une v\u00e9ritable maison pour vivre dans le Tessin.<\/h5>\n<p>[\/vc_column_text][vc_separator type=\u00a0\u00bbtransparent\u00a0\u00bb up=\u00a0\u00bb87&Prime; down=\u00a0\u00bb0&Prime;][\/vc_column_inner][\/vc_row_inner][vc_row_inner row_type=\u00a0\u00bbrow\u00a0\u00bb type=\u00a0\u00bbgrid\u00a0\u00bb text_align=\u00a0\u00bbleft\u00a0\u00bb css_animation=\u00a0\u00bb\u00a0\u00bb][vc_column_inner width=\u00a0\u00bb1\/2&Prime;][vc_separator type=\u00a0\u00bbtransparent\u00a0\u00bb up=\u00a0\u00bb65&Prime; down=\u00a0\u00bb0&Prime;][vc_separator type=\u00a0\u00bbtransparent\u00a0\u00bb up=\u00a0\u00bb65&Prime; down=\u00a0\u00bb0&Prime;][vc_column_text]<\/p>\n<p style=\"text-align: left;\">Comme le soutiennent les tessinois, la vie dans le Tessin est merveilleuse. Leur devise est: \u00abune petite r\u00e9gion, dans un grand monde\u00bb.<\/p>\n<p>[\/vc_column_text][vc_separator type=\u00a0\u00bbtransparent\u00a0\u00bb up=\u00a0\u00bb20&Prime; down=\u00a0\u00bb0&Prime;][vc_separator type=\u00a0\u00bbtransparent\u00a0\u00bb up=\u00a0\u00bb87&Prime; down=\u00a0\u00bb0&Prime;][vc_separator type=\u00a0\u00bbtransparent\u00a0\u00bb up=\u00a0\u00bb125&Prime; down=\u00a0\u00bb0&Prime;][vc_separator type=\u00a0\u00bbtransparent\u00a0\u00bb up=\u00a0\u00bb60&Prime; down=\u00a0\u00bb0&Prime;][vc_column_text]<\/p>\n<p style=\"text-align: left;\">Pouvoir se permettre la location d&rsquo;une maison dans le Tessin est sans aucun doute est r\u00eave mais parfois, en voyant le loyer des appartements, le r\u00eave s&rsquo;\u00e9vanouit vite. Par contre, louer un appartement, une petite maison presque, \u00e0 des prix convenables chez nous est\u00a0<strong>une solution facile, pratique et avantageuse<\/strong>.<\/p>\n<p>[\/vc_column_text][vc_separator type=\u00a0\u00bbtransparent\u00a0\u00bb up=\u00a0\u00bb87&Prime; down=\u00a0\u00bb0&Prime;][\/vc_column_inner][vc_column_inner width=\u00a0\u00bb1\/2&Prime;][vc_single_image image=\u00a0\u00bb16864&Prime; img_size=\u00a0\u00bbfull\u00a0\u00bb alignment=\u00a0\u00bbcenter\u00a0\u00bb qode_css_animation=\u00a0\u00bb\u00a0\u00bb][vc_separator type=\u00a0\u00bbtransparent\u00a0\u00bb up=\u00a0\u00bb87&Prime; down=\u00a0\u00bb0&Prime;][vc_single_image image=\u00a0\u00bb16863&Prime; img_size=\u00a0\u00bbfull\u00a0\u00bb alignment=\u00a0\u00bbcenter\u00a0\u00bb qode_css_animation=\u00a0\u00bb\u00a0\u00bb][\/vc_column_inner][\/vc_row_inner][vc_empty_space height=\u00a0\u00bb65px\u00a0\u00bb][vc_empty_space height=\u00a0\u00bb45px\u00a0\u00bb][\/vc_column][\/vc_row][vc_row row_type=\u00a0\u00bbparallax\u00a0\u00bb parallax_content_width=\u00a0\u00bbin_grid\u00a0\u00bb text_align=\u00a0\u00bbcenter\u00a0\u00bb background_image=\u00a0\u00bb22209&Prime; full_screen_section_height=\u00a0\u00bbno\u00a0\u00bb section_height=\u00a0\u00bb400&Prime;][vc_column][\/vc_column][\/vc_row][vc_row css_animation=\u00a0\u00bb\u00a0\u00bb row_type=\u00a0\u00bbrow\u00a0\u00bb use_row_as_full_screen_section=\u00a0\u00bbno\u00a0\u00bb type=\u00a0\u00bbfull_width\u00a0\u00bb angled_section=\u00a0\u00bbno\u00a0\u00bb text_align=\u00a0\u00bbleft\u00a0\u00bb background_image_as_pattern=\u00a0\u00bbwithout_pattern\u00a0\u00bb][vc_column][vc_separator type=\u00a0\u00bbnormal\u00a0\u00bb up=\u00a0\u00bb0&Prime; down=\u00a0\u00bb0&Prime;][\/vc_column][\/vc_row][vc_row css_animation=\u00a0\u00bb\u00a0\u00bb row_type=\u00a0\u00bbrow\u00a0\u00bb use_row_as_full_screen_section=\u00a0\u00bbno\u00a0\u00bb type=\u00a0\u00bbgrid\u00a0\u00bb angled_section=\u00a0\u00bbno\u00a0\u00bb text_align=\u00a0\u00bbleft\u00a0\u00bb background_image_as_pattern=\u00a0\u00bbwithout_pattern\u00a0\u00bb background_color=\u00a0\u00bb#ffffff\u00a0\u00bb padding_top=\u00a0\u00bb80&Prime; el_class=\u00a0\u00bbteam_hover_color\u00a0\u00bb][vc_column][vc_row_inner row_type=\u00a0\u00bbrow\u00a0\u00bb type=\u00a0\u00bbfull_width\u00a0\u00bb text_align=\u00a0\u00bbleft\u00a0\u00bb padding_bottom=\u00a0\u00bb50&Prime; css_animation=\u00a0\u00bb\u00a0\u00bb][vc_column_inner][vc_separator type=\u00a0\u00bbtransparent\u00a0\u00bb up=\u00a0\u00bb20&Prime; down=\u00a0\u00bb0&Prime;][vc_single_image image=\u00a0\u00bb16865&Prime; img_size=\u00a0\u00bbfull\u00a0\u00bb alignment=\u00a0\u00bbcenter\u00a0\u00bb qode_css_animation=\u00a0\u00bb\u00a0\u00bb][vc_separator type=\u00a0\u00bbtransparent\u00a0\u00bb up=\u00a0\u00bb32&Prime; down=\u00a0\u00bb0&Prime;][vc_column_text]C&rsquo;est le moyen de comprendre si habiter dans le Tessin est une bonne id\u00e9e pour commencer \u00e0 d\u00e9couvrir la r\u00e9gion et ce, sans \u00eatre oblig\u00e9 de payer le\u00a0<strong>loyer d&rsquo;un logement<\/strong>. Notre Maison \u00e0 Lugano, compos\u00e9e d&rsquo;appartements h\u00f4tel, est parfaite pour d\u00e9couvrir le Tessin parce qu&rsquo;elle est merveilleusement situ\u00e9e au c\u0153ur du quartier de Castagnola, l&rsquo;un des plus prestigieux de la ville de Lugano. Equip\u00e9e de tout confort, elle se trouve \u00e0 deux pas du lac. La discr\u00e9tion et la s\u00e9curit\u00e9 n\u00e9cessaires au bien-\u00eatre et \u00e0 la tranquillit\u00e9 de ses h\u00f4tes sont garanties. Ils b\u00e9n\u00e9ficient en effet de la pr\u00e9sence quotidienne d&rsquo;un gardien et de l&rsquo;assistance 24h\/24h pour les secours et les urgences.[\/vc_column_text][vc_separator type=\u00a0\u00bbtransparent\u00a0\u00bb up=\u00a0\u00bb32&Prime; down=\u00a0\u00bb0&Prime;][vc_single_image image=\u00a0\u00bb16866&Prime; img_size=\u00a0\u00bbfull\u00a0\u00bb alignment=\u00a0\u00bbcenter\u00a0\u00bb qode_css_animation=\u00a0\u00bb\u00a0\u00bb][vc_separator type=\u00a0\u00bbtransparent\u00a0\u00bb up=\u00a0\u00bb32&Prime; down=\u00a0\u00bb0&Prime;][vc_column_text]<\/p>\n<p style=\"text-align: left;\">Ses belles chambres sont disponibles \u00e0\u00a0<strong>la location 3 mois minimum et dans certains cas, pour des dur\u00e9es plus courtes aussi. Certaines sont \u00e9quip\u00e9es d&rsquo;un coin-cuisson<\/strong>\u00a0et d&rsquo;autres poss\u00e8dent une\u00a0<strong>vue lac<\/strong>.<\/p>\n<p>&nbsp;<\/p>\n<p style=\"text-align: left;\">Disposer d&rsquo;une\u00a0<strong>location<\/strong>\u00a0pendant quelques mois est la solution la meilleure pour comprendre si le\u00a0<strong>Tessin<\/strong>\u00a0vous convient mais la location d&rsquo;un appartement ou d&rsquo;une maison pour une courte dur\u00e9e est vraiment impossible: personne n&rsquo;accepte de vous louer une maison pour trois mois seulement. Par contre, chez nous, la location d&rsquo;un mini-appartement semblable \u00e0 une petite maison, pour une courte dur\u00e9e, est possible et vous pouvez ainsi vous organiser au mieux pour votre vie future \u00e0 Lugano ou dans le Tessin.<\/p>\n<p>&nbsp;<\/p>\n<p style=\"text-align: left;\">Le dicton populaire: \u00ab de nuit, les \u00e9toiles se poussent dans le ciel pour trouver un petit coin o\u00f9 admirer le Tessin\u00bb exprime tout le plaisir de la location d&rsquo;une maison dans le Tessin. C&rsquo;est le canton suisse le plus au sud: ici la belle saison est toujours au rendez-vous. L&rsquo;\u00e9t\u00e9 arrive t\u00f4t, repart tard et ce climat favorable pourrait \u00eatre une excellente raison de louer une mini-maison chez nous \u00e0 Lugano.<\/p>\n<p>&nbsp;<\/p>\n<p style=\"text-align: left;\">Les 300.000 tessinois, peuple mixte de fronti\u00e8re, ont pris le meilleur des diff\u00e9rentes cultures qui cohabitent dans cette merveilleuse r\u00e9gion pour faire du Tessin un lieu de charme ind\u00e9niable, un endroit de modernit\u00e9 et d&rsquo;internationalit\u00e9 qui reste toutefois encore attach\u00e9 aux vieilles traditions et \u00e0 une excellente culture \u0153nogastronomique.<\/p>\n<p>&nbsp;<\/p>\n<p style=\"text-align: left;\">Gr\u00e2ce \u00e0 a location d&rsquo;une maison dans le Tessin, vous profitez donc du climat id\u00e9al, de nombreux services, d&rsquo;une grande s\u00e9curit\u00e9 et d&rsquo;une excellente hospitalit\u00e9. Chez notre \u00e9tablissement \u00e0 Lugano, prendre soin des h\u00f4tes et anticiper leurs besoins est notre priorit\u00e9 et tous les locataires se sentiront vraiment chez eux dans une petite maison \u00e9quip\u00e9e de tout confort y compris de la\u00a0<strong>connexion ADSL<\/strong>\u00a0et de la\u00a0<strong>t\u00e9l\u00e9vision satellitaire avec 30 cha\u00eenes<\/strong>. Le petit d\u00e9jeuner est servi tous les matins des jours ouvrables.<\/p>\n<p>&nbsp;<\/p>\n<p style=\"text-align: left;\">Le prix du loyer est tr\u00e8s avantageux et tous nos h\u00f4tes peuvent moduler leur p\u00e9riode de location, selon leurs besoins. Le Tessin et la r\u00e9gion de Lugano en particulier offrent de nombreuses propositions de loisirs, d&rsquo;enrichissement culturel ainsi que la possibilit\u00e9 d&rsquo;effectuer des promenades enchanteresses. Les montagnes et les vall\u00e9es, les parcs et les jardins, l&rsquo;extraordinaire richesse des esp\u00e8ces botaniques ravissent la vue; c&rsquo;est la raison pour laquelle la location d&rsquo;une maison dans le Tessin et d&rsquo;un\u00a0<strong>appartement h\u00f4tel<\/strong>\u00a0chez nous \u00e0 Lugano acquiert tout son sens.<\/p>\n<p>&nbsp;<\/p>\n<p style=\"text-align: left;\">La location d&rsquo;un appartement h\u00f4tel aupr\u00e8s de notre \u00e9tablissement \u00e0 Lugano vous permettra de \u00abfaire un essai\u00bb avant de vous d\u00e9cider \u00e0 venir vivre\u00a0<strong>dans le Tessin<\/strong>\u00a0et de choisir une\u00a0<strong>maison en location<\/strong>. Cette solution vous permettra \u00e9galement d&rsquo;appr\u00e9cier les nombreuses et merveilleuses opportunit\u00e9s qu&rsquo;offre le Tessin aux personnes qui pensent vouloir y vivre. Choisir la location pour quelques mois est la solution la plus avantageuse et celle qui vous engage le moins.<\/p>\n<p>&nbsp;<\/p>\n<p style=\"text-align: left;\">Gr\u00e2ce \u00e0 la location d&rsquo;une maison dans le Tessin, vous vivez \u00e9galement dans une r\u00e9gion suisse qui poss\u00e8de l&rsquo;une des meilleures traditions \u0153nogastronomiques. La tradition tessinoise tire en effet ses origines de la grande tradition culinaire italienne, lombarde en particulier. Ainsi, pour les fins gourmets, habiter dans le Tessin, avoir un appartement h\u00f4tel en location chez nous signifie aussi \u00eatre \u00e0 proximit\u00e9 de certains\u00a0<strong>restaurants parmi les plus connus<\/strong>\u00a0de Suisse, destination tout autant appr\u00e9ci\u00e9e de nombreux touristes de passage.<\/p>\n<p>&nbsp;<\/p>\n<p style=\"text-align: left;\">Le Tessin a \u00e9galement donn\u00e9 naissance \u00e0 l&rsquo;un des\u00a0<strong>chefs les plus importants<\/strong>\u00a0de l&rsquo;histoire de la gastronomie mondiale qui op\u00e9ra dans les cours les plus importantes du XVe si\u00e8cle: il s&rsquo;agit de\u00a0<strong>Martino de Rubeis<\/strong>, n\u00e9 dans la Vall\u00e9e du Blenio, plus connu sous le nom de\u00a0<strong>Maestro Martino<\/strong>\u00a0ou le \u00ab\u00a0prince des cuisiniers\u00a0\u00bb, comme le d\u00e9finit\u00a0<strong>Bartolomeo Sacchi<\/strong>.<\/p>\n<p>&nbsp;<\/p>\n<p style=\"text-align: left;\">La tradition de la grande cuisine dont h\u00e9ritent de nombreux et magnifiques\u00a0<strong>restaurants caract\u00e9ristiques<\/strong>\u00a0rend encore plus heureux le choix de vivre dans cet endroit de r\u00eave. Mais les plaisirs du Tessin sont infinis. Au d\u00e9part de chez nous, les moyens de transport rapides vous emm\u00e8nent facilement vers des destinations touristiques et panoramiques d&rsquo;une beaut\u00e9 incomparable qui vous rendront encore plus enthousiastes d&rsquo;avoir choisi une maison en location dans le Tessin.<\/p>\n<p>&nbsp;<\/p>\n<p style=\"text-align: left;\">Parmi les nombreux parcours de randonn\u00e9es et d&rsquo;excursions r\u00e9alisables, au moins 5 sont reconnus de tous les randonneurs; ce sont ceux d\u00e9di\u00e9s \u00e0 la\u00a0<strong>d\u00e9couverte des herbes officinales<\/strong>. En effet, le climat particuli\u00e8rement favorable dont b\u00e9n\u00e9ficie la r\u00e9gion permet \u00e0 de nombreuses plantes aromatiques sauvages de pousser avec vigueur.<\/p>\n<p>&nbsp;<\/p>\n<p style=\"text-align: left;\">Les raisons qui peuvent vous inciter \u00e0 choisir une maison\u00a0<strong>en location, un appartement h\u00f4tel aupr\u00e8s de notre \u00e9tablissement \u00e0 Lugano<\/strong>\u00a0semblent \u00eatre illimit\u00e9es. En effet, vous avez le choix entre ces excursions et de nombreuses\u00a0<strong>randonn\u00e9es alpines<\/strong>\u00a0parmi lesquelles figure celle de l&rsquo;Alpe Piora o\u00f9 se trouve le\u00a0<strong>Centre de Biologie Alpine<\/strong>, c\u00e9l\u00e8bre institut d&rsquo;\u00e9tudes internationales sur l&rsquo;\u00e9cosyst\u00e8me, situ\u00e9 dans un d\u00e9cor alpin de toute beaut\u00e9.<\/p>\n<p>&nbsp;<\/p>\n<p style=\"text-align: left;\">Dans la r\u00e9gion de Piora n&rsquo;oublions pas de citer l&rsquo;alpage renomm\u00e9 pour son fromage homonyme, l&rsquo;un des meilleurs du Tessin. Pour les plus paresseux ou pour les casaniers, nous vous rappelons que Lugano est une ville internationale dot\u00e9e de nombreux centres sportifs o\u00f9 vous pouvez pratiquer le tennis et le golf, de centres baln\u00e9aires, de tr\u00e8s beaux centres commerciaux et de magasins pour vous d\u00e9dier au shopping.<\/p>\n<p>&nbsp;<\/p>\n<p style=\"text-align: left;\">Alors qu&rsquo;attendez-vous pour tenter la vie dans le\u00a0<strong>Tessin<\/strong>? Qu&rsquo;attendez-vous pour go\u00fbter \u00e0 la vie tessinoise, chez nous \u00e0 Lugano?<\/p>\n<p>&nbsp;<\/p>\n<p style=\"text-align: left;\">Vivre chez nous, c&rsquo;est comme vivre dans une maison en location mais c&rsquo;est vous qui choisissez la dur\u00e9e de location.<\/p>\n<p>&nbsp;<\/p>\n<p style=\"text-align: left;\">Vivre aupr\u00e8s de notre \u00e9tablissement vous permet de profiter d&rsquo;un petit logement en location \u00e0 moindres frais (trois mois de loyer seulement) sans devoir d\u00e9m\u00e9nager et en ayant l&rsquo;impression d&rsquo;\u00eatre chez vous!<\/p>\n<p>[\/vc_column_text][\/vc_column_inner][\/vc_row_inner][vc_empty_space height=\u00a0\u00bb65px\u00a0\u00bb][vc_empty_space height=\u00a0\u00bb45px\u00a0\u00bb][\/vc_column][\/vc_row]<\/p>\n","protected":false},"excerpt":{"rendered":"<p>[vc_row css_animation=\u00a0\u00bb\u00a0\u00bb row_type=\u00a0\u00bbrow\u00a0\u00bb use_row_as_full_screen_section=\u00a0\u00bbno\u00a0\u00bb type=\u00a0\u00bbfull_width\u00a0\u00bb angled_section=\u00a0\u00bbno\u00a0\u00bb text_align=\u00a0\u00bbcenter\u00a0\u00bb background_image_as_pattern=\u00a0\u00bbwithout_pattern\u00a0\u00bb background_color=\u00a0\u00bb#ffffff\u00a0\u00bb][vc_column][vc_row_inner row_type=\u00a0\u00bbrow\u00a0\u00bb type=\u00a0\u00bbgrid\u00a0\u00bb text_align=\u00a0\u00bbleft\u00a0\u00bb padding_top=\u00a0\u00bb85&Prime; padding_bottom=\u00a0\u00bb0&Prime; css_animation=\u00a0\u00bb\u00a0\u00bb][vc_column_inner][vc_column_text] Appartements h\u00f4tel et maisons en location \u00e0 Lugano &#8211; Suisse [\/vc_column_text][vc_separator type=\u00a0\u00bbtransparent\u00a0\u00bb up=\u00a0\u00bb20&Prime; down=\u00a0\u00bb0&Prime;][vc_column_text] Appartements h\u00f4tel \u00abLa Residenza\u00bb \u00e0 Lugano &#8211; Tessin (CH) [\/vc_column_text][vc_separator type=\u00a0\u00bbtransparent\u00a0\u00bb up=\u00a0\u00bb30&Prime; down=\u00a0\u00bb0&Prime;][vc_column_text] Appartements h\u00f4tel \u00abLa&#8230;<\/p>\n","protected":false},"author":1,"featured_media":0,"parent":0,"menu_order":0,"comment_status":"closed","ping_status":"closed","template":"full_width.php","meta":[],"_links":{"self":[{"href":"https:\/\/www.affittolugano.ch\/fr\/wp-json\/wp\/v2\/pages\/16678"}],"collection":[{"href":"https:\/\/www.affittolugano.ch\/fr\/wp-json\/wp\/v2\/pages"}],"about":[{"href":"https:\/\/www.affittolugano.ch\/fr\/wp-json\/wp\/v2\/types\/page"}],"author":[{"embeddable":true,"href":"https:\/\/www.affittolugano.ch\/fr\/wp-json\/wp\/v2\/users\/1"}],"replies":[{"embeddable":true,"href":"https:\/\/www.affittolugano.ch\/fr\/wp-json\/wp\/v2\/comments?post=16678"}],"version-history":[{"count":1,"href":"https:\/\/www.affittolugano.ch\/fr\/wp-json\/wp\/v2\/pages\/16678\/revisions"}],"predecessor-version":[{"id":24331,"href":"https:\/\/www.affittolugano.ch\/fr\/wp-json\/wp\/v2\/pages\/16678\/revisions\/24331"}],"wp:attachment":[{"href":"https:\/\/www.affittolugano.ch\/fr\/wp-json\/wp\/v2\/media?parent=16678"}],"curies":[{"name":"wp","href":"https:\/\/api.w.org\/{rel}","templated":true}]}}