{"id":16680,"date":"2016-04-08T16:00:42","date_gmt":"2016-04-08T14:00:42","guid":{"rendered":"http:\/\/www.affittolugano.ch\/wp\/?page_id=16680"},"modified":"2017-03-16T17:26:10","modified_gmt":"2017-03-16T16:26:10","slug":"appartments-hotel","status":"publish","type":"page","link":"https:\/\/www.affittolugano.ch\/fr\/appartments-hotel\/","title":{"rendered":"appartments h\u00f4tel"},"content":{"rendered":"<p>[vc_row css_animation=\u00a0\u00bb\u00a0\u00bb row_type=\u00a0\u00bbrow\u00a0\u00bb use_row_as_full_screen_section=\u00a0\u00bbno\u00a0\u00bb type=\u00a0\u00bbfull_width\u00a0\u00bb angled_section=\u00a0\u00bbno\u00a0\u00bb text_align=\u00a0\u00bbcenter\u00a0\u00bb background_image_as_pattern=\u00a0\u00bbwithout_pattern\u00a0\u00bb background_color=\u00a0\u00bb#ffffff\u00a0\u00bb][vc_column][vc_row_inner row_type=\u00a0\u00bbrow\u00a0\u00bb type=\u00a0\u00bbgrid\u00a0\u00bb text_align=\u00a0\u00bbleft\u00a0\u00bb padding_top=\u00a0\u00bb85&Prime; padding_bottom=\u00a0\u00bb0&Prime; css_animation=\u00a0\u00bb\u00a0\u00bb][vc_column_inner][vc_column_text]<\/p>\n<h1 style=\"text-align: center;\">Location d&rsquo;appartements h\u00f4tel \u00e0 Lugano<\/h1>\n<p>[\/vc_column_text][vc_separator type=\u00a0\u00bbtransparent\u00a0\u00bb up=\u00a0\u00bb20&Prime; down=\u00a0\u00bb0&Prime;][vc_column_text]<\/p>\n<h2 style=\"text-align: center;\">Appartements h\u00f4tel \u00e0 Lugano<\/h2>\n<p>[\/vc_column_text][vc_separator type=\u00a0\u00bbtransparent\u00a0\u00bb up=\u00a0\u00bb30&Prime; down=\u00a0\u00bb0&Prime;][\/vc_column_inner][\/vc_row_inner][vc_row_inner row_type=\u00a0\u00bbrow\u00a0\u00bb type=\u00a0\u00bbgrid\u00a0\u00bb text_align=\u00a0\u00bbleft\u00a0\u00bb css_animation=\u00a0\u00bb\u00a0\u00bb][vc_column_inner][vc_separator type=\u00a0\u00bbtransparent\u00a0\u00bb up=\u00a0\u00bb30&Prime; down=\u00a0\u00bb0&Prime;][vc_column_text]<\/p>\n<h5 align=\"center\">A Lugano, mieux vaut louer un appartement h\u00f4tel \u00e0 La Residenza plut\u00f4t que n&rsquo;importe quel autre appartement.<\/h5>\n<p>&nbsp;<\/p>\n<p>Quels avantages comporte la location d&rsquo;un appartement h\u00f4tel?<\/p>\n<p>Quelles sont les caract\u00e9ristiques optimales de l&rsquo;appartement h\u00f4tel parfait?[\/vc_column_text][vc_separator type=\u00a0\u00bbtransparent\u00a0\u00bb up=\u00a0\u00bb87&Prime; down=\u00a0\u00bb0&Prime;][vc_single_image image=\u00a0\u00bb16858&Prime; img_size=\u00a0\u00bbfull\u00a0\u00bb alignment=\u00a0\u00bbcenter\u00a0\u00bb qode_css_animation=\u00a0\u00bb\u00a0\u00bb][vc_separator type=\u00a0\u00bbtransparent\u00a0\u00bb up=\u00a0\u00bb87&Prime; down=\u00a0\u00bb0&Prime;][vc_column_text]<\/p>\n<p style=\"text-align: left;\">Avec une location d&rsquo;appartement, vous savez bien qu&rsquo;en plus du loyer, vous avez de nombreux frais \u00e0 payer et vous devez respecter les diverses obligations que la vie en copropri\u00e9t\u00e9 comporte.<\/p>\n<p>[\/vc_column_text][vc_separator type=\u00a0\u00bbtransparent\u00a0\u00bb up=\u00a0\u00bb87&Prime; down=\u00a0\u00bb0&Prime;][vc_single_image image=\u00a0\u00bb16860&Prime; img_size=\u00a0\u00bbfull\u00a0\u00bb alignment=\u00a0\u00bbcenter\u00a0\u00bb qode_css_animation=\u00a0\u00bb\u00a0\u00bb][vc_separator type=\u00a0\u00bbtransparent\u00a0\u00bb up=\u00a0\u00bb87&Prime; down=\u00a0\u00bb0&Prime;][vc_column_text]<\/p>\n<p style=\"text-align: left;\">Un appartement dispose rarement d&rsquo;un gardien. De plus, d&rsquo;autres frais comme les factures et les charges de copropri\u00e9t\u00e9 s&rsquo;ajoutent au loyer. Vous devez \u00e9galement penser \u00e0 l&rsquo;entretien du logement, vous organiser pour le changement et le repassage du linge et vous d\u00e9couvrez, dans la plupart des cas, que le loyer de l&rsquo;appartement repr\u00e9sente seulement une partie des frais r\u00e9els \u00e0 payer pour pouvoir vivre un mois dans l&rsquo;appartement.<\/p>\n<p>&nbsp;<\/p>\n<p style=\"text-align: left;\">Par contre, gr\u00e2ce \u00e0 la location d&rsquo;un appartement h\u00f4tel, vous disposez d&rsquo;une belle chambre tout confort avec coin-cuisson et salle de bain, vous b\u00e9n\u00e9ficiez des services du gardien, de l&rsquo;assistance et vous vous laissez choyer par les attentions d\u00e9licates du personnel qui change votre linge.<\/p>\n<p>[\/vc_column_text][vc_separator type=\u00a0\u00bbtransparent\u00a0\u00bb up=\u00a0\u00bb87&Prime; down=\u00a0\u00bb0&Prime;][\/vc_column_inner][\/vc_row_inner][vc_empty_space height=\u00a0\u00bb65px\u00a0\u00bb][\/vc_column][\/vc_row][vc_row row_type=\u00a0\u00bbparallax\u00a0\u00bb parallax_content_width=\u00a0\u00bbin_grid\u00a0\u00bb text_align=\u00a0\u00bbcenter\u00a0\u00bb background_image=\u00a0\u00bb22338&Prime; full_screen_section_height=\u00a0\u00bbno\u00a0\u00bb section_height=\u00a0\u00bb400&Prime;][vc_column][\/vc_column][\/vc_row][vc_row css_animation=\u00a0\u00bb\u00a0\u00bb row_type=\u00a0\u00bbrow\u00a0\u00bb use_row_as_full_screen_section=\u00a0\u00bbno\u00a0\u00bb type=\u00a0\u00bbfull_width\u00a0\u00bb angled_section=\u00a0\u00bbno\u00a0\u00bb text_align=\u00a0\u00bbleft\u00a0\u00bb background_image_as_pattern=\u00a0\u00bbwithout_pattern\u00a0\u00bb][vc_column][vc_separator type=\u00a0\u00bbnormal\u00a0\u00bb up=\u00a0\u00bb0&Prime; down=\u00a0\u00bb0&Prime;][\/vc_column][\/vc_row][vc_row css_animation=\u00a0\u00bb\u00a0\u00bb row_type=\u00a0\u00bbrow\u00a0\u00bb use_row_as_full_screen_section=\u00a0\u00bbno\u00a0\u00bb type=\u00a0\u00bbgrid\u00a0\u00bb angled_section=\u00a0\u00bbno\u00a0\u00bb text_align=\u00a0\u00bbleft\u00a0\u00bb background_image_as_pattern=\u00a0\u00bbwithout_pattern\u00a0\u00bb background_color=\u00a0\u00bb#ffffff\u00a0\u00bb padding_top=\u00a0\u00bb80&Prime; el_class=\u00a0\u00bbteam_hover_color\u00a0\u00bb][vc_column][vc_row_inner row_type=\u00a0\u00bbrow\u00a0\u00bb type=\u00a0\u00bbfull_width\u00a0\u00bb text_align=\u00a0\u00bbleft\u00a0\u00bb padding_bottom=\u00a0\u00bb50&Prime; css_animation=\u00a0\u00bb\u00a0\u00bb][vc_column_inner][vc_separator type=\u00a0\u00bbtransparent\u00a0\u00bb up=\u00a0\u00bb20&Prime; down=\u00a0\u00bb0&Prime;][vc_column_text]<\/p>\n<p style=\"text-align: left;\">Confort, s\u00e9curit\u00e9, hygi\u00e8ne et propret\u00e9, discr\u00e9tion, assistance et diff\u00e9rents services propos\u00e9s sont les caract\u00e9ristiques principales qu&rsquo;un appartement h\u00f4tel doit poss\u00e9der. S&rsquo;il est en plus situ\u00e9 dans un magnifique quartier r\u00e9sidentiel de Lugano, \u00e0 proximit\u00e9 du lac et \u00e0 deux pas du centre, c&rsquo;est encore mieux. Si \u00e0 ces nombreux avantages nous ajoutons encore un\u00a0<strong>loyer tr\u00e8s avantageux<\/strong>, (<a title=\"affitto lugano\" href=\"http:\/\/www.affittolugano.ch\/fr\/tarifs-et-promotions\/\">cf. tarifs<\/a>), un accueil familial, des chambres \u00e9quip\u00e9es de la connexion ADSL et de la t\u00e9l\u00e9vision satellitaire avec 30 cha\u00eenes, alors\u00a0<strong>nous parlons bien des appartements h\u00f4tel La Residenza.<\/strong><\/p>\n<p>&nbsp;<\/p>\n<p style=\"text-align: left;\">Mais ce n&rsquo;est pas tout: nos\u00a0<strong>appartements h\u00f4tel<\/strong>\u00a0poss\u00e8dent d&rsquo;autres commodit\u00e9s encore. En effet, ils sont situ\u00e9s dans le tr\u00e8s beau quartier de\u00a0<strong>Castagnola<\/strong>, l&rsquo;un des plus agr\u00e9ables de la ville de Lugano, desservi par des bus qui vous conduisent dans le centre-ville en 5 minutes. Vivre chez nous, c&rsquo;est comme louer un appartement, avec l&rsquo;avantage d&rsquo;un service attentif et soign\u00e9 en plus.<\/p>\n<p>&nbsp;<\/p>\n<p style=\"text-align: left;\">Pour le petit-d\u00e9jeuner, nous sommes conventionn\u00e9s avec la p\u00e2tisserie voisine Florean qui offre des produits d&rsquo;excellente qualit\u00e9. Les chambres disponibles \u00e0 la location sont au nombre de 37. De nombreuses chambres de notre structure ont r\u00e9cemment \u00e9t\u00e9 modernis\u00e9es et \u00e9quip\u00e9es d&rsquo;un coin-cuisson. Progressivement, tous les appartements seront restructur\u00e9s de cette fa\u00e7on.<\/p>\n<p>&nbsp;<\/p>\n<p style=\"text-align: left;\">Certaines chambres vous offrent une belle vue panoramique sur le lac de Lugano \u00e0 proximit\u00e9 de nos appartements h\u00f4tel situ\u00e9s exactement derri\u00e8re un lotissement qui donne sur le lac. Des lits pour les nouveau-n\u00e9s sont \u00e0 votre disposition et sur autorisation de la direction, les chiens et les chats sont admis dans les appartements.<\/p>\n<p>&nbsp;<\/p>\n<p style=\"text-align: left;\">L&rsquo;entretien des espaces communs chez nous est effectu\u00e9 quotidiennement tandis que le changement du linge de l&rsquo;appartement (draps et serviettes) une fois par semaine: ces services sont compris dans le prix du loyer des appartements.<\/p>\n<p>&nbsp;<\/p>\n<p style=\"text-align: left;\">Nous mettons \u00e9galement plusieurs services \u00e0 disposition de nos clients: un lave-linge \u00e9quip\u00e9 d&rsquo;un s\u00e8che-linge, un distributeur de caf\u00e9, de boissons et de sandwichs ainsi que la pr\u00e9sence quotidienne d&rsquo;un gardien. Elle dispose \u00e9galement d&rsquo;un service d&rsquo;assistance 24 h\/24h pour les secours et les urgences. La pharmacie la plus proche se trouve d&rsquo;ailleurs \u00e0 100 m.<\/p>\n<p>&nbsp;<\/p>\n<p style=\"text-align: left;\">Autant de services dont \u00e9videmment vous ne b\u00e9n\u00e9ficiez pas avec la location d&rsquo;un appartement quelconque et que vous offre par contre nos appartements h\u00f4tel. La p\u00e9riode minimum de location d&rsquo;un appartement est de trois mois mais chaque h\u00f4te pourra d\u00e9cider de prolonger ou de raccourcir son s\u00e9jour en fonction de ses besoins. Le quartier r\u00e9sidentiel de Castagnola, situ\u00e9 dans un \u00e9crin de verdure est un endroit silencieux o\u00f9 les appartements \u00e0 louer sont tr\u00e8s demand\u00e9s. Il offre de nombreux loisirs, diff\u00e9rentes promenades \u00e0 faire et des services culturels comme la Casa Cattaneo, l&rsquo;espace d&rsquo;exposition Castagnola et le Mus\u00e9e des Cultures.<\/p>\n<p>&nbsp;<\/p>\n<p style=\"text-align: left;\">Id\u00e9al lorsque vous avez du temps libre, c&rsquo;est un quartier de la ville de Lugano o\u00f9 le paysage est extraordinaire. Vous pouvez profiter du Parc actuel de San Michele, des territoires de Cortivo et San Domenico, du Parc des Ulivi le long du sentier romantique qui m\u00e8ne \u00e0 Gandria. De plus, \u00e0 quelques pas de chez nous se trouvent les deux terrains de tennis communaux les plus importants: le \u00abLugano Tennis club Lido\u00bb et le \u00abLugano Tennis club Campo Marzio\u00bb.<\/p>\n<p>&nbsp;<\/p>\n<p style=\"text-align: left;\">Nombreux sont les gens qui souhaiteraient pouvoir louer un appartement dans ce magnifique quartier de Lugano. Ce nombre augmenterait davantage s&rsquo;ils savaient que le logement dont ils r\u00eavent est un de nos appartement h\u00f4tel o\u00f9 le loyer est vraiment avantageux.<\/p>\n<p>&nbsp;<\/p>\n<p style=\"text-align: left;\">Toujours \u00e0 proximit\u00e9 de chez nous (\u00e0 200 m\u00e8tres, quelques minutes \u00e0 pied) se trouve le Lido de Lugano; lieu de rassemblement des habitants de la ville qui a su garder son charme intact depuis 1928. Gr\u00e2ce \u00e0 la location d&rsquo;un appartement dans le quartier ou d&rsquo;un appartement h\u00f4tel chez nous, qui sommes conventionn\u00e9s avec le Lido, vous appr\u00e9cierez beaucoup de pouvoir en profiter.<\/p>\n<p>&nbsp;<\/p>\n<p style=\"text-align: left;\">Gr\u00e2ce \u00e0 la location d&rsquo;un appartement h\u00f4tel chez nous, vous b\u00e9n\u00e9ficiez \u00e9galement des structures et des services que la ville de Lugano met \u00e0 disposition de ses habitants.<\/p>\n<p>&nbsp;<\/p>\n<p style=\"text-align: left;\">Le \u00abGolf Club Lugano\u00bb de 1923, \u00e0 proximit\u00e9 de l&rsquo;a\u00e9roport d&rsquo;Agno pr\u00e9sente un parcours de 18 trous. Au c\u0153ur d&rsquo;une superbe for\u00eat de bouleaux, de ch\u00eanes, de pins, de rhododendrons et d&rsquo;azal\u00e9es, ses greens se pr\u00e9sentent toujours bien prot\u00e9g\u00e9s des obstacles naturels ou artificiels.<\/p>\n<p>&nbsp;<\/p>\n<p style=\"text-align: left;\">Le \u00abLugano Airport\u00bb est l&rsquo;a\u00e9roport de Lugano qui jouit d&rsquo;une position g\u00e9ographique strat\u00e9gique. Depuis 70 ans il joue un r\u00f4le important dans l&rsquo;\u00e9conomie de la ville et pour le tourisme de Lugano et du Tessin. Sa position favorable &#8211; au centre de l&rsquo;Europe et des quartiers financiers importants &#8211; en fait une r\u00e9f\u00e9rence pour les hommes d&rsquo;affaires et pour les touristes. Ainsi, la location d&rsquo;un appartement h\u00f4tel chez nous vous permet \u00e9galement d&rsquo;habiter \u00e0 proximit\u00e9 de l&rsquo;a\u00e9roport de Lugano.<\/p>\n<p>&nbsp;<\/p>\n<p style=\"text-align: left;\">Le check-in, l&#8217;embarquement en seulement 20 minutes et la navette Shuttle Bus qui vous conduit au centre-ville sont les avantages de l&rsquo;a\u00e9roport.<\/p>\n<p>&nbsp;<\/p>\n<p style=\"text-align: left;\">Gr\u00e2ce \u00e0 la location d&rsquo;un appartement h\u00f4tel chez nous, vous jouissez d&rsquo;innombrables b\u00e9n\u00e9fices parmi lesquels il nous faut \u00e9galement vous signaler la possibilit\u00e9 d&rsquo;effectuer des excursions de r\u00eave sans vous \u00e9loigner de votre appartement. La voie ferr\u00e9e du Mont Generoso par exemple, facilement accessible depuis nos appartements h\u00f4tel, offre le merveilleux spectacle d&rsquo;un parc naturel qui abrite diff\u00e9rentes esp\u00e8ces.<\/p>\n<p>&nbsp;<\/p>\n<p style=\"text-align: left;\">Nombreuses sont les possibilit\u00e9s d&rsquo;excursions et vous pouvez \u00e9galement observer le ciel gr\u00e2ce au t\u00e9lescope public le plus puissant de Suisse. L&rsquo;excursion en funiculaire &#8211; \u00e0 deux pas de la r\u00e9sidence -est \u00e9galement tr\u00e8s agr\u00e9able. Elle m\u00e8ne au Mont Br\u00e8, une localit\u00e9 qui vous permet d&rsquo;effectuer des randonn\u00e9es \u00e0 tous niveaux: des promenades accessibles \u00e0 tous jusqu&rsquo;aux excursions les plus difficiles. Prenez le funiculaire du Mont San Salvatore pour une vue incomparable sur le lac Ceresio, sur la plaine lombarde et sur la cha\u00eene des Alpes suisses.<\/p>\n<p>&nbsp;<\/p>\n<p style=\"text-align: left;\">Un autre funiculaire, tr\u00e8s pratique pour les locataires de nos appartements h\u00f4tel relie \u00e9galement le centre de Lugano \u00e0 la gare, en quelques minutes.<\/p>\n<p>&nbsp;<\/p>\n<p style=\"text-align: left;\">Pour les h\u00f4tes qui aiment le jeu, n&rsquo;oubliez pas non plus que la location d&rsquo;un appartement h\u00f4tel chez nous vous permet de vivre dans une ville qui abrite un casino.<\/p>\n<p>&nbsp;<\/p>\n<p style=\"text-align: left;\">Le casino de Lugano vous propose une gamme de jeux \u00e0 l&rsquo;avant-garde dans un cadre spacieux, prestigieux et \u00e9l\u00e9gant.<\/p>\n<p>&nbsp;<\/p>\n<p style=\"text-align: left;\">Le casino de Lugano vous propose 420 machines \u00e0 sous de derni\u00e8re g\u00e9n\u00e9ration et pour les amateurs de tables vertes, 20 tables de jeu comportant la gamme de jeux la plus vaste de Suisse. Ajoutons trois bars et le prestigieux restaurant panoramique \u00ab\u00a0La Perla del Lago\u00a0\u00bb.<\/p>\n<p>[\/vc_column_text][\/vc_column_inner][\/vc_row_inner][vc_empty_space height=\u00a0\u00bb65px\u00a0\u00bb][vc_empty_space height=\u00a0\u00bb45px\u00a0\u00bb][\/vc_column][\/vc_row]<\/p>\n","protected":false},"excerpt":{"rendered":"<p>[vc_row css_animation=\u00a0\u00bb\u00a0\u00bb row_type=\u00a0\u00bbrow\u00a0\u00bb use_row_as_full_screen_section=\u00a0\u00bbno\u00a0\u00bb type=\u00a0\u00bbfull_width\u00a0\u00bb angled_section=\u00a0\u00bbno\u00a0\u00bb text_align=\u00a0\u00bbcenter\u00a0\u00bb background_image_as_pattern=\u00a0\u00bbwithout_pattern\u00a0\u00bb background_color=\u00a0\u00bb#ffffff\u00a0\u00bb][vc_column][vc_row_inner row_type=\u00a0\u00bbrow\u00a0\u00bb type=\u00a0\u00bbgrid\u00a0\u00bb text_align=\u00a0\u00bbleft\u00a0\u00bb padding_top=\u00a0\u00bb85&Prime; padding_bottom=\u00a0\u00bb0&Prime; css_animation=\u00a0\u00bb\u00a0\u00bb][vc_column_inner][vc_column_text] Location d&rsquo;appartements h\u00f4tel \u00e0 Lugano [\/vc_column_text][vc_separator type=\u00a0\u00bbtransparent\u00a0\u00bb up=\u00a0\u00bb20&Prime; down=\u00a0\u00bb0&Prime;][vc_column_text] Appartements h\u00f4tel \u00e0 Lugano [\/vc_column_text][vc_separator type=\u00a0\u00bbtransparent\u00a0\u00bb up=\u00a0\u00bb30&Prime; down=\u00a0\u00bb0&Prime;][\/vc_column_inner][\/vc_row_inner][vc_row_inner row_type=\u00a0\u00bbrow\u00a0\u00bb type=\u00a0\u00bbgrid\u00a0\u00bb text_align=\u00a0\u00bbleft\u00a0\u00bb css_animation=\u00a0\u00bb\u00a0\u00bb][vc_column_inner][vc_separator type=\u00a0\u00bbtransparent\u00a0\u00bb up=\u00a0\u00bb30&Prime; down=\u00a0\u00bb0&Prime;][vc_column_text] A Lugano, mieux vaut louer un&#8230;<\/p>\n","protected":false},"author":1,"featured_media":0,"parent":0,"menu_order":0,"comment_status":"closed","ping_status":"closed","template":"full_width.php","meta":[],"_links":{"self":[{"href":"https:\/\/www.affittolugano.ch\/fr\/wp-json\/wp\/v2\/pages\/16680"}],"collection":[{"href":"https:\/\/www.affittolugano.ch\/fr\/wp-json\/wp\/v2\/pages"}],"about":[{"href":"https:\/\/www.affittolugano.ch\/fr\/wp-json\/wp\/v2\/types\/page"}],"author":[{"embeddable":true,"href":"https:\/\/www.affittolugano.ch\/fr\/wp-json\/wp\/v2\/users\/1"}],"replies":[{"embeddable":true,"href":"https:\/\/www.affittolugano.ch\/fr\/wp-json\/wp\/v2\/comments?post=16680"}],"version-history":[{"count":0,"href":"https:\/\/www.affittolugano.ch\/fr\/wp-json\/wp\/v2\/pages\/16680\/revisions"}],"wp:attachment":[{"href":"https:\/\/www.affittolugano.ch\/fr\/wp-json\/wp\/v2\/media?parent=16680"}],"curies":[{"name":"wp","href":"https:\/\/api.w.org\/{rel}","templated":true}]}}