{"id":16681,"date":"2016-04-08T16:00:13","date_gmt":"2016-04-08T14:00:13","guid":{"rendered":"http:\/\/www.affittolugano.ch\/wp\/?page_id=16681"},"modified":"2020-08-07T16:18:04","modified_gmt":"2020-08-07T14:18:04","slug":"tarifs-et-promotions","status":"publish","type":"page","link":"https:\/\/www.affittolugano.ch\/fr\/tarifs-et-promotions\/","title":{"rendered":"tarifs et promotions"},"content":{"rendered":"<p>[vc_row css_animation=\u00a0\u00bb\u00a0\u00bb row_type=\u00a0\u00bbrow\u00a0\u00bb use_row_as_full_screen_section=\u00a0\u00bbno\u00a0\u00bb type=\u00a0\u00bbgrid\u00a0\u00bb angled_section=\u00a0\u00bbno\u00a0\u00bb text_align=\u00a0\u00bbcenter\u00a0\u00bb background_image_as_pattern=\u00a0\u00bbwithout_pattern\u00a0\u00bb background_color=\u00a0\u00bb#ffffff\u00a0\u00bb][vc_column][vc_empty_space height=\u00a0\u00bb45px\u00a0\u00bb][vc_column_text]<\/p>\n<h1 style=\"text-align: center;\">Appartements h\u00f4tel \u00e0 Lugano &#8211; le prix des chambres<\/h1>\n<p>[\/vc_column_text][vc_separator type=\u00a0\u00bbtransparent\u00a0\u00bb up=\u00a0\u00bb45&Prime; down=\u00a0\u00bb0&Prime;][vc_column_text]<\/p>\n<h2 style=\"text-align: center;\">Prix de la location d&rsquo;un appartement h\u00f4tel La Residenza de Lugano<\/h2>\n<p>[\/vc_column_text][vc_separator type=\u00a0\u00bbtransparent\u00a0\u00bb up=\u00a0\u00bb45&Prime; down=\u00a0\u00bb0&Prime;][vc_row_inner row_type=\u00a0\u00bbrow\u00a0\u00bb type=\u00a0\u00bbfull_width\u00a0\u00bb text_align=\u00a0\u00bbleft\u00a0\u00bb css_animation=\u00a0\u00bb\u00a0\u00bb][vc_column_inner width=\u00a0\u00bb2\/3&Prime;][vc_column_text]<\/p>\n<h4>Prix d\u2019un mini-appartement grand-lit, avec coin-cuisson (solution A)<\/h4>\n<p>Mini-appartements avec coin-cuisson et salle de bain. Premier d\u00e9jeuner\u00a0<u>inclu<\/u>.<\/p>\n<p><strong>1.550,00 FRS mensuels<span lang=\"FR\">, TVA comprise<\/span><\/strong>[\/vc_column_text][vc_separator type=\u00a0\u00bbtransparent\u00a0\u00bb up=\u00a0\u00bb32&Prime; down=\u00a0\u00bb0&Prime;][vc_column_text]<\/p>\n<h4>Prix d&rsquo;un mini-appartement grand-lit, sans coin-cuisson (solution B)<\/h4>\n<p>Mini-appartements avec salle de bain.<br \/>\nPremier d\u00e9jeuner\u00a0<u>inclu<\/u>.<\/p>\n<p><strong>1.450,00 FRS mensuels<span lang=\"FR\">, TVA comprise<\/span><\/strong>[\/vc_column_text][vc_separator type=\u00a0\u00bbtransparent\u00a0\u00bb up=\u00a0\u00bb32&Prime; down=\u00a0\u00bb0&Prime;][vc_column_text]<\/p>\n<h4>Prix d&rsquo;un appartement \u00ab\u00a0double suite\u00a0\u00bb grand-lit, outre canap\u00e9-lit, avec coin-cuisson (solution C)<\/h4>\n<p>Mini-appartements doubles, avec coin-cuisson et salle de bain. Premier d\u00e9jeuner\u00a0<u>inclu<\/u>.<\/p>\n<p><strong>2.200,00 FRS mensuels<span lang=\"FR\">, TVA comprise<\/span><\/strong>[\/vc_column_text][\/vc_column_inner][vc_column_inner width=\u00a0\u00bb1\/3&Prime;][vc_single_image image=\u00a0\u00bb16826&Prime; img_size=\u00a0\u00bbfull\u00a0\u00bb alignment=\u00a0\u00bbcenter\u00a0\u00bb qode_css_animation=\u00a0\u00bb\u00a0\u00bb][vc_empty_space][vc_empty_space][vc_empty_space][vc_single_image image=\u00a0\u00bb16827&Prime; img_size=\u00a0\u00bbfull\u00a0\u00bb alignment=\u00a0\u00bbcenter\u00a0\u00bb qode_css_animation=\u00a0\u00bb\u00a0\u00bb][\/vc_column_inner][\/vc_row_inner][vc_empty_space height=\u00a0\u00bb45px\u00a0\u00bb][vc_empty_space height=\u00a0\u00bb65px\u00a0\u00bb][\/vc_column][\/vc_row][vc_row row_type=\u00a0\u00bbparallax\u00a0\u00bb parallax_content_width=\u00a0\u00bbin_grid\u00a0\u00bb text_align=\u00a0\u00bbcenter\u00a0\u00bb background_image=\u00a0\u00bb22326&Prime; full_screen_section_height=\u00a0\u00bbno\u00a0\u00bb section_height=\u00a0\u00bb400&Prime;][vc_column][\/vc_column][\/vc_row][vc_row css_animation=\u00a0\u00bb\u00a0\u00bb row_type=\u00a0\u00bbrow\u00a0\u00bb use_row_as_full_screen_section=\u00a0\u00bbno\u00a0\u00bb type=\u00a0\u00bbfull_width\u00a0\u00bb angled_section=\u00a0\u00bbno\u00a0\u00bb text_align=\u00a0\u00bbleft\u00a0\u00bb background_image_as_pattern=\u00a0\u00bbwithout_pattern\u00a0\u00bb][vc_column][vc_separator type=\u00a0\u00bbnormal\u00a0\u00bb up=\u00a0\u00bb0&Prime; down=\u00a0\u00bb0&Prime;][\/vc_column][\/vc_row][vc_row css_animation=\u00a0\u00bb\u00a0\u00bb row_type=\u00a0\u00bbrow\u00a0\u00bb use_row_as_full_screen_section=\u00a0\u00bbno\u00a0\u00bb type=\u00a0\u00bbgrid\u00a0\u00bb angled_section=\u00a0\u00bbno\u00a0\u00bb text_align=\u00a0\u00bbleft\u00a0\u00bb background_image_as_pattern=\u00a0\u00bbwithout_pattern\u00a0\u00bb background_color=\u00a0\u00bb#ffffff\u00a0\u00bb padding_top=\u00a0\u00bb80&Prime; el_class=\u00a0\u00bbteam_hover_color\u00a0\u00bb][vc_column][vc_row_inner row_type=\u00a0\u00bbrow\u00a0\u00bb type=\u00a0\u00bbfull_width\u00a0\u00bb text_align=\u00a0\u00bbleft\u00a0\u00bb padding_bottom=\u00a0\u00bb50&Prime; css_animation=\u00a0\u00bb\u00a0\u00bb][vc_column_inner width=\u00a0\u00bb1\/2&Prime;][vc_separator type=\u00a0\u00bbtransparent\u00a0\u00bb up=\u00a0\u00bb45&Prime; down=\u00a0\u00bb0&Prime;][vc_raw_html]JTNDcCUyMGFsaWduJTNEJTIyY2VudGVyJTIyJTNFJTBBJTA5JTA5JTNDaW1nJTIwYWx0JTNEJTIyU2VydmljZWQlMjBhcGFydG1lbnRzJTIwLSUyMEZpdG5lc3MtUm9vbSUyMiUyMHRpdGxlJTNEJTIyU2VydmljZWQlMjBhcGFydG1lbnRzJTIwLSUyMEZpdG5lc3MtUm9vbSUyMiUyMGhlaWdodCUzRCUyMjMxMCUyMiUyMHNyYyUzRCUyMmh0dHAlM0ElMkYlMkZ3d3cuYWZmaXR0b2x1Z2Fuby5jaCUyRndwJTJGd3AtY29udGVudCUyRnVwbG9hZHMlMkYyMDE2JTJGMDMlMkZhdHRyZXp6aS10ZWNobm9neW0tcmVzaWRlbmNlLWxhcmVzaWRlbnphLWx1Z2Fuby5qcGclMjIlMjB3aWR0aCUzRCUyMjUwMCUyMiUzRSUzQyUyRnAlM0U=[\/vc_raw_html][\/vc_column_inner][vc_column_inner width=\u00a0\u00bb1\/2&Prime;][vc_separator type=\u00a0\u00bbtransparent\u00a0\u00bb up=\u00a0\u00bb45&Prime; down=\u00a0\u00bb0&Prime;][vc_raw_html]JTNDcCUyMGFsaWduJTNEJTIyY2VudGVyJTIyJTNFJTBBJTA5JTA5JTNDaW1nJTIwYWx0JTNEJTIyU2VydmljZWQlMjBhcGFydG1lbnRzJTIwLSUyMEZpdG5lc3MtUm9vbSUyMiUyMHRpdGxlJTNEJTIyU2VydmljZWQlMjBhcGFydG1lbnRzJTIwLSUyMEZpdG5lc3MtUm9vbSUyMiUyMGhlaWdodCUzRCUyMjMxMCUyMiUyMHNyYyUzRCUyMmh0dHAlM0ElMkYlMkZ3d3cuYWZmaXR0b2x1Z2Fuby5jaCUyRndwJTJGd3AtY29udGVudCUyRnVwbG9hZHMlMkYyMDE2JTJGMDMlMkZhZmZpdHRvLWx1Z2Fuby1jYW1lcmEtYXR0cmV6emktdGVjaG5vZ3ltLmpwZyUyMiUyMHdpZHRoJTNEJTIyNTAwJTIyJTNFJTNDJTJGcCUzRQ==[\/vc_raw_html][\/vc_column_inner][\/vc_row_inner][vc_separator type=\u00a0\u00bbtransparent\u00a0\u00bb up=\u00a0\u00bb20&Prime; down=\u00a0\u00bb0&Prime;][vc_column_text]<\/p>\n<h2 style=\"text-align: center;\">Quel est le prix de la location d&rsquo;un appartement h\u00f4tel \u00e0 La Residenza de Lugano?<\/h2>\n<p>[\/vc_column_text][vc_separator type=\u00a0\u00bbtransparent\u00a0\u00bb up=\u00a0\u00bb20&Prime; down=\u00a0\u00bb0&Prime;][vc_column_text]Les services suivants sont compris dans tous les prix de nos mini-appartements indiqu\u00e9s:<\/p>\n<ul>\n<li>petit d\u00e9jeuner servi tous les matins des jours ouvrables,<\/li>\n<li>coin-cuisson disponible dans presque toutes les habitations,<\/li>\n<li>changement des draps de lit et linges de bain une fois par semaine,<\/li>\n<li>nettoyage du mini-appartement une fois par semaine,<\/li>\n<li>jouissance sans limites \u2013 de 06:00 \u00e0 22:00 \u2013 de la sale fitness de La Residenza, \u00e9quip\u00e9e avec machines originales Technogym,<\/li>\n<li>internet sans fil,<\/li>\n<li>t\u00e9l\u00e9vision satellitaire avec 30 cha\u00eenes,<\/li>\n<li>chambres meubl\u00e9es,<\/li>\n<li>charges d&rsquo;\u00e9lectricit\u00e9, d\u2019eau, de chauffage et charges de copropri\u00e9t\u00e9 diverses,<\/li>\n<li>mini-frigo dans chaque mini-appartement,<\/li>\n<li>r\u00e9ceptionniste,<\/li>\n<li>gardien de nuit \u00e0 disposition,<\/li>\n<li>distribution du courrier,<\/li>\n<li>vid\u00e9osurveillance des parties communes pour la s\u00e9curit\u00e9 de nos h\u00f4tes,<\/li>\n<\/ul>\n<p>[\/vc_column_text][vc_separator type=\u00a0\u00bbtransparent\u00a0\u00bb up=\u00a0\u00bb20&Prime; down=\u00a0\u00bb0&Prime;][vc_raw_html]JTNDcCUyMGFsaWduJTNEJTIyY2VudGVyJTIyJTNFJTNDaW1nJTIwYWx0JTNEJTIyTGElMjBSZXNpZGVuemElMjIlMjBSZXNpZGVuY2UlMjBpbiUyMEx1Z2FubyUyMiUyMHRpdGxlJTNEJTIyJTIyTGElMjBSZXNpZGVuemElMjIlMjBSZXNpZGVuY2UlMjBpbiUyMEx1Z2FubyUyMiUyMGhlaWdodCUzRCUyMjMxMCUyMiUyMHNyYyUzRCUyMmh0dHAlM0ElMkYlMkZ3d3cuYWZmaXR0b2x1Z2Fuby5jaCUyRndwJTJGd3AtY29udGVudCUyRnVwbG9hZHMlMkYyMDE2JTJGMDMlMkZjYW1lcmUtYWZmaXR0by1sdWdhbm8uanBnJTIyJTIwd2lkdGglM0QlMjI1MDAlMjIlM0UlM0MlMkZwJTNF[\/vc_raw_html][vc_separator type=\u00a0\u00bbtransparent\u00a0\u00bb up=\u00a0\u00bb20&Prime; down=\u00a0\u00bb0&Prime;][vc_column_text]<\/p>\n<p style=\"text-align: left;\">La Residenza met \u00e9galement \u00e0 disposition de ses h\u00f4tes un service self-service de bar\/snack et un lave-linge.<\/p>\n<p>&nbsp;<\/p>\n<p style=\"text-align: left;\">Notre structure dispose de 8 parkings non couverts \u00e0 louer au prix de 150,00 FRS par mois. Sinon, vous trouvez presque toujours une place de parking le long des rues \u00e0 proximit\u00e9 de la r\u00e9sidence.<\/p>\n<p>&nbsp;<\/p>\n<p style=\"text-align: left;\"><strong>Pour toute question, veuillez nous contacter aux num\u00e9ros suivants:<br \/>\n+41 (0)91 976 1719 \/ +41 (0)79 937 8061.<\/strong><\/p>\n<p>[\/vc_column_text][vc_empty_space height=\u00a0\u00bb65px\u00a0\u00bb][vc_empty_space height=\u00a0\u00bb65px\u00a0\u00bb][\/vc_column][\/vc_row]<\/p>\n","protected":false},"excerpt":{"rendered":"<p>[vc_row css_animation=\u00a0\u00bb\u00a0\u00bb row_type=\u00a0\u00bbrow\u00a0\u00bb use_row_as_full_screen_section=\u00a0\u00bbno\u00a0\u00bb type=\u00a0\u00bbgrid\u00a0\u00bb angled_section=\u00a0\u00bbno\u00a0\u00bb text_align=\u00a0\u00bbcenter\u00a0\u00bb background_image_as_pattern=\u00a0\u00bbwithout_pattern\u00a0\u00bb background_color=\u00a0\u00bb#ffffff\u00a0\u00bb][vc_column][vc_empty_space height=\u00a0\u00bb45px\u00a0\u00bb][vc_column_text] Appartements h\u00f4tel \u00e0 Lugano &#8211; le prix des chambres [\/vc_column_text][vc_separator type=\u00a0\u00bbtransparent\u00a0\u00bb up=\u00a0\u00bb45&Prime; down=\u00a0\u00bb0&Prime;][vc_column_text] Prix de la location d&rsquo;un appartement h\u00f4tel La Residenza de Lugano [\/vc_column_text][vc_separator type=\u00a0\u00bbtransparent\u00a0\u00bb up=\u00a0\u00bb45&Prime; down=\u00a0\u00bb0&Prime;][vc_row_inner row_type=\u00a0\u00bbrow\u00a0\u00bb type=\u00a0\u00bbfull_width\u00a0\u00bb text_align=\u00a0\u00bbleft\u00a0\u00bb css_animation=\u00a0\u00bb\u00a0\u00bb][vc_column_inner width=\u00a0\u00bb2\/3&Prime;][vc_column_text] Prix d\u2019un&#8230;<\/p>\n","protected":false},"author":1,"featured_media":0,"parent":0,"menu_order":0,"comment_status":"closed","ping_status":"closed","template":"full_width.php","meta":[],"_links":{"self":[{"href":"https:\/\/www.affittolugano.ch\/fr\/wp-json\/wp\/v2\/pages\/16681"}],"collection":[{"href":"https:\/\/www.affittolugano.ch\/fr\/wp-json\/wp\/v2\/pages"}],"about":[{"href":"https:\/\/www.affittolugano.ch\/fr\/wp-json\/wp\/v2\/types\/page"}],"author":[{"embeddable":true,"href":"https:\/\/www.affittolugano.ch\/fr\/wp-json\/wp\/v2\/users\/1"}],"replies":[{"embeddable":true,"href":"https:\/\/www.affittolugano.ch\/fr\/wp-json\/wp\/v2\/comments?post=16681"}],"version-history":[{"count":1,"href":"https:\/\/www.affittolugano.ch\/fr\/wp-json\/wp\/v2\/pages\/16681\/revisions"}],"predecessor-version":[{"id":24332,"href":"https:\/\/www.affittolugano.ch\/fr\/wp-json\/wp\/v2\/pages\/16681\/revisions\/24332"}],"wp:attachment":[{"href":"https:\/\/www.affittolugano.ch\/fr\/wp-json\/wp\/v2\/media?parent=16681"}],"curies":[{"name":"wp","href":"https:\/\/api.w.org\/{rel}","templated":true}]}}