{"id":16683,"date":"2016-04-08T16:01:23","date_gmt":"2016-04-08T14:01:23","guid":{"rendered":"http:\/\/www.affittolugano.ch\/wp\/?page_id=16683"},"modified":"2016-06-20T15:27:23","modified_gmt":"2016-06-20T13:27:23","slug":"ou-nous-sommes","status":"publish","type":"page","link":"https:\/\/www.affittolugano.ch\/fr\/ou-nous-sommes\/","title":{"rendered":"o\u00f9 nous sommes"},"content":{"rendered":"<p>[vc_row row_type=\u00a0\u00bbrow\u00a0\u00bb use_row_as_full_screen_section=\u00a0\u00bbno\u00a0\u00bb type=\u00a0\u00bbfull_width\u00a0\u00bb angled_section=\u00a0\u00bbno\u00a0\u00bb text_align=\u00a0\u00bbcenter\u00a0\u00bb background_image_as_pattern=\u00a0\u00bbwithout_pattern\u00a0\u00bb background_color=\u00a0\u00bb#ffffff\u00a0\u00bb css_animation=\u00a0\u00bb\u00a0\u00bb][vc_column][vc_row_inner row_type=\u00a0\u00bbrow\u00a0\u00bb type=\u00a0\u00bbgrid\u00a0\u00bb text_align=\u00a0\u00bbleft\u00a0\u00bb padding_top=\u00a0\u00bb85&Prime; padding_bottom=\u00a0\u00bb0&Prime; css_animation=\u00a0\u00bb\u00a0\u00bb][vc_column_inner][vc_column_text]<\/p>\n<h1 style=\"text-align: center;\">Appartements h\u00f4tel et location d&rsquo;appartements \u00e0 Lugano<\/h1>\n<p>[\/vc_column_text][vc_separator type=\u00a0\u00bbtransparent\u00a0\u00bb up=\u00a0\u00bb20&Prime; down=\u00a0\u00bb0&Prime;][vc_column_text]<strong>La Residenza<\/strong><\/p>\n<p>16, Piazza della Riscossa<\/p>\n<p>6900 Lugano, Suisse<\/p>\n<p>Tel. +41 (0)91 976 1719 \/ +41 (0)79 937 8061<\/p>\n<p>Contacts: e-mail:\u00a0<a href=\"mailto:info@affittolugano.ch\">info@affittolugano.ch<\/a><\/p>\n<p>[\/vc_column_text][vc_separator type=\u00a0\u00bbtransparent\u00a0\u00bb up=\u00a0\u00bb35&Prime; down=\u00a0\u00bb0&Prime;][vc_column_text]<\/p>\n<h2 style=\"text-align: center;\">Appartements h\u00f4tel \u00e0 Lugano &#8211; La Residenza<\/h2>\n<p>[\/vc_column_text][vc_separator type=\u00a0\u00bbtransparent\u00a0\u00bb up=\u00a0\u00bb45&Prime; down=\u00a0\u00bb0&Prime;][vc_column_text]<\/p>\n<h4 style=\"text-align: center;\">A Lugano, la meilleure chose \u00e0 faire est de louer un appartement h\u00f4tel \u00e0 \u00abLa Residenza\u00bb plut\u00f4t que tout autre appartement.<\/h4>\n<p>[\/vc_column_text][vc_separator type=\u00a0\u00bbtransparent\u00a0\u00bb up=\u00a0\u00bb65&Prime; down=\u00a0\u00bb0&Prime;][\/vc_column_inner][\/vc_row_inner][\/vc_column][\/vc_row][vc_row row_type=\u00a0\u00bbrow\u00a0\u00bb use_row_as_full_screen_section=\u00a0\u00bbno\u00a0\u00bb type=\u00a0\u00bbfull_width\u00a0\u00bb angled_section=\u00a0\u00bbno\u00a0\u00bb text_align=\u00a0\u00bbcenter\u00a0\u00bb background_image_as_pattern=\u00a0\u00bbwithout_pattern\u00a0\u00bb background_color=\u00a0\u00bb#f8f8f8&Prime; css_animation=\u00a0\u00bb\u00a0\u00bb][vc_column][vc_separator type=\u00a0\u00bbtransparent\u00a0\u00bb up=\u00a0\u00bb45&Prime; down=\u00a0\u00bb0&Prime;][vc_column_text]<\/p>\n<h2 style=\"text-align: center;\">O\u00f9 nous sommes<\/h2>\n<p>[\/vc_column_text][vc_separator type=\u00a0\u00bbtransparent\u00a0\u00bb up=\u00a0\u00bb45&Prime; down=\u00a0\u00bb0&Prime;][vc_column_text]<\/p>\n<p style=\"text-align: center;\">Les appartements h\u00f4tel La Residenza sont situ\u00e9s dans le prestigieux quartier de Castagnola, \u00e0 50 m\u00e8tres du lac.<\/p>\n<p>[\/vc_column_text][vc_separator type=\u00a0\u00bbtransparent\u00a0\u00bb up=\u00a0\u00bb32&Prime; down=\u00a0\u00bb0&Prime;][vc_row_inner row_type=\u00a0\u00bbrow\u00a0\u00bb type=\u00a0\u00bbgrid\u00a0\u00bb text_align=\u00a0\u00bbleft\u00a0\u00bb padding_top=\u00a0\u00bb40&Prime; padding_bottom=\u00a0\u00bb15&Prime; css_animation=\u00a0\u00bb\u00a0\u00bb][vc_column_inner width=\u00a0\u00bb1\/2&Prime;][vc_single_image image=\u00a0\u00bb15945&Prime; img_size=\u00a0\u00bbfull\u00a0\u00bb alignment=\u00a0\u00bbcenter\u00a0\u00bb style=\u00a0\u00bbvc_box_rounded\u00a0\u00bb qode_css_animation=\u00a0\u00bb\u00a0\u00bb][\/vc_column_inner][vc_column_inner width=\u00a0\u00bb1\/2&Prime;][vc_raw_html]JTNDcCUyMGFsaWduJTNEJTIyY2VudGVyJTIyJTNFJTNDaWZyYW1lJTIwd2lkdGglM0QlMjI1MDAlMjIlMjBoZWlnaHQlM0QlMjI2NTAlMjIlMjBmcmFtZWJvcmRlciUzRCUyMjAlMjIlMjBzY3JvbGxpbmclM0QlMjJubyUyMiUyMG1hcmdpbmhlaWdodCUzRCUyMjAlMjIlMjBtYXJnaW53aWR0aCUzRCUyMjAlMjIlMjBzcmMlM0QlMjJodHRwJTNBJTJGJTJGbWFwcy5nb29nbGUuY2glMkZtYXBzJTNGaGwlM0RlbiUyNmFtcCUzQmdlb3Jlc3RyaWN0JTNEaW5wdXRfc3JjaWQlM0EwMTkxNDM4ZWRkNDQ1M2FjJTI2YW1wJTNCaWUlM0RVVEY4JTI2YW1wJTNCdmlldyUzRG1hcCUyNmFtcCUzQmNpZCUzRDExODUyMzAzNzQwMzkxNzMzMzEwJTI2YW1wJTNCcSUzREFwcGFydGFtZW50aSUyQkFmZml0dG8lMkJMdWdhbm8lMjZhbXAlM0JocSUzREFwcGFydGFtZW50aSUyQkFmZml0dG8lMkJMdWdhbm8lMjZhbXAlM0JobmVhciUzRCUyNmFtcCUzQmxsJTNENDYuMDA2Njc0JTJDOC45Njc2NTYlMjZhbXAlM0JzcG4lM0QwLjAwNjI5NSUyQzAuMDA2Mjk1JTI2YW1wJTNCdCUzRG0lMjZhbXAlM0Jpd2xvYyUzREElMjZhbXAlM0JvdXRwdXQlM0RlbWJlZCUyMiUzRSUzQyUyRmlmcmFtZSUzRSUwQSUwOSUwOSUwOSUzQ2JyJTNFJTBBJTA5JTA5JTA5JTNDc21hbGwlM0UlM0NhJTIwaHJlZiUzRCUyMmh0dHAlM0ElMkYlMkZtYXBzLmdvb2dsZS5jaCUyRm1hcHMlM0ZobCUzRGVuJTI2YW1wJTNCZ2VvcmVzdHJpY3QlM0RpbnB1dF9zcmNpZCUzQTAxOTE0MzhlZGQ0NDUzYWMlMjZhbXAlM0JpZSUzRFVURjglMjZhbXAlM0J2aWV3JTNEbWFwJTI2YW1wJTNCY2lkJTNEMTE4NTIzMDM3NDAzOTE3MzMzMTAlMjZhbXAlM0JxJTNEQXBwYXJ0YW1lbnRpJTJCQWZmaXR0byUyQkx1Z2FubyUyNmFtcCUzQmhxJTNEQXBwYXJ0YW1lbnRpJTJCQWZmaXR0byUyQkx1Z2FubyUyNmFtcCUzQmhuZWFyJTNEJTI2YW1wJTNCbGwlM0Q0Ni4wMDY2NzQlMkM4Ljk2NzY1NiUyNmFtcCUzQnNwbiUzRDAuMDA2Mjk1JTJDMC4wMDYyOTUlMjZhbXAlM0J0JTNEbSUyNmFtcCUzQml3bG9jJTNEQSUyNmFtcCUzQnNvdXJjZSUzRGVtYmVkJTIyJTIwc3R5bGUlM0QlMjJjb2xvciUzQSUyMzAwMDBGRiUzQnRleHQtYWxpZ24lM0FsZWZ0JTIyJTNFVmlzdWFsaXp6YSUyMGxhJTIwbWFwcGElMjBpbmdyYW5kaXRhJTNDJTJGYSUzRSUzQyUyRnNtYWxsJTNFJTBBJTA5JTA5JTA5JTNDJTJGcCUzRQ==[\/vc_raw_html][\/vc_column_inner][\/vc_row_inner][vc_separator type=\u00a0\u00bbtransparent\u00a0\u00bb up=\u00a0\u00bb45&Prime; down=\u00a0\u00bb0&Prime;][vc_empty_space height=\u00a0\u00bb45px\u00a0\u00bb][vc_empty_space height=\u00a0\u00bb65px\u00a0\u00bb][\/vc_column][\/vc_row]<\/p>\n","protected":false},"excerpt":{"rendered":"<p>[vc_row row_type=\u00a0\u00bbrow\u00a0\u00bb use_row_as_full_screen_section=\u00a0\u00bbno\u00a0\u00bb type=\u00a0\u00bbfull_width\u00a0\u00bb angled_section=\u00a0\u00bbno\u00a0\u00bb text_align=\u00a0\u00bbcenter\u00a0\u00bb background_image_as_pattern=\u00a0\u00bbwithout_pattern\u00a0\u00bb background_color=\u00a0\u00bb#ffffff\u00a0\u00bb css_animation=\u00a0\u00bb\u00a0\u00bb][vc_column][vc_row_inner row_type=\u00a0\u00bbrow\u00a0\u00bb type=\u00a0\u00bbgrid\u00a0\u00bb text_align=\u00a0\u00bbleft\u00a0\u00bb padding_top=\u00a0\u00bb85&Prime; padding_bottom=\u00a0\u00bb0&Prime; css_animation=\u00a0\u00bb\u00a0\u00bb][vc_column_inner][vc_column_text] Appartements h\u00f4tel et location d&rsquo;appartements \u00e0 Lugano [\/vc_column_text][vc_separator type=\u00a0\u00bbtransparent\u00a0\u00bb up=\u00a0\u00bb20&Prime; down=\u00a0\u00bb0&Prime;][vc_column_text]La Residenza 16, Piazza della Riscossa 6900 Lugano, Suisse Tel. +41 (0)91 976 1719 \/ +41 (0)79 937 8061 Contacts:&#8230;<\/p>\n","protected":false},"author":1,"featured_media":0,"parent":0,"menu_order":0,"comment_status":"closed","ping_status":"closed","template":"full_width.php","meta":[],"_links":{"self":[{"href":"https:\/\/www.affittolugano.ch\/fr\/wp-json\/wp\/v2\/pages\/16683"}],"collection":[{"href":"https:\/\/www.affittolugano.ch\/fr\/wp-json\/wp\/v2\/pages"}],"about":[{"href":"https:\/\/www.affittolugano.ch\/fr\/wp-json\/wp\/v2\/types\/page"}],"author":[{"embeddable":true,"href":"https:\/\/www.affittolugano.ch\/fr\/wp-json\/wp\/v2\/users\/1"}],"replies":[{"embeddable":true,"href":"https:\/\/www.affittolugano.ch\/fr\/wp-json\/wp\/v2\/comments?post=16683"}],"version-history":[{"count":0,"href":"https:\/\/www.affittolugano.ch\/fr\/wp-json\/wp\/v2\/pages\/16683\/revisions"}],"wp:attachment":[{"href":"https:\/\/www.affittolugano.ch\/fr\/wp-json\/wp\/v2\/media?parent=16683"}],"curies":[{"name":"wp","href":"https:\/\/api.w.org\/{rel}","templated":true}]}}