{"id":16684,"date":"2016-04-08T16:01:47","date_gmt":"2016-04-08T14:01:47","guid":{"rendered":"http:\/\/www.affittolugano.ch\/wp\/?page_id=16684"},"modified":"2016-06-20T11:29:35","modified_gmt":"2016-06-20T09:29:35","slug":"pourquoi-nous-choisir","status":"publish","type":"page","link":"https:\/\/www.affittolugano.ch\/fr\/pourquoi-nous-choisir\/","title":{"rendered":"pourquoi nous choisir?"},"content":{"rendered":"<p>[vc_row row_type=\u00a0\u00bbrow\u00a0\u00bb use_row_as_full_screen_section=\u00a0\u00bbno\u00a0\u00bb type=\u00a0\u00bbgrid\u00a0\u00bb angled_section=\u00a0\u00bbno\u00a0\u00bb text_align=\u00a0\u00bbcenter\u00a0\u00bb background_image_as_pattern=\u00a0\u00bbwithout_pattern\u00a0\u00bb background_color=\u00a0\u00bb#ffffff\u00a0\u00bb css_animation=\u00a0\u00bb\u00a0\u00bb][vc_column][vc_empty_space height=\u00a0\u00bb45px\u00a0\u00bb][vc_column_text]<\/p>\n<h1 style=\"text-align: center;\">Location \u00e0 Lugano dans la r\u00e9sidence \u00ab\u00a0La Residenza\u00a0\u00bb<\/h1>\n<p>[\/vc_column_text][vc_separator type=\u00a0\u00bbtransparent\u00a0\u00bb up=\u00a0\u00bb20&Prime; down=\u00a0\u00bb0&Prime;][vc_column_text]<\/p>\n<h2 style=\"text-align: center;\"><span style=\"color: red; font-size: large;\">Pourquoi nous choisir?<\/span><\/h2>\n<p>[\/vc_column_text][vc_separator type=\u00a0\u00bbtransparent\u00a0\u00bb up=\u00a0\u00bb20&Prime; down=\u00a0\u00bb0&Prime;][vc_column_text]<\/p>\n<h4 style=\"text-align: center;\">Le choix de l\u2019utilisation de notre r\u00e9sidence est un choix strat\u00e9gique, surtout pour les personnes qui sont de passage \u00e0 Lugano pour des raisons de travail et nous allons maintenant vous illustrer les motifs de cette affirmation:<\/h4>\n<p>[\/vc_column_text][vc_separator type=\u00a0\u00bbtransparent\u00a0\u00bb up=\u00a0\u00bb45&Prime; down=\u00a0\u00bb0&Prime;][vc_single_image image=\u00a0\u00bb16852&Prime; img_size=\u00a0\u00bbfull\u00a0\u00bb alignment=\u00a0\u00bbcenter\u00a0\u00bb qode_css_animation=\u00a0\u00bb\u00a0\u00bb][vc_separator type=\u00a0\u00bbtransparent\u00a0\u00bb up=\u00a0\u00bb45&Prime; down=\u00a0\u00bb0&Prime;][vc_column_text]<\/p>\n<p class=\"auto-style1\" style=\"text-align: left;\">En moyenne, un appartement en\u00a0<strong>location<\/strong>\u00a0\u00e0 Lugano non situ\u00e9 dans le centre, co\u00fbte entre 700 et 900 FRS\/ mois.<\/p>\n<p>&nbsp;<\/p>\n<p class=\"auto-style1\" style=\"text-align: left;\">Normalement, mis \u00e0 part les arrhes, il faut s\u2019engager avec un contrat qui s\u2019\u00e9tend sur 3 \u00e0 5 ans, tandis que chez nous il n\u2019est que de 3 mois.<\/p>\n<p>&nbsp;<\/p>\n<p class=\"auto-style1\" style=\"text-align: left;\">Chez nous, les frais de lumi\u00e8re, d\u2019eau et de gaz sont inclus, alors que dans un appartement en\u00a0<strong>location<\/strong>\u00a0\u00e0 Lugano il faut ajouter le co\u00fbt des factures et des d\u00e9penses suppl\u00e9mentaires diverses.<\/p>\n<p>&nbsp;<\/p>\n<p class=\"auto-style1\" style=\"text-align: left;\">Chez soi, dans un appartement en\u00a0<strong>location<\/strong>, ou dans un studio, chacun doit laver et repasser toutes les semaines aussi bien les draps du lit que les serviettes de bain ; alors que chez nous, le service de changement hebdomadaire du linge &#8211; de bain et de chambre &#8211; est \u00e0 la charge de la r\u00e9sidence et est inclus dans le prix. De plus, notre r\u00e9sidence s\u2019occupe du m\u00e9nage de la chambre en\u00a0<strong>location<\/strong>\u00a0toutes les semaines.<\/p>\n<p>[\/vc_column_text][vc_empty_space height=\u00a0\u00bb65px\u00a0\u00bb][vc_empty_space height=\u00a0\u00bb45px\u00a0\u00bb][\/vc_column][\/vc_row][vc_row row_type=\u00a0\u00bbparallax\u00a0\u00bb parallax_content_width=\u00a0\u00bbin_grid\u00a0\u00bb text_align=\u00a0\u00bbcenter\u00a0\u00bb background_image=\u00a0\u00bb15986&Prime; full_screen_section_height=\u00a0\u00bbno\u00a0\u00bb section_height=\u00a0\u00bb400&Prime;][vc_column][\/vc_column][\/vc_row][vc_row row_type=\u00a0\u00bbrow\u00a0\u00bb use_row_as_full_screen_section=\u00a0\u00bbno\u00a0\u00bb type=\u00a0\u00bbfull_width\u00a0\u00bb angled_section=\u00a0\u00bbno\u00a0\u00bb text_align=\u00a0\u00bbleft\u00a0\u00bb background_image_as_pattern=\u00a0\u00bbwithout_pattern\u00a0\u00bb css_animation=\u00a0\u00bb\u00a0\u00bb][vc_column][vc_separator type=\u00a0\u00bbnormal\u00a0\u00bb up=\u00a0\u00bb0&Prime; down=\u00a0\u00bb0&Prime;][\/vc_column][\/vc_row][vc_row row_type=\u00a0\u00bbrow\u00a0\u00bb use_row_as_full_screen_section=\u00a0\u00bbno\u00a0\u00bb type=\u00a0\u00bbgrid\u00a0\u00bb angled_section=\u00a0\u00bbno\u00a0\u00bb text_align=\u00a0\u00bbleft\u00a0\u00bb background_image_as_pattern=\u00a0\u00bbwithout_pattern\u00a0\u00bb background_color=\u00a0\u00bb#ffffff\u00a0\u00bb padding_top=\u00a0\u00bb80&Prime; css_animation=\u00a0\u00bb\u00a0\u00bb el_class=\u00a0\u00bbteam_hover_color\u00a0\u00bb][vc_column][vc_separator type=\u00a0\u00bbtransparent\u00a0\u00bb up=\u00a0\u00bb20&Prime; down=\u00a0\u00bb0&Prime;][vc_column_text]<\/p>\n<p class=\"auto-style1\" style=\"text-align: left;\">D\u2019autre part, \u00e0 l\u2019int\u00e9rieur de la structure, des distributeurs automatiques de sandwichs, de boissons sans alcool, de caf\u00e9s et d\u2019en-cas sont pr\u00e9sents; ces derniers sont utiles pour se restaurer lorsque l\u2019on rentre tard le soir ou que l\u2019on sort t\u00f4t le matin.<\/p>\n<p>&nbsp;<\/p>\n<p class=\"auto-style1\" style=\"text-align: left;\">Il ne faut pas sous-estimer non plus la salle de sport enti\u00e8rement \u00e9quip\u00e9e de machines Tecnogym, leader dans le secteur; lesquelles sont disponibles sans aucune limite pour nos locataires en\u00a0<strong>location<\/strong>\u00a0dans la r\u00e9sidence.<\/p>\n<p>&nbsp;<\/p>\n<p class=\"auto-style1\" style=\"text-align: left;\">Tr\u00e8s souvent, les personnes qui voyagent pour des raisons de travail n\u2019ont pas le temps ou l\u2019envie de cuisiner pour elles quand elles vivent dans un appartement en\u00a0<strong>location<\/strong>\u00a0\u00e0 Lugano.C\u2019est pourquoi, notre r\u00e9sidence a \u00e9tabli des conventions avec quelques restaurants se trouvant dans les environs proches, pour les personnes qui souhaitent b\u00e9n\u00e9ficier du service d\u00eener\/restaurant \u00e0 bas prix, comme suit:<\/p>\n<p>&nbsp;<\/p>\n<p style=\"text-align: left;\"><strong><span class=\"auto-style1\">Ristorante La Lanchetta<\/span><\/strong>:<\/p>\n<p class=\"auto-style2\" style=\"text-align: left;\">Viale Castagnola, 16 &#8211; 6900 Lugano<\/p>\n<p class=\"auto-style1\" style=\"text-align: left;\"><strong>20 FRS\/personne, DINER OU DEJEUNER\u00a0<\/strong>, boissons exclues.<\/p>\n<p class=\"auto-style1\" style=\"text-align: left;\"><strong>Hotel Lido Seegarten<\/strong>:<\/p>\n<p class=\"auto-style2\" style=\"text-align: left;\">Viale Castagnola, 22 &#8211; 6900 Lugano<\/p>\n<p class=\"auto-style1\" style=\"text-align: left;\"><strong>40 FRS\/personne, PLAT PRINCIPAL DINER ET DESSERT\u00a0<\/strong>(extrait du menu du soir), en plus des boissons.<\/p>\n<p class=\"auto-style1\" style=\"text-align: left;\">60 FRS\/personne, MENU DINER COMPLET, en plus des boissons.<\/p>\n<p class=\"auto-style1\" style=\"text-align: left;\">De plus, ce restaurant propose la nouveaut\u00e9 des \u00ab\u00a0Flammkuchen \/ Pizzas alsaciennes\u00a0\u00bb. Il s\u2019agit d\u2019une proposition gourmande, simple,\u00a0<strong>\u00e0 partir de 12 FRS seulement, pouvant aller jusqu\u2019\u00e0 16 FRS maximum.<\/strong><\/p>\n<p>&nbsp;<\/p>\n<p class=\"auto-style1\" style=\"text-align: left;\">Il ne faut pas non plus sous-estimer la position centrale de notre r\u00e9sidence, gr\u00e2ce \u00e0 laquelle vous pouvez vous rendre en quelques minutes de marche \u00e0 peine dans le centre-ville, vous permettant ainsi d\u2019\u00e9conomiser du temps et des co\u00fbts de transport ou de parking.<\/p>\n<p>&nbsp;<\/p>\n<p class=\"auto-style1\" style=\"text-align: left;\">Au final, si vous consid\u00e9rez tous ces \u00e9l\u00e9ments pris dans leur ensemble, probablement m\u00eame juste d\u2019un point de vue \u00e9conomique, il est bien plus avantageux pour les gens qui cherchent une <strong>location<\/strong>\u00a0\u00e0 Lugano, de s\u2019installer dans notre r\u00e9sidence plut\u00f4t que de s\u2019engager sur du long terme avec des co\u00fbts suppl\u00e9mentaires impr\u00e9visibles, et de payer la\u00a0<strong>location<\/strong>\u00a0d\u2019un v\u00e9ritable appartement.<\/p>\n<p>[\/vc_column_text][vc_separator type=\u00a0\u00bbtransparent\u00a0\u00bb up=\u00a0\u00bb65&Prime; down=\u00a0\u00bb0&Prime;][vc_row_inner row_type=\u00a0\u00bbrow\u00a0\u00bb type=\u00a0\u00bbfull_width\u00a0\u00bb text_align=\u00a0\u00bbleft\u00a0\u00bb css_animation=\u00a0\u00bb\u00a0\u00bb][vc_column_inner width=\u00a0\u00bb1\/4&Prime;][vc_single_image image=\u00a0\u00bb16875&Prime; img_size=\u00a0\u00bbfull\u00a0\u00bb alignment=\u00a0\u00bbcenter\u00a0\u00bb qode_css_animation=\u00a0\u00bb\u00a0\u00bb][vc_column_text]<\/p>\n<p style=\"text-align: center;\">affitto lugano<\/p>\n<p>[\/vc_column_text][\/vc_column_inner][vc_column_inner width=\u00a0\u00bb1\/4&Prime;][vc_single_image image=\u00a0\u00bb16872&Prime; img_size=\u00a0\u00bbfull\u00a0\u00bb alignment=\u00a0\u00bbcenter\u00a0\u00bb qode_css_animation=\u00a0\u00bb\u00a0\u00bb][vc_column_text]<\/p>\n<p style=\"text-align: center;\">appartamenti in affitto<\/p>\n<p>[\/vc_column_text][\/vc_column_inner][vc_column_inner width=\u00a0\u00bb1\/4&Prime;][vc_single_image image=\u00a0\u00bb16874&Prime; img_size=\u00a0\u00bbfull\u00a0\u00bb alignment=\u00a0\u00bbcenter\u00a0\u00bb qode_css_animation=\u00a0\u00bb\u00a0\u00bb][vc_column_text]<\/p>\n<p style=\"text-align: center;\">in affitto a lugano<\/p>\n<p>[\/vc_column_text][\/vc_column_inner][vc_column_inner width=\u00a0\u00bb1\/4&Prime;][vc_single_image image=\u00a0\u00bb16873&Prime; img_size=\u00a0\u00bbfull\u00a0\u00bb alignment=\u00a0\u00bbcenter\u00a0\u00bb qode_css_animation=\u00a0\u00bb\u00a0\u00bb][vc_column_text]<\/p>\n<p style=\"text-align: center;\">appartamenti affitto vivere\u00a0ticino vivere lavorare<\/p>\n<p>[\/vc_column_text][\/vc_column_inner][\/vc_row_inner][vc_empty_space height=\u00a0\u00bb45px\u00a0\u00bb][vc_empty_space height=\u00a0\u00bb65px\u00a0\u00bb][\/vc_column][\/vc_row]<\/p>\n","protected":false},"excerpt":{"rendered":"<p>[vc_row row_type=\u00a0\u00bbrow\u00a0\u00bb use_row_as_full_screen_section=\u00a0\u00bbno\u00a0\u00bb type=\u00a0\u00bbgrid\u00a0\u00bb angled_section=\u00a0\u00bbno\u00a0\u00bb text_align=\u00a0\u00bbcenter\u00a0\u00bb background_image_as_pattern=\u00a0\u00bbwithout_pattern\u00a0\u00bb background_color=\u00a0\u00bb#ffffff\u00a0\u00bb css_animation=\u00a0\u00bb\u00a0\u00bb][vc_column][vc_empty_space height=\u00a0\u00bb45px\u00a0\u00bb][vc_column_text] Location \u00e0 Lugano dans la r\u00e9sidence \u00ab\u00a0La Residenza\u00a0\u00bb [\/vc_column_text][vc_separator type=\u00a0\u00bbtransparent\u00a0\u00bb up=\u00a0\u00bb20&Prime; down=\u00a0\u00bb0&Prime;][vc_column_text] Pourquoi nous choisir? [\/vc_column_text][vc_separator type=\u00a0\u00bbtransparent\u00a0\u00bb up=\u00a0\u00bb20&Prime; down=\u00a0\u00bb0&Prime;][vc_column_text] Le choix de l\u2019utilisation de notre r\u00e9sidence est un choix strat\u00e9gique, surtout pour les personnes qui&#8230;<\/p>\n","protected":false},"author":1,"featured_media":0,"parent":0,"menu_order":0,"comment_status":"closed","ping_status":"closed","template":"full_width.php","meta":[],"_links":{"self":[{"href":"https:\/\/www.affittolugano.ch\/fr\/wp-json\/wp\/v2\/pages\/16684"}],"collection":[{"href":"https:\/\/www.affittolugano.ch\/fr\/wp-json\/wp\/v2\/pages"}],"about":[{"href":"https:\/\/www.affittolugano.ch\/fr\/wp-json\/wp\/v2\/types\/page"}],"author":[{"embeddable":true,"href":"https:\/\/www.affittolugano.ch\/fr\/wp-json\/wp\/v2\/users\/1"}],"replies":[{"embeddable":true,"href":"https:\/\/www.affittolugano.ch\/fr\/wp-json\/wp\/v2\/comments?post=16684"}],"version-history":[{"count":0,"href":"https:\/\/www.affittolugano.ch\/fr\/wp-json\/wp\/v2\/pages\/16684\/revisions"}],"wp:attachment":[{"href":"https:\/\/www.affittolugano.ch\/fr\/wp-json\/wp\/v2\/media?parent=16684"}],"curies":[{"name":"wp","href":"https:\/\/api.w.org\/{rel}","templated":true}]}}