{"id":17630,"date":"2016-06-10T16:54:46","date_gmt":"2016-06-10T14:54:46","guid":{"rendered":"http:\/\/www.affittolugano.ch\/wp\/?page_id=17630"},"modified":"2016-08-04T18:37:12","modified_gmt":"2016-08-04T16:37:12","slug":"avertissement","status":"publish","type":"page","link":"https:\/\/www.affittolugano.ch\/fr\/avertissement\/","title":{"rendered":"Avertissement"},"content":{"rendered":"<p>[vc_row row_type=\u00a0\u00bbrow\u00a0\u00bb use_row_as_full_screen_section=\u00a0\u00bbno\u00a0\u00bb type=\u00a0\u00bbgrid\u00a0\u00bb angled_section=\u00a0\u00bbno\u00a0\u00bb text_align=\u00a0\u00bbleft\u00a0\u00bb background_image_as_pattern=\u00a0\u00bbwithout_pattern\u00a0\u00bb css_animation=\u00a0\u00bb\u00a0\u00bb][vc_column][vc_empty_space height=\u00a0\u00bb45px\u00a0\u00bb][vc_column_text]<\/p>\n<h2 style=\"text-align: center;\">Appartements h\u00f4tel \u00e0 Lugano &#8211; Tessin &#8211; Suisse &#8211; Avertissement<\/h2>\n<p>[\/vc_column_text][vc_empty_space height=\u00a0\u00bb22px\u00a0\u00bb][vc_column_text]<\/p>\n<h2>Libert\u00e9s et traitement des donn\u00e9es personnelles<\/h2>\n<h6>Information selon l&rsquo;art.13 du d\u00e9cret l\u00e9gislatif n.196\/03 et modifications successives<\/h6>\n<p>Aucun traitement des donn\u00e9es personnelles n&rsquo;est effectu\u00e9 sur la base des acc\u00e8s aux pages de ce site.<\/p>\n<p>Les courriers \u00e9lectroniques re\u00e7us seront par contre archiv\u00e9s par informatique et prot\u00e9g\u00e9s par des mots de passe, des pare-feux et des antivirus constamment mis \u00e0 jour mais l&rsquo;exp\u00e9diteur a toujours la possibilit\u00e9 d&rsquo;exercer ses droits pr\u00e9vus par le d\u00e9cret l\u00e9gislatif 30.6.2003 n. 196 et en particulier de savoir quelles donn\u00e9es ont \u00e9t\u00e9 archiv\u00e9es et d&rsquo;obtenir la modification ou l&rsquo;annulation de ces donn\u00e9es.<\/p>\n<p>Les donn\u00e9es sensibles des usagers ne seront pas divulgu\u00e9es \u00e0 d&rsquo;autres soci\u00e9t\u00e9s ni publi\u00e9es ou c\u00e9d\u00e9es \u00e0 des tiers, sauf sur autorisation des personnes concern\u00e9es.<\/p>\n<p>Le responsable du traitement des donn\u00e9es est \u00ab\u00a0La Residenza\u00a0\u00bb &#8211; Piazza della Riscossa, 16 &#8211; 6900 Lugano &#8211; CH[\/vc_column_text][vc_empty_space height=\u00a0\u00bb45px\u00a0\u00bb][vc_column_text]<\/p>\n<h2>Google Analytics<\/h2>\n<h6>Informations relatives au monitorage des acc\u00e8s au site<\/h6>\n<p>Ce site web utilise Google Analytics, un service d&rsquo;analyse web fourni par Google, Inc. (\u00ab\u00a0Google\u00a0\u00bb).<\/p>\n<p>Google Analytics utilise des \u00ab\u00a0cookies\u00a0\u00bb; des fichiers de texte qui sont d\u00e9pos\u00e9s sur votre ordinateur pour permettre au site web d&rsquo;analyser la fa\u00e7on dont les usagers l&rsquo;utilisent.<\/p>\n<p>Les informations concernant l&rsquo;utilisation du site (y compris votre adresse IP) produites par le cookie seront transmises et d\u00e9pos\u00e9es sur les serveurs de Google aux Etats-Unis.<\/p>\n<p>Google les utilisera dans le but de d\u00e9finir et d&rsquo;observer la fa\u00e7on dont vous utilisez le site web, d&rsquo;\u00e9tablir des compte-rendu au sujet des activit\u00e9s du site destin\u00e9s aux op\u00e9rateurs du site web et de fournir d&rsquo;autres services relatifs aux activit\u00e9s du site et \u00e0 l&rsquo;utilisation d&rsquo;Internet.<\/p>\n<p>Google peut \u00e9galement communiquer ces informations \u00e0 des tiers comme la loi l&rsquo;impose ou \u00e0 des tiers qui traitent les informations communiqu\u00e9es pour le compte de Google.<\/p>\n<p>Google n&rsquo;associera pas votre adresse IP \u00e0 aucune autre donn\u00e9e en sa possession.<\/p>\n<p>Vous pouvez refuser d&rsquo;utiliser les cookies en s\u00e9lectionnant la fonction appropri\u00e9e sur votre navigateur web, mais cela pourrait vous emp\u00eacher d&rsquo;utiliser toutes les fonctionnalit\u00e9s de ce site web.<\/p>\n<p>En navigant sur ce site web, vous autorisez Google au traitement des donn\u00e9es avec les modalit\u00e9s et aux fins indiqu\u00e9es ci-dessous.[\/vc_column_text][vc_empty_space height=\u00a0\u00bb45px\u00a0\u00bb][vc_column_text]<\/p>\n<h2>Avertissement<\/h2>\n<p>Les informations qui figurent sur ce site web ont \u00e9t\u00e9 \u00e9labor\u00e9es avec le maximum d\u2019attention. Toutefois, nous ne sommes pas responsables des erreurs ou des impr\u00e9cisions \u00e9ventuelles.[\/vc_column_text][vc_empty_space height=\u00a0\u00bb65px\u00a0\u00bb][vc_column_text]<\/p>\n<p style=\"text-align: center;\"><strong>Notre secr\u00e9taire parle italien, allemand, anglais et fran\u00e7ais, couramment.<\/strong><\/p>\n<p>[\/vc_column_text][\/vc_column][\/vc_row]<\/p>\n","protected":false},"excerpt":{"rendered":"<p>[vc_row row_type=\u00a0\u00bbrow\u00a0\u00bb use_row_as_full_screen_section=\u00a0\u00bbno\u00a0\u00bb type=\u00a0\u00bbgrid\u00a0\u00bb angled_section=\u00a0\u00bbno\u00a0\u00bb text_align=\u00a0\u00bbleft\u00a0\u00bb background_image_as_pattern=\u00a0\u00bbwithout_pattern\u00a0\u00bb css_animation=\u00a0\u00bb\u00a0\u00bb][vc_column][vc_empty_space height=\u00a0\u00bb45px\u00a0\u00bb][vc_column_text] Appartements h\u00f4tel \u00e0 Lugano &#8211; Tessin &#8211; Suisse &#8211; Avertissement [\/vc_column_text][vc_empty_space height=\u00a0\u00bb22px\u00a0\u00bb][vc_column_text] Libert\u00e9s et traitement des donn\u00e9es personnelles Information selon l&rsquo;art.13 du d\u00e9cret l\u00e9gislatif n.196\/03 et modifications successives Aucun traitement des donn\u00e9es personnelles n&rsquo;est effectu\u00e9 sur&#8230;<\/p>\n","protected":false},"author":1,"featured_media":0,"parent":0,"menu_order":0,"comment_status":"closed","ping_status":"closed","template":"full_width.php","meta":[],"_links":{"self":[{"href":"https:\/\/www.affittolugano.ch\/fr\/wp-json\/wp\/v2\/pages\/17630"}],"collection":[{"href":"https:\/\/www.affittolugano.ch\/fr\/wp-json\/wp\/v2\/pages"}],"about":[{"href":"https:\/\/www.affittolugano.ch\/fr\/wp-json\/wp\/v2\/types\/page"}],"author":[{"embeddable":true,"href":"https:\/\/www.affittolugano.ch\/fr\/wp-json\/wp\/v2\/users\/1"}],"replies":[{"embeddable":true,"href":"https:\/\/www.affittolugano.ch\/fr\/wp-json\/wp\/v2\/comments?post=17630"}],"version-history":[{"count":0,"href":"https:\/\/www.affittolugano.ch\/fr\/wp-json\/wp\/v2\/pages\/17630\/revisions"}],"wp:attachment":[{"href":"https:\/\/www.affittolugano.ch\/fr\/wp-json\/wp\/v2\/media?parent=17630"}],"curies":[{"name":"wp","href":"https:\/\/api.w.org\/{rel}","templated":true}]}}