{"id":18961,"date":"2016-07-05T22:25:28","date_gmt":"2016-07-05T20:25:28","guid":{"rendered":"http:\/\/www.affittolugano.ch\/fr\/?page_id=18961"},"modified":"2020-08-11T11:17:50","modified_gmt":"2020-08-11T09:17:50","slug":"fr-home","status":"publish","type":"page","link":"https:\/\/www.affittolugano.ch\/fr\/","title":{"rendered":"fr-home"},"content":{"rendered":"<p>[vc_row css_animation=\u00a0\u00bb\u00a0\u00bb row_type=\u00a0\u00bbrow\u00a0\u00bb use_row_as_full_screen_section=\u00a0\u00bbno\u00a0\u00bb type=\u00a0\u00bbfull_width\u00a0\u00bb angled_section=\u00a0\u00bbno\u00a0\u00bb text_align=\u00a0\u00bbleft\u00a0\u00bb background_image_as_pattern=\u00a0\u00bbwithout_pattern\u00a0\u00bb][vc_column][vc_separator type=\u00a0\u00bbnormal\u00a0\u00bb up=\u00a0\u00bb0&Prime;][\/vc_column][\/vc_row][vc_row css_animation=\u00a0\u00bbelement_from_fade\u00a0\u00bb row_type=\u00a0\u00bbrow\u00a0\u00bb use_row_as_full_screen_section=\u00a0\u00bbno\u00a0\u00bb type=\u00a0\u00bbgrid\u00a0\u00bb angled_section=\u00a0\u00bbno\u00a0\u00bb text_align=\u00a0\u00bbleft\u00a0\u00bb background_image_as_pattern=\u00a0\u00bbwithout_pattern\u00a0\u00bb background_color=\u00a0\u00bb#ffffff\u00a0\u00bb transition_delay=\u00a0\u00bb0.3&Prime;][vc_column][vc_empty_space height=\u00a0\u00bb45px\u00a0\u00bb][vc_row_inner row_type=\u00a0\u00bbrow\u00a0\u00bb type=\u00a0\u00bbfull_width\u00a0\u00bb text_align=\u00a0\u00bbcenter\u00a0\u00bb css_animation=\u00a0\u00bb\u00a0\u00bb][vc_column_inner width=\u00a0\u00bb1\/2&Prime;][vc_empty_space height=\u00a0\u00bb62px\u00a0\u00bb][vc_column_text]<\/p>\n<h1 style=\"text-align: center;\">\u00ab\u00a0Appartements h\u00f4tel \u00ab\u00a0La Residenza\u00a0\u00bb Lugano<\/h1>\n<p>&nbsp;<\/p>\n<h2 style=\"text-align: center;\">Appartements h\u00f4tel \u00ab\u00a0La Residenza\u00a0\u00bb &#8211; 16, Place de la Riscossa &#8211; Lugano &#8211; CH<\/h2>\n<p>&nbsp;<\/p>\n<p style=\"text-align: center;\">Location d&rsquo;appartements h\u00f4tel \u00e0 Lugano &#8211; Canton du Tessin &#8211; Suisse<\/p>\n<p>[\/vc_column_text][vc_empty_space height=\u00a0\u00bb45px\u00a0\u00bb][\/vc_column_inner][vc_column_inner width=\u00a0\u00bb1\/2&Prime;][vc_empty_space height=\u00a0\u00bb50px\u00a0\u00bb][vc_raw_html]JTNDaWZyYW1lJTIwd2lkdGglM0QlMjI2NDAlMjIlMjBoZWlnaHQlM0QlMjIzNjAlMjIlMjBhbHQlM0QlMjJhcHBhcnRhbWVudGklMjBpbiUyMGFmZml0dG8lMjBhJTIwbHVnYW5vJTIyJTIwc3JjJTNEJTIyaHR0cHMlM0ElMkYlMkZ3d3cueW91dHViZS5jb20lMkZlbWJlZCUyRkMxR2lSa0hsdFhvJTNGcmVsJTNEMCUyMiUyMGZyYW1lYm9yZGVyJTNEJTIyMCUyMiUyMGFsbG93ZnVsbHNjcmVlbiUzRSUzQyUyRmlmcmFtZSUzRQ==[\/vc_raw_html][\/vc_column_inner][\/vc_row_inner][vc_empty_space height=\u00a0\u00bb65px\u00a0\u00bb][\/vc_column][\/vc_row][vc_row css_animation=\u00a0\u00bb\u00a0\u00bb row_type=\u00a0\u00bbrow\u00a0\u00bb use_row_as_full_screen_section=\u00a0\u00bbno\u00a0\u00bb type=\u00a0\u00bbgrid\u00a0\u00bb angled_section=\u00a0\u00bbno\u00a0\u00bb text_align=\u00a0\u00bbleft\u00a0\u00bb background_image_as_pattern=\u00a0\u00bbwithout_pattern\u00a0\u00bb background_color=\u00a0\u00bb#f8f8f8&Prime;][vc_column][vc_row_inner row_type=\u00a0\u00bbrow\u00a0\u00bb type=\u00a0\u00bbgrid\u00a0\u00bb text_align=\u00a0\u00bbleft\u00a0\u00bb padding_top=\u00a0\u00bb40&Prime; padding_bottom=\u00a0\u00bb15&Prime; css_animation=\u00a0\u00bb\u00a0\u00bb][vc_column_inner][vc_empty_space][vc_column_text]<\/p>\n<h2 style=\"text-align: center;\">Appartements h\u00f4tel \u00e0 Lugano<\/h2>\n<p>[\/vc_column_text][vc_separator type=\u00a0\u00bbtransparent\u00a0\u00bb up=\u00a0\u00bb20&Prime; down=\u00a0\u00bb0&Prime;][vc_column_text]<\/p>\n<h4 style=\"text-align: center;\">A Lugano, la meilleure chose \u00e0 faire est de louer un appartement h\u00f4tel \u00e0 La Residenza plut\u00f4t que tout autre appartement.<\/h4>\n<p>[\/vc_column_text][vc_separator type=\u00a0\u00bbtransparent\u00a0\u00bb up=\u00a0\u00bb30&Prime; down=\u00a0\u00bb0&Prime;][vc_single_image image=\u00a0\u00bb16852&Prime; img_size=\u00a0\u00bbfull\u00a0\u00bb alignment=\u00a0\u00bbcenter\u00a0\u00bb qode_css_animation=\u00a0\u00bb\u00a0\u00bb][vc_separator type=\u00a0\u00bbtransparent\u00a0\u00bb up=\u00a0\u00bb30&Prime; down=\u00a0\u00bb0&Prime;][vc_column_text]<\/p>\n<p style=\"text-align: left;\">Les nombreux avantages que comporte la location d&rsquo;un appartement h\u00f4tel \u00e0 La Residenza sont illustr\u00e9s en d\u00e9tail sur les pages de notre site.<\/p>\n<p>&nbsp;<\/p>\n<p style=\"text-align: left;\">Commen\u00e7ons par r\u00e9sumer les principaux atouts de la solution \u00ab\u00a0location temporaire\u00a0\u00bb que vous propose la Direction des appartements h\u00f4tel La Residenza de Lugano.<\/p>\n<p>&nbsp;<\/p>\n<p style=\"text-align: left;\">Lorsque vous d\u00e9cidez de louer un studio, vous \u00eates bien conscients qu&rsquo;en plus du loyer et du contrat de location dont la dur\u00e9e est souvent trop longue pour vos besoins, vous avez d&rsquo;autres frais et d&rsquo;autres obligations souvent impr\u00e9visibles \u00e0 la signature du contrat de location: les factures de gaz et d&rsquo;\u00e9lectricit\u00e9 par exemple, les charges de copropri\u00e9t\u00e9, le linge \u00e0 changer, sans compter les autres probl\u00e8mes r\u00e9currents que connaissent les personnes qui vivent en appartement. Apr\u00e8s avoir fait le calcul, la conclusion s&rsquo;impose: le loyer ne repr\u00e9sente que la moiti\u00e9 des frais que vous devez r\u00e9ellement payer.<\/p>\n<p>[\/vc_column_text][\/vc_column_inner][\/vc_row_inner][vc_separator type=\u00a0\u00bbtransparent\u00a0\u00bb up=\u00a0\u00bb30&Prime; down=\u00a0\u00bb0&Prime;][vc_single_image image=\u00a0\u00bb16853&Prime; img_size=\u00a0\u00bbfull\u00a0\u00bb alignment=\u00a0\u00bbcenter\u00a0\u00bb qode_css_animation=\u00a0\u00bb\u00a0\u00bb][vc_separator type=\u00a0\u00bbtransparent\u00a0\u00bb up=\u00a0\u00bb30&Prime; down=\u00a0\u00bb0&Prime;][vc_column_text]<\/p>\n<p style=\"text-align: left;\">Par contre, gr\u00e2ce \u00e0 la location d&rsquo;un appartement h\u00f4tel \u00e0 La Residenza vous b\u00e9n\u00e9ficiez d&rsquo;une chambre confortable avec salle de bain et si besoin est, d&rsquo;un coin-cuisson qui vous permet d&rsquo;\u00eatre autonome pour le d\u00e9jeuner ou le d\u00eener. Vous b\u00e9n\u00e9ficiez \u00e9galement de la pr\u00e9sence d&rsquo;un gardien. Le linge est chang\u00e9 et le nettoyage est fait avec le maximum de discr\u00e9tion. A La Residenza, nous respectons votre vie priv\u00e9e et notre pr\u00e9sence est toujours discr\u00e8te. Les appartements disposent aussi de la t\u00e9l\u00e9 satellitaire avec 30 cha\u00eenes.<\/p>\n<p style=\"text-align: left;\">Gr\u00e2ce \u00e0 la location d&rsquo;un appartement h\u00f4tel La Residenza de Lugano, vous logez \u00e0 deux pas du lac et du centre-ville. En quelques minutes en effet, vous \u00eates au c\u0153ur de la vie de Lugano; une vie qui bat son plein de jour comme de nuit. Dans un rayon de 100 m\u00e8tres autour des appartements h\u00f4tel, vous trouverez diff\u00e9rents bars, caf\u00e9s, restaurants, brasseries typiques, supermarch\u00e9s et boutiques \u00e9l\u00e9gantes.<\/p>\n<p>[\/vc_column_text][vc_separator type=\u00a0\u00bbtransparent\u00a0\u00bb up=\u00a0\u00bb30&Prime; down=\u00a0\u00bb0&Prime;][vc_single_image image=\u00a0\u00bb16855&Prime; img_size=\u00a0\u00bbfull\u00a0\u00bb alignment=\u00a0\u00bbcenter\u00a0\u00bb qode_css_animation=\u00a0\u00bb\u00a0\u00bb][vc_separator type=\u00a0\u00bbtransparent\u00a0\u00bb up=\u00a0\u00bb15&Prime; down=\u00a0\u00bb0&Prime;][vc_column_text]<\/p>\n<p style=\"text-align: left;\">La Residenza sert le petit-d\u00e9jeuner tous les matins des jours ouvrables. Notre \u00e9tablissement dispose de 37 chambres dont la majeure partie a r\u00e9cemment \u00e9t\u00e9 \u00e9quip\u00e9e d&rsquo;un coin-cuisson. Nous sommes \u00e9galement en train d&rsquo;installer la connexion ADSL dans toutes les chambres. Les pi\u00e8ces situ\u00e9es au nord-est de la structure offrent une vue magnifique sur le lac de Lugano. Des petits lits pour les jeunes enfants sont \u00e0 votre disposition. Sur autorisation de la direction, les animaux domestiques sont admis dans les chambres.<\/p>\n<p>[\/vc_column_text][vc_separator type=\u00a0\u00bbtransparent\u00a0\u00bb up=\u00a0\u00bb30&Prime; down=\u00a0\u00bb0&Prime;][vc_empty_space height=\u00a0\u00bb55px\u00a0\u00bb][\/vc_column][\/vc_row][vc_row row_type=\u00a0\u00bbparallax\u00a0\u00bb parallax_content_width=\u00a0\u00bbin_grid\u00a0\u00bb text_align=\u00a0\u00bbcenter\u00a0\u00bb background_image=\u00a0\u00bb22172&Prime; full_screen_section_height=\u00a0\u00bbno\u00a0\u00bb section_height=\u00a0\u00bb400&Prime;][vc_column][\/vc_column][\/vc_row][vc_row css_animation=\u00a0\u00bb\u00a0\u00bb row_type=\u00a0\u00bbrow\u00a0\u00bb use_row_as_full_screen_section=\u00a0\u00bbno\u00a0\u00bb type=\u00a0\u00bbfull_width\u00a0\u00bb angled_section=\u00a0\u00bbno\u00a0\u00bb text_align=\u00a0\u00bbleft\u00a0\u00bb background_image_as_pattern=\u00a0\u00bbwithout_pattern\u00a0\u00bb][vc_column][vc_separator type=\u00a0\u00bbnormal\u00a0\u00bb up=\u00a0\u00bb0&Prime;][\/vc_column][\/vc_row][vc_row css_animation=\u00a0\u00bb\u00a0\u00bb row_type=\u00a0\u00bbrow\u00a0\u00bb use_row_as_full_screen_section=\u00a0\u00bbno\u00a0\u00bb type=\u00a0\u00bbgrid\u00a0\u00bb angled_section=\u00a0\u00bbno\u00a0\u00bb text_align=\u00a0\u00bbleft\u00a0\u00bb background_image_as_pattern=\u00a0\u00bbwithout_pattern\u00a0\u00bb background_color=\u00a0\u00bb#f8f8f8&Prime; padding_bottom=\u00a0\u00bb65&Prime; css=\u00a0\u00bb.vc_custom_1456163141266{background-color: #ffffff !important;}\u00a0\u00bb][vc_column][vc_empty_space][vc_row_inner row_type=\u00a0\u00bbrow\u00a0\u00bb type=\u00a0\u00bbfull_width\u00a0\u00bb text_align=\u00a0\u00bbleft\u00a0\u00bb padding_top=\u00a0\u00bb50&Prime; padding_bottom=\u00a0\u00bb30&Prime; css_animation=\u00a0\u00bb\u00a0\u00bb][vc_column_inner][vc_column_text]<\/p>\n<h2 style=\"text-align: center;\">P\u00e9riode minimum de location d&rsquo;un appartement h\u00f4tel \u00e0 Lugano<\/h2>\n<p>[\/vc_column_text][\/vc_column_inner][\/vc_row_inner][vc_column_text]<\/p>\n<p style=\"text-align: left;\">La p\u00e9riode minimum de location d&rsquo;un appartement dans notre structure est habituellement de trois mois. Veuillez nous contacter en cas d&rsquo;exigences particuli\u00e8res; nous trouverons sans aucun doute une solution en mesure de satisfaire vos besoins. Nos tarifs sont tr\u00e8s avantageux.<\/p>\n<p>[\/vc_column_text][vc_empty_space][vc_empty_space][vc_column_text]<\/p>\n<h2 style=\"text-align: center;\">Les attraits de la vie \u00e0 Lugano<\/h2>\n<p>[\/vc_column_text][vc_empty_space height=\u00a0\u00bb20px\u00a0\u00bb][vc_column_text]<\/p>\n<p style=\"text-align: left;\">Les attraits de la vie luganaise s&rsquo;ajoutent aux nombreux privil\u00e8ges dont vous b\u00e9n\u00e9ficiez gr\u00e2ce \u00e0 la location d&rsquo;un appartement h\u00f4tel \u00e0 La Residenza. La ville offre en effet la possibilit\u00e9 d&rsquo;effectuer de magnifiques excursions comme par exemple celle de la voie ferr\u00e9e du Mont Generoso, celle du funiculaire qui m\u00e8ne au Mont Br\u00e8 (la r\u00e9sidence se trouve \u00e0 100 m. de la station du funiculaire) ou celle qui m\u00e8ne au sommet du Mont San Salvatore o\u00f9 vous jouirez d&rsquo;une vue spectaculaire sur le lac de Lugano et sur les Alpes suisses.<\/p>\n<p style=\"text-align: left;\">Pour de plus amples informations concernant les itin\u00e9raires des excursions au d\u00e9part de notre r\u00e9sidence et de Lugano, nous vous invitons \u00e0 consulter les diff\u00e9rentes pages de notre site.<\/p>\n<p>[\/vc_column_text][vc_empty_space][vc_empty_space height=\u00a0\u00bb45px\u00a0\u00bb][vc_empty_space height=\u00a0\u00bb65px\u00a0\u00bb][\/vc_column][\/vc_row]<\/p>\n","protected":false},"excerpt":{"rendered":"<p>[vc_row css_animation=\u00a0\u00bb\u00a0\u00bb row_type=\u00a0\u00bbrow\u00a0\u00bb use_row_as_full_screen_section=\u00a0\u00bbno\u00a0\u00bb type=\u00a0\u00bbfull_width\u00a0\u00bb angled_section=\u00a0\u00bbno\u00a0\u00bb text_align=\u00a0\u00bbleft\u00a0\u00bb background_image_as_pattern=\u00a0\u00bbwithout_pattern\u00a0\u00bb][vc_column][vc_separator type=\u00a0\u00bbnormal\u00a0\u00bb up=\u00a0\u00bb0&Prime;][\/vc_column][\/vc_row][vc_row css_animation=\u00a0\u00bbelement_from_fade\u00a0\u00bb row_type=\u00a0\u00bbrow\u00a0\u00bb use_row_as_full_screen_section=\u00a0\u00bbno\u00a0\u00bb type=\u00a0\u00bbgrid\u00a0\u00bb angled_section=\u00a0\u00bbno\u00a0\u00bb text_align=\u00a0\u00bbleft\u00a0\u00bb background_image_as_pattern=\u00a0\u00bbwithout_pattern\u00a0\u00bb background_color=\u00a0\u00bb#ffffff\u00a0\u00bb transition_delay=\u00a0\u00bb0.3&Prime;][vc_column][vc_empty_space height=\u00a0\u00bb45px\u00a0\u00bb][vc_row_inner row_type=\u00a0\u00bbrow\u00a0\u00bb type=\u00a0\u00bbfull_width\u00a0\u00bb text_align=\u00a0\u00bbcenter\u00a0\u00bb css_animation=\u00a0\u00bb\u00a0\u00bb][vc_column_inner width=\u00a0\u00bb1\/2&Prime;][vc_empty_space height=\u00a0\u00bb62px\u00a0\u00bb][vc_column_text] \u00ab\u00a0Appartements h\u00f4tel \u00ab\u00a0La Residenza\u00a0\u00bb Lugano &nbsp; Appartements h\u00f4tel \u00ab\u00a0La Residenza\u00a0\u00bb &#8211; 16, Place de la Riscossa &#8211; Lugano &#8211;&#8230;<\/p>\n","protected":false},"author":1,"featured_media":0,"parent":0,"menu_order":0,"comment_status":"closed","ping_status":"closed","template":"full_width.php","meta":[],"_links":{"self":[{"href":"https:\/\/www.affittolugano.ch\/fr\/wp-json\/wp\/v2\/pages\/18961"}],"collection":[{"href":"https:\/\/www.affittolugano.ch\/fr\/wp-json\/wp\/v2\/pages"}],"about":[{"href":"https:\/\/www.affittolugano.ch\/fr\/wp-json\/wp\/v2\/types\/page"}],"author":[{"embeddable":true,"href":"https:\/\/www.affittolugano.ch\/fr\/wp-json\/wp\/v2\/users\/1"}],"replies":[{"embeddable":true,"href":"https:\/\/www.affittolugano.ch\/fr\/wp-json\/wp\/v2\/comments?post=18961"}],"version-history":[{"count":2,"href":"https:\/\/www.affittolugano.ch\/fr\/wp-json\/wp\/v2\/pages\/18961\/revisions"}],"predecessor-version":[{"id":24353,"href":"https:\/\/www.affittolugano.ch\/fr\/wp-json\/wp\/v2\/pages\/18961\/revisions\/24353"}],"wp:attachment":[{"href":"https:\/\/www.affittolugano.ch\/fr\/wp-json\/wp\/v2\/media?parent=18961"}],"curies":[{"name":"wp","href":"https:\/\/api.w.org\/{rel}","templated":true}]}}